{"id":138024,"date":"2022-10-13T12:26:39","date_gmt":"2022-10-13T10:26:39","guid":{"rendered":"http:\/\/dev.claret.cat\/producte\/testament\/"},"modified":"2023-01-28T01:42:38","modified_gmt":"2023-01-28T00:42:38","slug":"testament-9788494917066","status":"publish","type":"product","link":"https:\/\/www.claret.cat\/es\/libro\/testament-9788494917066\/","title":{"rendered":"TESTAMENT"},"content":{"rendered":"<p>Un escriptor vell que veu com el temps se li escur\u00e7a entrega al seu ve\u00ed una s\u00e8rie de notes amb els plantejaments argumentals de les novel\u00b7les que ja no podr\u00e0 escriure. El jove intenta posar-hi ordre, tot reflexionant sobre les possibilitats de les hist\u00f2ries. Aix\u00ed passa a formar part, sense saber-ho, del proc\u00e9s d\u2019escriptura. Testament \u00e9s l\u2019obra m\u00e9s ambiciosa de Joaquim Carb\u00f3. Veiem com els seus dots innats d\u2019observaci\u00f3 i la seva passi\u00f3 desmesurada per la fabulaci\u00f3 es donen la m\u00e0 amb tota una polifonia de g\u00e8neres i estils, des del relat neorealista fins a la ucronia, des de la novel\u00b7la hist\u00f2rica fins al costumisme de barri tan grat a l\u2019autor, tot adobat amb una perspectiva plena de melancolia i nost\u00e0lgia.<\/p>\n","protected":false},"excerpt":{"rendered":"<p>CARB\u00d3, JOAQUIM<\/p>\n","protected":false},"featured_media":138025,"template":"","meta":{"_acf_changed":false,"om_disable_all_campaigns":false,"rs_blank_template":"","rs_page_bg_color":"","slide_template_v7":"","inline_featured_image":false,"_monsterinsights_skip_tracking":false,"_monsterinsights_sitenote_active":false,"_monsterinsights_sitenote_note":"","_monsterinsights_sitenote_category":0},"product_brand":[],"product_cat":[16],"product_tag":[],"class_list":{"0":"post-138024","1":"product","2":"type-product","3":"status-publish","4":"has-post-thumbnail","6":"product_cat-sense-categoria","8":"first","9":"instock","10":"taxable","11":"shipping-taxable","12":"purchasable","13":"product-type-simple"},"acf":{"editorial":[{"ID":6230,"post_author":"3","post_date":"2022-07-28 17:47:42","post_date_gmt":"2022-07-28 15:47:42","post_content":"","post_title":"Editorial Males Herbes","post_excerpt":"","post_status":"publish","comment_status":"closed","ping_status":"closed","post_password":"","post_name":"editorial-males-herbes","to_ping":"","pinged":"","post_modified":"2022-07-28 17:47:42","post_modified_gmt":"2022-07-28 15:47:42","post_content_filtered":"","post_parent":0,"guid":"http:\/\/dev.claret.cat\/editorial\/editorial-males-herbes\/","menu_order":0,"post_type":"editorial","post_mime_type":"","comment_count":"0","filter":"raw"}],"autor":"CARB\u00d3, JOAQUIM","codart":"849491706","libros-coleccion":"","ediciones":"1","encuadernacion":"R\u00fastica","fecha_de_publicacion":"01\/03\/2019","novedad":"1","paginas":"478","subtitulo":"LA VORERA","orden":"0","portada":"0","idioma":"cat","autores-libros":[{"ID":159492,"post_author":"3","post_date":"2022-10-14 15:45:17","post_date_gmt":"2022-10-14 13:45:17","post_content":"","post_title":"JOAQUIM CARB\u00d3","post_excerpt":"","post_status":"publish","comment_status":"closed","ping_status":"closed","post_password":"","post_name":"joaquim-carbo","to_ping":"","pinged":"","post_modified":"2022-10-14 15:45:17","post_modified_gmt":"2022-10-14 13:45:17","post_content_filtered":"","post_parent":0,"guid":"http:\/\/dev.claret.cat\/autor\/joaquim-carbo\/","menu_order":0,"post_type":"autor","post_mime_type":"","comment_count":"0","filter":"raw"}]},"aioseo_notices":[],"_links":{"self":[{"href":"https:\/\/www.claret.cat\/es\/wp-json\/wp\/v2\/product\/138024","targetHints":{"allow":["GET"]}}],"collection":[{"href":"https:\/\/www.claret.cat\/es\/wp-json\/wp\/v2\/product"}],"about":[{"href":"https:\/\/www.claret.cat\/es\/wp-json\/wp\/v2\/types\/product"}],"wp:featuredmedia":[{"embeddable":true,"href":"https:\/\/www.claret.cat\/es\/wp-json\/wp\/v2\/media\/138025"}],"wp:attachment":[{"href":"https:\/\/www.claret.cat\/es\/wp-json\/wp\/v2\/media?parent=138024"}],"wp:term":[{"taxonomy":"product_brand","embeddable":true,"href":"https:\/\/www.claret.cat\/es\/wp-json\/wp\/v2\/product_brand?post=138024"},{"taxonomy":"product_cat","embeddable":true,"href":"https:\/\/www.claret.cat\/es\/wp-json\/wp\/v2\/product_cat?post=138024"},{"taxonomy":"product_tag","embeddable":true,"href":"https:\/\/www.claret.cat\/es\/wp-json\/wp\/v2\/product_tag?post=138024"}],"curies":[{"name":"wp","href":"https:\/\/api.w.org\/{rel}","templated":true}]}}