{"id":138147,"date":"2022-10-13T12:28:34","date_gmt":"2022-10-13T10:28:34","guid":{"rendered":"http:\/\/dev.claret.cat\/producte\/los-mejores-chistes-para-reirte-de-tus-hermanos-super-chistes-9\/"},"modified":"2023-01-28T10:01:58","modified_gmt":"2023-01-28T09:01:58","slug":"los-mejores-chistes-para-reirte-de-tus-hermanos-super-chistes-9-9788417460709","status":"publish","type":"product","link":"https:\/\/www.claret.cat\/es\/libro\/los-mejores-chistes-para-reirte-de-tus-hermanos-super-chistes-9-9788417460709\/","title":{"rendered":"LOS MEJORES CHISTES PARA REIRTE DE TUS \u00a1HERMANOS! (S\u00daPER CHISTES 9)"},"content":{"rendered":"<p>\u00a1Prep\u00e1rate para troncharte de risa con los mejores chistes sobre los HERMANOS! A veces tener hermanos es un aut\u00e9ntico PALAZO: tienes que cuidarlos, juegan con tus cosas, te roban espacio en el sof\u00e1&#8230; Pero, tener un compinche con quien hacer burradas que vuelven locos a tus padres es LO MEJOR DEL MUNDO. Queda claro que re\u00edrte con tu hermano es divertido, \u00a1pero contar chistes sobre \u00e9l es para partirte de risa!<\/p>\n","protected":false},"excerpt":{"rendered":"<p>PLANA, PAU<\/p>\n","protected":false},"featured_media":138148,"template":"","meta":{"_acf_changed":false,"om_disable_all_campaigns":false,"rs_blank_template":"","rs_page_bg_color":"","slide_template_v7":"","inline_featured_image":false,"_monsterinsights_skip_tracking":false,"_monsterinsights_sitenote_active":false,"_monsterinsights_sitenote_note":"","_monsterinsights_sitenote_category":0},"product_brand":[],"product_cat":[86],"product_tag":[],"class_list":{"0":"post-138147","1":"product","2":"type-product","3":"status-publish","4":"has-post-thumbnail","6":"product_cat-infantil","8":"first","9":"instock","10":"taxable","11":"shipping-taxable","12":"purchasable","13":"product-type-simple"},"acf":{"editorial":[{"ID":6310,"post_author":"3","post_date":"2022-07-28 17:49:26","post_date_gmt":"2022-07-28 15:49:26","post_content":"","post_title":"MONTENA","post_excerpt":"","post_status":"publish","comment_status":"closed","ping_status":"closed","post_password":"","post_name":"montena","to_ping":"","pinged":"","post_modified":"2022-07-28 17:49:26","post_modified_gmt":"2022-07-28 15:49:26","post_content_filtered":"","post_parent":0,"guid":"http:\/\/dev.claret.cat\/editorial\/montena\/","menu_order":0,"post_type":"editorial","post_mime_type":"","comment_count":"0","filter":"raw"}],"autor":"PLANA, PAU","codart":"841746070","libros-coleccion":"S\u00faper Chistes","ediciones":"1","encuadernacion":"R\u00fastica","fecha_de_publicacion":"01\/03\/2019","novedad":"1","paginas":"177","subtitulo":"","orden":"0","portada":"0","idioma":"spa","autores-libros":[{"ID":166703,"post_author":"3","post_date":"2022-10-14 18:05:22","post_date_gmt":"2022-10-14 16:05:22","post_content":"","post_title":"PAU PLANA","post_excerpt":"","post_status":"publish","comment_status":"closed","ping_status":"closed","post_password":"","post_name":"pau-plana","to_ping":"","pinged":"","post_modified":"2022-10-14 18:05:22","post_modified_gmt":"2022-10-14 16:05:22","post_content_filtered":"","post_parent":0,"guid":"http:\/\/dev.claret.cat\/autor\/pau-plana\/","menu_order":0,"post_type":"autor","post_mime_type":"","comment_count":"0","filter":"raw"}]},"aioseo_notices":[],"_links":{"self":[{"href":"https:\/\/www.claret.cat\/es\/wp-json\/wp\/v2\/product\/138147","targetHints":{"allow":["GET"]}}],"collection":[{"href":"https:\/\/www.claret.cat\/es\/wp-json\/wp\/v2\/product"}],"about":[{"href":"https:\/\/www.claret.cat\/es\/wp-json\/wp\/v2\/types\/product"}],"wp:featuredmedia":[{"embeddable":true,"href":"https:\/\/www.claret.cat\/es\/wp-json\/wp\/v2\/media\/138148"}],"wp:attachment":[{"href":"https:\/\/www.claret.cat\/es\/wp-json\/wp\/v2\/media?parent=138147"}],"wp:term":[{"taxonomy":"product_brand","embeddable":true,"href":"https:\/\/www.claret.cat\/es\/wp-json\/wp\/v2\/product_brand?post=138147"},{"taxonomy":"product_cat","embeddable":true,"href":"https:\/\/www.claret.cat\/es\/wp-json\/wp\/v2\/product_cat?post=138147"},{"taxonomy":"product_tag","embeddable":true,"href":"https:\/\/www.claret.cat\/es\/wp-json\/wp\/v2\/product_tag?post=138147"}],"curies":[{"name":"wp","href":"https:\/\/api.w.org\/{rel}","templated":true}]}}