{"id":138153,"date":"2022-10-13T12:28:40","date_gmt":"2022-10-13T10:28:40","guid":{"rendered":"http:\/\/dev.claret.cat\/producte\/el-planeta-vacio\/"},"modified":"2023-01-28T11:31:39","modified_gmt":"2023-01-28T10:31:39","slug":"el-planeta-vacio-9788466665407","status":"publish","type":"product","link":"https:\/\/www.claret.cat\/es\/libro\/el-planeta-vacio-9788466665407\/","title":{"rendered":"EL PLANETA VAC\u00cdO"},"content":{"rendered":"<p>Bienvenidos a la ca\u00edda de la poblaci\u00f3n mundial. Durante medio siglo, muchos estadistas, pol\u00edticos, analistas y  estudiosos han alertado sobre una explosi\u00f3n demogr\u00e1fica que pondr\u00e1 en  jaque los recursos del planeta. Sin embargo, un creciente n\u00famero de  expertos tiene en el punto de mira otro motivo de alarma: en lugar de  aumentar exponencialmente, la poblaci\u00f3n mundial se encamina hacia un fuerte descenso que ya es evidente en muchos lugares. En El planeta vac\u00edo, los autores revelan c\u00f3mo esta ca\u00edda de la  poblaci\u00f3n traer\u00e1 consigo distintos beneficios: el riesgo de hambrunas  disminuir\u00e1, la situaci\u00f3n medioambiental mejorar\u00e1, menos trabajadores  exigir\u00e1n mejores salarios y unas tasas de natalidad m\u00e1s bajas representar\u00e1n mayores ingresos y autonom\u00eda para las mujeres. Pero no todo son buenas noticias. Ya podemos ver los efectos del  envejecimiento de la poblaci\u00f3n en Europa y algunos puntos de Asia,  y  c\u00f3mo la escasez de trabajadores debilita la econom\u00eda e impone unas exigencias desmesuradas en el campo de la salud p\u00fablica. Rese\u00f1as&#8230;<br \/>\u00abSi bien el g\u00e9nero &#8216;todo lo que sabes es falso&#8217; se ha vuelto agotador,  este libro contiene informaci\u00f3n fascinante y de vital importancia. Los  datos reveladores de Bricker e Ibbitson demuestran, con una prosa  en\u00e9rgica e incisiva, que en el mundo se est\u00e1 operando un cambio radical sin que nadie se d\u00e9 cuenta.\u00bb<br \/>Steven Pinker \u00abAun cuando la poblaci\u00f3n mundial est\u00e9 aumentando, la tasa de natalidad  ya ha empezado a caer en todo el mundo. En otros tiempos, los descensos  de poblaci\u00f3n se debieron a desastres naturales como la erupci\u00f3n del  Toba, la peste negra o la gripe, pero la ca\u00edda que viene ahora ser\u00e1 cosa  exclusivamente nuestra. En este sugerente libro, Bricker e Ibbitson  debaten acerca de por qu\u00e9, hacia finales del siglo XXI, no habr\u00e1 una  superpoblaci\u00f3n global sino una r\u00e1pida disminuci\u00f3n demogr\u00e1fica, al tiempo que proponen medios para adaptarnos a ella.\u00bb<br \/>Lewis Dartnell, profesor de comunicaci\u00f3n cient\u00edfica en la Universidad de  Westminster y autor de Abrir en caso de apocalipsis \u00abPara comprender el futuro debemos cuestionar nuestras suposiciones, y  la mayor de todas es que la poblaci\u00f3n sigue creciendo, algo que muchos  creemos. Bricker e Ibbitson nos ofrecen un desaf\u00edo revelador, que  deber\u00eda ser tomado muy en serio por todo aquel que se preocupe por el futuro a largo plazo (que, espero, seamos todos).\u00bb<br \/>Dan Gardner, autor de Risk y coautor de Superforecasting: The  Art and Science of Prediction \u00abUn libro muy ameno, una visi\u00f3n controvertida sobre una realidad sobre la que se reflexiona poco: un mundo despoblado y una urbanizaci\u00f3n creciente.\u00bb<br \/>George Magnus, autor de The Age of Aging y Red Flags: Why Xi&#8221;s  China Is in Jeopardy<\/p>\n","protected":false},"excerpt":{"rendered":"<p>BRICKER, DARRELL \/ IBBITSON, JOHN<\/p>\n","protected":false},"featured_media":138154,"template":"","meta":{"_acf_changed":false,"om_disable_all_campaigns":false,"rs_blank_template":"","rs_page_bg_color":"","slide_template_v7":"","inline_featured_image":false,"_monsterinsights_skip_tracking":false,"_monsterinsights_sitenote_active":false,"_monsterinsights_sitenote_note":"","_monsterinsights_sitenote_category":0},"product_brand":[],"product_cat":[120],"product_tag":[],"class_list":{"0":"post-138153","1":"product","2":"type-product","3":"status-publish","4":"has-post-thumbnail","6":"product_cat-politica","8":"first","9":"instock","10":"taxable","11":"shipping-taxable","12":"purchasable","13":"product-type-simple"},"acf":{"editorial":[{"ID":6200,"post_author":"3","post_date":"2022-07-28 17:47:00","post_date_gmt":"2022-07-28 15:47:00","post_content":"","post_title":"EDICIONES B","post_excerpt":"","post_status":"publish","comment_status":"closed","ping_status":"closed","post_password":"","post_name":"ediciones-b","to_ping":"","pinged":"","post_modified":"2022-07-28 17:47:00","post_modified_gmt":"2022-07-28 15:47:00","post_content_filtered":"","post_parent":0,"guid":"http:\/\/dev.claret.cat\/editorial\/ediciones-b\/","menu_order":0,"post_type":"editorial","post_mime_type":"","comment_count":"0","filter":"raw"}],"autor":"BRICKER, DARRELL \/ IBBITSON, JOHN","codart":"846666540","libros-coleccion":"NO FICCION","ediciones":"1","encuadernacion":"R\u00fastica","fecha_de_publicacion":"01\/03\/2019","novedad":"1","paginas":"315","subtitulo":"EL SHOCK DEL DECLIVE DE LA POBLACI\u00d3N MUNDIAL","orden":"0","portada":"0","idioma":"spa","autores-libros":[{"ID":153707,"post_author":"3","post_date":"2022-10-14 14:58:53","post_date_gmt":"2022-10-14 12:58:53","post_content":"","post_title":"DARRELL BRICKER","post_excerpt":"","post_status":"publish","comment_status":"closed","ping_status":"closed","post_password":"","post_name":"darrell-bricker","to_ping":"","pinged":"","post_modified":"2022-10-14 14:58:53","post_modified_gmt":"2022-10-14 12:58:53","post_content_filtered":"","post_parent":0,"guid":"http:\/\/dev.claret.cat\/autor\/darrell-bricker\/","menu_order":0,"post_type":"autor","post_mime_type":"","comment_count":"0","filter":"raw"},{"ID":159656,"post_author":"3","post_date":"2022-10-14 15:46:39","post_date_gmt":"2022-10-14 13:46:39","post_content":"","post_title":"JOHN IBBITSON","post_excerpt":"","post_status":"publish","comment_status":"closed","ping_status":"closed","post_password":"","post_name":"john-ibbitson","to_ping":"","pinged":"","post_modified":"2022-10-14 15:46:39","post_modified_gmt":"2022-10-14 13:46:39","post_content_filtered":"","post_parent":0,"guid":"http:\/\/dev.claret.cat\/autor\/john-ibbitson\/","menu_order":0,"post_type":"autor","post_mime_type":"","comment_count":"0","filter":"raw"}]},"aioseo_notices":[],"_links":{"self":[{"href":"https:\/\/www.claret.cat\/es\/wp-json\/wp\/v2\/product\/138153","targetHints":{"allow":["GET"]}}],"collection":[{"href":"https:\/\/www.claret.cat\/es\/wp-json\/wp\/v2\/product"}],"about":[{"href":"https:\/\/www.claret.cat\/es\/wp-json\/wp\/v2\/types\/product"}],"wp:featuredmedia":[{"embeddable":true,"href":"https:\/\/www.claret.cat\/es\/wp-json\/wp\/v2\/media\/138154"}],"wp:attachment":[{"href":"https:\/\/www.claret.cat\/es\/wp-json\/wp\/v2\/media?parent=138153"}],"wp:term":[{"taxonomy":"product_brand","embeddable":true,"href":"https:\/\/www.claret.cat\/es\/wp-json\/wp\/v2\/product_brand?post=138153"},{"taxonomy":"product_cat","embeddable":true,"href":"https:\/\/www.claret.cat\/es\/wp-json\/wp\/v2\/product_cat?post=138153"},{"taxonomy":"product_tag","embeddable":true,"href":"https:\/\/www.claret.cat\/es\/wp-json\/wp\/v2\/product_tag?post=138153"}],"curies":[{"name":"wp","href":"https:\/\/api.w.org\/{rel}","templated":true}]}}