{"id":138192,"date":"2022-10-13T12:29:17","date_gmt":"2022-10-13T10:29:17","guid":{"rendered":"http:\/\/dev.claret.cat\/producte\/el-amor-en-los-tiempos-del-colera-edicion-ilustrada\/"},"modified":"2023-01-28T13:11:22","modified_gmt":"2023-01-28T12:11:22","slug":"el-amor-en-los-tiempos-del-colera-edicion-ilustrada-9788439735427","status":"publish","type":"product","link":"https:\/\/www.claret.cat\/es\/libro\/el-amor-en-los-tiempos-del-colera-edicion-ilustrada-9788439735427\/","title":{"rendered":"EL AMOR EN LOS TIEMPOS DEL C\u00d3LERA (EDICI\u00d3N ILUSTRADA)"},"content":{"rendered":"<p>Despu\u00e9s del \u00e9xito de la edici\u00f3n ilustrada de Cien a\u00f1os de soledad, Luisa Rivera vuelve a rendir homenaje a Garc\u00eda M\u00e1rquez con una serie de ilustraciones in\u00e9ditas que recrean el extraordinario  universo del autor. Una edici\u00f3n conmemorativa de El amor en los tiempos del c\u00f3lera, un gran cl\u00e1sico de Gabriel Garc\u00eda M\u00e1rquez y una novela  imprescindible de la literatura contempor\u00e1nea. \u00abEra inevitable: el olor de las almendras amargas le recordaba siempre el destino de los amores contrariados.\u00bb As\u00ed empieza una de las historias de amor m\u00e1s maravillosas de la  literatura universal. Un amor no correspondido durante medio siglo con  un pueblecito portuario del Caribe como escenario. El Nobel de Literatura nos presenta la m\u00e1gica relaci\u00f3n entre Fermina Daza y  Florentino Ariza como una mezcla tropical de plantas y arcilla, que el  maestro moldea y con las que fantasea a su placer entre los territorios  del mito y la leyenda. Los jugos, olores y sabores del tr\u00f3pico alimentan  una prosa alucinatoria que se ha ganado el favor de miles de lectores en todo el mundo. Rese\u00f1a:<br \/>\u00abEsta brillante y desgarradora novela es quiz\u00e1s una de las mejores historias de amor jam\u00e1s contadas.\u00bb<br \/>The New York Times Book Review<\/p>\n","protected":false},"excerpt":{"rendered":"<p>GARC\u00cdA M\u00c1RQUEZ, GABRIEL \/ RIVERA, LUISA<\/p>\n","protected":false},"featured_media":138193,"template":"","meta":{"_acf_changed":false,"om_disable_all_campaigns":false,"rs_blank_template":"","rs_page_bg_color":"","slide_template_v7":"","inline_featured_image":false,"_monsterinsights_skip_tracking":false,"_monsterinsights_sitenote_active":false,"_monsterinsights_sitenote_note":"","_monsterinsights_sitenote_category":0},"product_brand":[],"product_cat":[87],"product_tag":[],"class_list":{"0":"post-138192","1":"product","2":"type-product","3":"status-publish","4":"has-post-thumbnail","6":"product_cat-literatura","8":"first","9":"instock","10":"taxable","11":"shipping-taxable","12":"purchasable","13":"product-type-simple"},"acf":{"editorial":[{"ID":6290,"post_author":"3","post_date":"2022-07-28 17:49:01","post_date_gmt":"2022-07-28 15:49:01","post_content":"","post_title":"LITERATURA RANDOM HOUSE","post_excerpt":"","post_status":"publish","comment_status":"closed","ping_status":"closed","post_password":"","post_name":"literatura-random-house","to_ping":"","pinged":"","post_modified":"2022-07-28 17:49:01","post_modified_gmt":"2022-07-28 15:49:01","post_content_filtered":"","post_parent":0,"guid":"http:\/\/dev.claret.cat\/editorial\/literatura-random-house\/","menu_order":0,"post_type":"editorial","post_mime_type":"","comment_count":"0","filter":"raw"}],"autor":"GARC\u00cdA M\u00c1RQUEZ, GABRIEL \/ RIVERA, LUISA","codart":"843973542","libros-coleccion":"Literatura Random House","ediciones":"1","encuadernacion":"Carton\u00e9","fecha_de_publicacion":"01\/03\/2019","novedad":"1","paginas":"399","subtitulo":"","orden":"0","portada":"0","idioma":"spa","autores-libros":[{"ID":162794,"post_author":"3","post_date":"2022-10-14 17:33:52","post_date_gmt":"2022-10-14 15:33:52","post_content":"","post_title":"LUISA RIVERA","post_excerpt":"","post_status":"publish","comment_status":"closed","ping_status":"closed","post_password":"","post_name":"luisa-rivera","to_ping":"","pinged":"","post_modified":"2022-10-14 17:33:52","post_modified_gmt":"2022-10-14 15:33:52","post_content_filtered":"","post_parent":0,"guid":"http:\/\/dev.claret.cat\/autor\/luisa-rivera\/","menu_order":0,"post_type":"autor","post_mime_type":"","comment_count":"0","filter":"raw"},{"ID":156520,"post_author":"3","post_date":"2022-10-14 15:21:28","post_date_gmt":"2022-10-14 13:21:28","post_content":"","post_title":"GABRIEL GARCIA MARQUEZ","post_excerpt":"","post_status":"publish","comment_status":"closed","ping_status":"closed","post_password":"","post_name":"gabriel-garcia-marquez","to_ping":"","pinged":"","post_modified":"2022-10-14 15:21:28","post_modified_gmt":"2022-10-14 13:21:28","post_content_filtered":"","post_parent":0,"guid":"http:\/\/dev.claret.cat\/autor\/gabriel-garcia-marquez\/","menu_order":0,"post_type":"autor","post_mime_type":"","comment_count":"0","filter":"raw"}]},"aioseo_notices":[],"_links":{"self":[{"href":"https:\/\/www.claret.cat\/es\/wp-json\/wp\/v2\/product\/138192","targetHints":{"allow":["GET"]}}],"collection":[{"href":"https:\/\/www.claret.cat\/es\/wp-json\/wp\/v2\/product"}],"about":[{"href":"https:\/\/www.claret.cat\/es\/wp-json\/wp\/v2\/types\/product"}],"wp:featuredmedia":[{"embeddable":true,"href":"https:\/\/www.claret.cat\/es\/wp-json\/wp\/v2\/media\/138193"}],"wp:attachment":[{"href":"https:\/\/www.claret.cat\/es\/wp-json\/wp\/v2\/media?parent=138192"}],"wp:term":[{"taxonomy":"product_brand","embeddable":true,"href":"https:\/\/www.claret.cat\/es\/wp-json\/wp\/v2\/product_brand?post=138192"},{"taxonomy":"product_cat","embeddable":true,"href":"https:\/\/www.claret.cat\/es\/wp-json\/wp\/v2\/product_cat?post=138192"},{"taxonomy":"product_tag","embeddable":true,"href":"https:\/\/www.claret.cat\/es\/wp-json\/wp\/v2\/product_tag?post=138192"}],"curies":[{"name":"wp","href":"https:\/\/api.w.org\/{rel}","templated":true}]}}