{"id":13823,"date":"2022-10-01T22:16:21","date_gmt":"2022-10-01T20:16:21","guid":{"rendered":"http:\/\/dev.claret.cat\/producte\/catecumenado-de-confirmacion\/"},"modified":"2025-10-18T10:51:06","modified_gmt":"2025-10-18T08:51:06","slug":"catecumenado-de-confirmacion-9788490232880","status":"publish","type":"product","link":"https:\/\/www.claret.cat\/es\/libro\/catecumenado-de-confirmacion-9788490232880\/","title":{"rendered":"CATECUMENADO DE CONFIRMACI\u00d3N"},"content":{"rendered":"<p>Este libro propone cuatro l\u00edneas de comprensi\u00f3n: los problemas vinculados a la iniciaci\u00f3n cristiana de los adolescentes; la definici\u00f3n de los elementos teol\u00f3gicos y pastorales de un Catecumenado de Confirmaci\u00f3n, la descripci\u00f3n de un camino concreto y, finalmente, de un proyecto global de iniciaci\u00f3n adaptado a los destinatarios.<\/p>\n","protected":false},"excerpt":{"rendered":"<p>MEDDI, LUCIANO<\/p>\n","protected":false},"featured_media":1060186,"template":"","meta":{"_acf_changed":false,"om_disable_all_campaigns":false,"rs_blank_template":"","rs_page_bg_color":"","slide_template_v7":"","inline_featured_image":false,"_monsterinsights_skip_tracking":false,"_monsterinsights_sitenote_active":false,"_monsterinsights_sitenote_note":"","_monsterinsights_sitenote_category":0},"product_brand":[],"product_cat":[90,540],"product_tag":[],"class_list":{"0":"post-13823","1":"product","2":"type-product","3":"status-publish","4":"has-post-thumbnail","6":"product_cat-altres","7":"product_cat-otros","9":"first","10":"instock","11":"taxable","12":"shipping-taxable","13":"purchasable","14":"product-type-simple"},"acf":{"autor":"MEDDI, LUCIANO","codart":"849023288","libros-coleccion":"Man\u00e1","ediciones":"1","encuadernacion":"R\u00fastica","fecha_de_publicacion":"01\/10\/2015","novedad":"0","paginas":"0","subtitulo":"RECURSO PARA LA PASTORAL DE LOS ADOLESCENTES","orden":"999","portada":"0","idioma":"spa","editorial":[{"ID":147611,"post_author":"3","post_date":"2022-10-14 11:51:54","post_date_gmt":"2022-10-14 09:51:54","post_content":"","post_title":"CCS EDITORIAL","post_excerpt":"","post_status":"publish","comment_status":"closed","ping_status":"closed","post_password":"","post_name":"ccs-editorial","to_ping":"","pinged":"","post_modified":"2022-10-14 11:51:54","post_modified_gmt":"2022-10-14 09:51:54","post_content_filtered":"","post_parent":0,"guid":"http:\/\/dev.claret.cat\/editorial\/ccs-editorial\/","menu_order":0,"post_type":"editorial","post_mime_type":"","comment_count":"0","filter":"raw"}],"autores-libros":[{"ID":162598,"post_author":"3","post_date":"2022-10-14 17:32:17","post_date_gmt":"2022-10-14 15:32:17","post_content":"","post_title":"LUCIANO MEDDI","post_excerpt":"","post_status":"publish","comment_status":"closed","ping_status":"closed","post_password":"","post_name":"luciano-meddi","to_ping":"","pinged":"","post_modified":"2022-10-14 17:32:17","post_modified_gmt":"2022-10-14 15:32:17","post_content_filtered":"","post_parent":0,"guid":"http:\/\/dev.claret.cat\/autor\/luciano-meddi\/","menu_order":0,"post_type":"autor","post_mime_type":"","comment_count":"0","filter":"raw"}],"booktrailer":"","resenas":""},"aioseo_notices":[],"_links":{"self":[{"href":"https:\/\/www.claret.cat\/es\/wp-json\/wp\/v2\/product\/13823","targetHints":{"allow":["GET"]}}],"collection":[{"href":"https:\/\/www.claret.cat\/es\/wp-json\/wp\/v2\/product"}],"about":[{"href":"https:\/\/www.claret.cat\/es\/wp-json\/wp\/v2\/types\/product"}],"wp:featuredmedia":[{"embeddable":true,"href":"https:\/\/www.claret.cat\/es\/wp-json\/wp\/v2\/media\/1060186"}],"wp:attachment":[{"href":"https:\/\/www.claret.cat\/es\/wp-json\/wp\/v2\/media?parent=13823"}],"wp:term":[{"taxonomy":"product_brand","embeddable":true,"href":"https:\/\/www.claret.cat\/es\/wp-json\/wp\/v2\/product_brand?post=13823"},{"taxonomy":"product_cat","embeddable":true,"href":"https:\/\/www.claret.cat\/es\/wp-json\/wp\/v2\/product_cat?post=13823"},{"taxonomy":"product_tag","embeddable":true,"href":"https:\/\/www.claret.cat\/es\/wp-json\/wp\/v2\/product_tag?post=13823"}],"curies":[{"name":"wp","href":"https:\/\/api.w.org\/{rel}","templated":true}]}}