{"id":138285,"date":"2022-10-13T12:30:46","date_gmt":"2022-10-13T10:30:46","guid":{"rendered":"http:\/\/dev.claret.cat\/producte\/a-finales-de-enero\/"},"modified":"2023-01-28T04:37:28","modified_gmt":"2023-01-28T03:37:28","slug":"a-finales-de-enero-9788490666579","status":"publish","type":"product","link":"https:\/\/www.claret.cat\/es\/libro\/a-finales-de-enero-9788490666579\/","title":{"rendered":"A FINALES DE ENERO"},"content":{"rendered":"<p>A mediados de los a\u00f1os sesenta, algunas universidades espa\u00f1olas vieron nacer una movilizaci\u00f3n, cada vez m\u00e1s organizada y resuelta, contra la dictadura franquista. El r\u00e9gimen respondi\u00f3 primero con desconcierto y enseguida con represalias sistem\u00e1ticas y una dur\u00edsima represi\u00f3n policial que dej\u00f3 muchas v\u00edctimas por el camino. Esta obra reconstruye los pormenores de una revuelta estudiantil ?no menos intensa que el Mayo franc\u00e9s del 68?, y narra el compromiso con la libertad de tantos j\u00f3venes que hicieron historia y la padecieron, afrontaron palizas y penas de c\u00e1rcel al tiempo que se enamoraban y discut\u00edan entre cervezas y tabaco sobre marxismo, psicoan\u00e1lisis y el amor libre. A finales de enero se centra asimismo en la azarosa peripecia personal de tres destacados militantes antifranquistas: Enrique Ruano, un joven estudiante de Derecho muerto en enero de 1969 ?hace ahora cincuenta a\u00f1os?durante un interrogatorio policial, y Dolores Gonz\u00e1lez y Francisco Javier Sauquillo, abogados laboralistas y ambos v\u00edctimas de la matanza de Atocha de enero de 1977, en la que ella result\u00f3 gravemente herida y \u00e9l muri\u00f3 a causa de los disparos recibidos, tratando de protegerla con su cuerpo. La emocionante historia de amor en la que los tres se vieron envueltos ?Dolores fue novia de Enrique y, posteriormente, esposa de Javier? se entrelaza con los estertores de un r\u00e9gimen que reprimi\u00f3 sin piedad a quienes, como ellos, buscaban la playa bajo los adoquines, y nos recuerda a todos los fr\u00e1giles comienzos de la Transici\u00f3n a la democracia.<\/p>\n","protected":false},"excerpt":{"rendered":"<p>PADILLA, JAVIER<\/p>\n","protected":false},"featured_media":138286,"template":"","meta":{"_acf_changed":false,"om_disable_all_campaigns":false,"rs_blank_template":"","rs_page_bg_color":"","slide_template_v7":"","inline_featured_image":false,"_monsterinsights_skip_tracking":false,"_monsterinsights_sitenote_active":false,"_monsterinsights_sitenote_note":"","_monsterinsights_sitenote_category":0},"product_brand":[],"product_cat":[85],"product_tag":[],"class_list":{"0":"post-138285","1":"product","2":"type-product","3":"status-publish","4":"has-post-thumbnail","6":"product_cat-historia","8":"first","9":"instock","10":"taxable","11":"shipping-taxable","12":"purchasable","13":"product-type-simple"},"acf":{"editorial":[{"ID":148913,"post_author":"3","post_date":"2022-10-14 12:01:58","post_date_gmt":"2022-10-14 10:01:58","post_content":"","post_title":"Tusquets Editores S.A.","post_excerpt":"","post_status":"publish","comment_status":"closed","ping_status":"closed","post_password":"","post_name":"tusquets-editores-s-a","to_ping":"","pinged":"","post_modified":"2022-10-14 12:01:58","post_modified_gmt":"2022-10-14 10:01:58","post_content_filtered":"","post_parent":0,"guid":"http:\/\/dev.claret.cat\/editorial\/tusquets-editores-s-a\/","menu_order":0,"post_type":"editorial","post_mime_type":"","comment_count":"0","filter":"raw"}],"autor":"PADILLA, JAVIER","codart":"849066657","libros-coleccion":"Tiempo de memoria","ediciones":"1","encuadernacion":"R\u00fastica","fecha_de_publicacion":"01\/03\/2019","novedad":"1","paginas":"399","subtitulo":"LA HISTORIA DE AMOR M\u00c1S TR\u00c1GICA DE LA TRANSICI\u00d3N. XXXI PREMIO COMILLAS 2019","orden":"0","portada":"0","idioma":"spa","autores-libros":[{"ID":158761,"post_author":"3","post_date":"2022-10-14 15:39:24","post_date_gmt":"2022-10-14 13:39:24","post_content":"","post_title":"JAVIER PADILLA","post_excerpt":"","post_status":"publish","comment_status":"closed","ping_status":"closed","post_password":"","post_name":"javier-padilla","to_ping":"","pinged":"","post_modified":"2022-10-14 15:39:24","post_modified_gmt":"2022-10-14 13:39:24","post_content_filtered":"","post_parent":0,"guid":"http:\/\/dev.claret.cat\/autor\/javier-padilla\/","menu_order":0,"post_type":"autor","post_mime_type":"","comment_count":"0","filter":"raw"}]},"aioseo_notices":[],"_links":{"self":[{"href":"https:\/\/www.claret.cat\/es\/wp-json\/wp\/v2\/product\/138285","targetHints":{"allow":["GET"]}}],"collection":[{"href":"https:\/\/www.claret.cat\/es\/wp-json\/wp\/v2\/product"}],"about":[{"href":"https:\/\/www.claret.cat\/es\/wp-json\/wp\/v2\/types\/product"}],"wp:featuredmedia":[{"embeddable":true,"href":"https:\/\/www.claret.cat\/es\/wp-json\/wp\/v2\/media\/138286"}],"wp:attachment":[{"href":"https:\/\/www.claret.cat\/es\/wp-json\/wp\/v2\/media?parent=138285"}],"wp:term":[{"taxonomy":"product_brand","embeddable":true,"href":"https:\/\/www.claret.cat\/es\/wp-json\/wp\/v2\/product_brand?post=138285"},{"taxonomy":"product_cat","embeddable":true,"href":"https:\/\/www.claret.cat\/es\/wp-json\/wp\/v2\/product_cat?post=138285"},{"taxonomy":"product_tag","embeddable":true,"href":"https:\/\/www.claret.cat\/es\/wp-json\/wp\/v2\/product_tag?post=138285"}],"curies":[{"name":"wp","href":"https:\/\/api.w.org\/{rel}","templated":true}]}}