{"id":138330,"date":"2022-10-13T12:31:30","date_gmt":"2022-10-13T10:31:30","guid":{"rendered":"http:\/\/dev.claret.cat\/producte\/dragon\/"},"modified":"2023-01-28T01:52:25","modified_gmt":"2023-01-28T00:52:25","slug":"dragon-9788494773556","status":"publish","type":"product","link":"https:\/\/www.claret.cat\/es\/libro\/dragon-9788494773556\/","title":{"rendered":"DRAG\u00d3N"},"content":{"rendered":"<p>Dos caballeros vestidos con armaduras esperan en la oscuridad del p\u00e1ramo la llegada de un drag\u00f3n al que deben matar. Ellos no lo han visto nunca, pero lo describen como una criatura enorme y monstruosa de un solo ojo, que escupe fuego y echa humo. Cuando por fin se produce el tan temido enfrentamiento, la historia da un giro insospechado.<br \/>El cuento, titulado originalmente The Dragon, del c\u00e9lebre escritor norteamericano Ray Bradbury, fue publicado por la revista Esquire en 1955, y luego reeditado en la antolog\u00eda Medicina para la melancol\u00eda, de 1959. Esta edici\u00f3n recupera uno de los relatos m\u00e1s aclamados del autor de Cr\u00f3nicas marcianas y Fahrenheit 451, en los que ya se vislumbra uno de los temas m\u00e1s importantes de su obra: la especulaci\u00f3n sobre el tiempo y la amenaza del futuro.<br \/>El drag\u00f3n adquiere el valor simb\u00f3lico de la distancia entre el pensamiento de dos etapas de la historia de la humanidad: la Edad Media y el siglo XX. Sin embargo, no hay un \u00fanico drag\u00f3n, la maestr\u00eda de Svetlin nos deleita con un despliegue de representaciones de esta criatura mitol\u00f3gica, en la que se materializa tanto el terror como la fantas\u00eda del relato, cuyo desenlace deja una puerta abierta a la imaginaci\u00f3n del lector.<\/p>\n","protected":false},"excerpt":{"rendered":"<p>BRADBURY, RAY<\/p>\n","protected":false},"featured_media":138331,"template":"","meta":{"_acf_changed":false,"om_disable_all_campaigns":false,"rs_blank_template":"","rs_page_bg_color":"","slide_template_v7":"","inline_featured_image":false,"_monsterinsights_skip_tracking":false,"_monsterinsights_sitenote_active":false,"_monsterinsights_sitenote_note":"","_monsterinsights_sitenote_category":0},"product_brand":[],"product_cat":[87,105],"product_tag":[],"class_list":{"0":"post-138330","1":"product","2":"type-product","3":"status-publish","4":"has-post-thumbnail","6":"product_cat-literatura","7":"product_cat-regal","9":"first","10":"instock","11":"taxable","12":"shipping-taxable","13":"purchasable","14":"product-type-simple"},"acf":{"editorial":[{"ID":148435,"post_author":"3","post_date":"2022-10-14 11:58:13","post_date_gmt":"2022-10-14 09:58:13","post_content":"","post_title":"LIBROS DEL ZORRO ROJO","post_excerpt":"","post_status":"publish","comment_status":"closed","ping_status":"closed","post_password":"","post_name":"libros-del-zorro-rojo","to_ping":"","pinged":"","post_modified":"2022-10-14 11:58:13","post_modified_gmt":"2022-10-14 09:58:13","post_content_filtered":"","post_parent":0,"guid":"http:\/\/dev.claret.cat\/editorial\/libros-del-zorro-rojo\/","menu_order":0,"post_type":"editorial","post_mime_type":"","comment_count":"0","filter":"raw"}],"autor":"BRADBURY, RAY","codart":"849477355","libros-coleccion":"\u00c1lbumes ilustrados","ediciones":"1","encuadernacion":"Carton\u00e9","fecha_de_publicacion":"01\/03\/2019","novedad":"1","paginas":"32","subtitulo":"","orden":"0","portada":"0","idioma":"spa","autores-libros":[{"ID":167870,"post_author":"3","post_date":"2022-10-14 18:14:40","post_date_gmt":"2022-10-14 16:14:40","post_content":"","post_title":"RAY BRADBURY","post_excerpt":"","post_status":"publish","comment_status":"closed","ping_status":"closed","post_password":"","post_name":"ray-bradbury","to_ping":"","pinged":"","post_modified":"2022-10-14 18:14:40","post_modified_gmt":"2022-10-14 16:14:40","post_content_filtered":"","post_parent":0,"guid":"http:\/\/dev.claret.cat\/autor\/ray-bradbury\/","menu_order":0,"post_type":"autor","post_mime_type":"","comment_count":"0","filter":"raw"}]},"aioseo_notices":[],"_links":{"self":[{"href":"https:\/\/www.claret.cat\/es\/wp-json\/wp\/v2\/product\/138330","targetHints":{"allow":["GET"]}}],"collection":[{"href":"https:\/\/www.claret.cat\/es\/wp-json\/wp\/v2\/product"}],"about":[{"href":"https:\/\/www.claret.cat\/es\/wp-json\/wp\/v2\/types\/product"}],"wp:featuredmedia":[{"embeddable":true,"href":"https:\/\/www.claret.cat\/es\/wp-json\/wp\/v2\/media\/138331"}],"wp:attachment":[{"href":"https:\/\/www.claret.cat\/es\/wp-json\/wp\/v2\/media?parent=138330"}],"wp:term":[{"taxonomy":"product_brand","embeddable":true,"href":"https:\/\/www.claret.cat\/es\/wp-json\/wp\/v2\/product_brand?post=138330"},{"taxonomy":"product_cat","embeddable":true,"href":"https:\/\/www.claret.cat\/es\/wp-json\/wp\/v2\/product_cat?post=138330"},{"taxonomy":"product_tag","embeddable":true,"href":"https:\/\/www.claret.cat\/es\/wp-json\/wp\/v2\/product_tag?post=138330"}],"curies":[{"name":"wp","href":"https:\/\/api.w.org\/{rel}","templated":true}]}}