{"id":138399,"date":"2022-10-13T12:32:35","date_gmt":"2022-10-13T10:32:35","guid":{"rendered":"http:\/\/dev.claret.cat\/producte\/obras-completas-de-leonardo-polo\/"},"modified":"2026-01-19T12:10:52","modified_gmt":"2026-01-19T11:10:52","slug":"obras-completas-de-leonardo-polo-9788431333447","status":"publish","type":"product","link":"https:\/\/www.claret.cat\/es\/libro\/obras-completas-de-leonardo-polo-9788431333447\/","title":{"rendered":"OBRAS COMPLETAS DE LEONARDO POLO"},"content":{"rendered":"<p>Leonardo Polo (Madrid, 1926-Pamplona 2013) se licenci\u00f3 en Derecho (1949);  posteriormente realiz\u00f3 la licenciatura y el doctorado en Filosof\u00eda. Se incorpor\u00f3 a la Universidad de Navarra en 1954. Obtuvo la c\u00e1tedra de Fundamentos de Filosof\u00eda de la Universidad de Granada en 1966, que ocup\u00f3 dos a\u00f1os. El resto de su vida acad\u00e9mica lo pas\u00f3 en Navarra, excepto los veranos, en los que impart\u00eda cursos de licenciatura y doctorado en universidades de M\u00e9xico, Per\u00fa, Colombia, Chile, etc. Desempe\u00f1\u00f3 diversos cargos, como director de estudios de la Facultad de Filosof\u00eda y Letras, director del Departamento de Historia de la Filosof\u00eda, director del programa doctoral en Filosof\u00eda, etc. Doctor Honoris causa de la Universidad de Piura (Per\u00fa). El Gobierno de Navarra le concedi\u00f3 en 2008 la Cruz de Carlos III el Noble en reconocimiento de su labor filos\u00f3fica con   alumnos de licenciatura y doctorado, de diversas carreras y universidades.<br \/> Su profundidad y originalidad filos\u00f3ficas se refleja en el alto n\u00famero de publicaciones, libros y art\u00edculos, tesis doctorales, etc., sobre su pensamiento; sobre su  doctrina filos\u00f3fica adem\u00e1s se edita en Pamplona desde 1998 la revista Studia Poliana; en M\u00e1laga, on-line, Miscel\u00e1nea Poliana y desde diciembre 2014 Journal of Polian Studies (South Bend, USA).<\/p>\n","protected":false},"excerpt":{"rendered":"<p>POLO BARRENA LEONARDO<\/p>\n","protected":false},"featured_media":138400,"template":"","meta":{"_acf_changed":false,"om_disable_all_campaigns":false,"rs_blank_template":"","rs_page_bg_color":"","slide_template_v7":"","inline_featured_image":false,"_monsterinsights_skip_tracking":false,"_monsterinsights_sitenote_active":false,"_monsterinsights_sitenote_note":"","_monsterinsights_sitenote_category":0},"product_brand":[],"product_cat":[83,349],"product_tag":[],"class_list":{"0":"post-138399","1":"product","2":"type-product","3":"status-publish","4":"has-post-thumbnail","6":"product_cat-filosofia","7":"product_cat-filosofia-2_humanidades","9":"first","10":"instock","11":"taxable","12":"shipping-taxable","13":"purchasable","14":"product-type-simple"},"acf":{"editorial":[{"ID":6251,"post_author":"3","post_date":"2022-07-28 17:48:11","post_date_gmt":"2022-07-28 15:48:11","post_content":"","post_title":"EUNSA. EDICIONES UNIVERSIDAD DE NAVARRA","post_excerpt":"","post_status":"publish","comment_status":"closed","ping_status":"closed","post_password":"","post_name":"eunsa-ediciones-universidad-de-navarra","to_ping":"","pinged":"","post_modified":"2022-07-28 17:48:11","post_modified_gmt":"2022-07-28 15:48:11","post_content_filtered":"","post_parent":0,"guid":"http:\/\/dev.claret.cat\/editorial\/eunsa-ediciones-universidad-de-navarra\/","menu_order":0,"post_type":"editorial","post_mime_type":"","comment_count":"0","filter":"raw"}],"autor":"POLO BARRENA LEONARDO","codart":"843133344","libros-coleccion":"Obras Completas de Leonardo Polo","ediciones":"1","encuadernacion":"R\u00fastica","fecha_de_publicacion":"01\/02\/2019","novedad":"1","paginas":"482","subtitulo":" EL HOMBRE EN LA HISTORIA, AYUDAR A CRECER, ANTROPOLOG\u00cdA DE LA ACCI\u00d3N","orden":"0","portada":"0","idioma":"spa","autores-libros":[{"ID":167388,"post_author":"3","post_date":"2022-10-14 18:10:48","post_date_gmt":"2022-10-14 16:10:48","post_content":"","post_title":"POLO BARRENA LEONARDO","post_excerpt":"","post_status":"publish","comment_status":"closed","ping_status":"closed","post_password":"","post_name":"polo-barrena-leonardo","to_ping":"","pinged":"","post_modified":"2022-10-14 18:10:48","post_modified_gmt":"2022-10-14 16:10:48","post_content_filtered":"","post_parent":0,"guid":"http:\/\/dev.claret.cat\/autor\/polo-barrena-leonardo\/","menu_order":0,"post_type":"autor","post_mime_type":"","comment_count":"0","filter":"raw"}],"booktrailer":"","resenas":""},"aioseo_notices":[],"_links":{"self":[{"href":"https:\/\/www.claret.cat\/es\/wp-json\/wp\/v2\/product\/138399","targetHints":{"allow":["GET"]}}],"collection":[{"href":"https:\/\/www.claret.cat\/es\/wp-json\/wp\/v2\/product"}],"about":[{"href":"https:\/\/www.claret.cat\/es\/wp-json\/wp\/v2\/types\/product"}],"wp:featuredmedia":[{"embeddable":true,"href":"https:\/\/www.claret.cat\/es\/wp-json\/wp\/v2\/media\/138400"}],"wp:attachment":[{"href":"https:\/\/www.claret.cat\/es\/wp-json\/wp\/v2\/media?parent=138399"}],"wp:term":[{"taxonomy":"product_brand","embeddable":true,"href":"https:\/\/www.claret.cat\/es\/wp-json\/wp\/v2\/product_brand?post=138399"},{"taxonomy":"product_cat","embeddable":true,"href":"https:\/\/www.claret.cat\/es\/wp-json\/wp\/v2\/product_cat?post=138399"},{"taxonomy":"product_tag","embeddable":true,"href":"https:\/\/www.claret.cat\/es\/wp-json\/wp\/v2\/product_tag?post=138399"}],"curies":[{"name":"wp","href":"https:\/\/api.w.org\/{rel}","templated":true}]}}