{"id":138405,"date":"2022-10-13T12:32:41","date_gmt":"2022-10-13T10:32:41","guid":{"rendered":"http:\/\/dev.claret.cat\/producte\/iscr-patrologia\/"},"modified":"2026-02-23T12:05:31","modified_gmt":"2026-02-23T11:05:31","slug":"iscr-patrologia-9788431333539","status":"publish","type":"product","link":"https:\/\/www.claret.cat\/es\/libro\/iscr-patrologia-9788431333539\/","title":{"rendered":"(ISCR) PATROLOG\u00cdA"},"content":{"rendered":"<p>Tras la predicaci\u00f3n apost\u00f3lica la Iglesia cotinu\u00f3 su camino de la mano de los Padres. Estos santos e insignes escritores de los primeros siglos han dejado, como testigos privilegiados de la Tradici\u00f3n vivificada por el Esp\u00edritu Santo, una profunda y original huella de fe y vida cristiana para siempre.<br \/> Recibir la herencia de los Padres, conocer y estudiar sus escritos, su vida y sus ense\u00f1anzas, constituye una extraordinaria fuente de riqueza cultural, espiritual y apost\u00f3lica para el cristiano del siglo XXI.<\/p>\n","protected":false},"excerpt":{"rendered":"<p>JOS\u00c9 MANUEL FIDALGO ALAIZ \/ JUAN ANTONIO GIL-TAMAYO<\/p>\n","protected":false},"featured_media":1085373,"template":"","meta":{"_acf_changed":false,"om_disable_all_campaigns":false,"rs_blank_template":"","rs_page_bg_color":"","slide_template_v7":"","inline_featured_image":false,"_monsterinsights_skip_tracking":false,"_monsterinsights_sitenote_active":false,"_monsterinsights_sitenote_note":"","_monsterinsights_sitenote_category":0},"product_brand":[],"product_cat":[78,344],"product_tag":[],"class_list":{"0":"post-138405","1":"product","2":"type-product","3":"status-publish","4":"has-post-thumbnail","6":"product_cat-pastoral","7":"product_cat-pastoral-1_espiritualidad","9":"first","10":"instock","11":"taxable","12":"shipping-taxable","13":"purchasable","14":"product-type-simple"},"acf":{"editorial":[{"ID":6251,"post_author":"3","post_date":"2022-07-28 17:48:11","post_date_gmt":"2022-07-28 15:48:11","post_content":"","post_title":"EUNSA. EDICIONES UNIVERSIDAD DE NAVARRA","post_excerpt":"","post_status":"publish","comment_status":"closed","ping_status":"closed","post_password":"","post_name":"eunsa-ediciones-universidad-de-navarra","to_ping":"","pinged":"","post_modified":"2022-07-28 17:48:11","post_modified_gmt":"2022-07-28 15:48:11","post_content_filtered":"","post_parent":0,"guid":"http:\/\/dev.claret.cat\/editorial\/eunsa-ediciones-universidad-de-navarra\/","menu_order":0,"post_type":"editorial","post_mime_type":"","comment_count":"0","filter":"raw"}],"autor":"JOS\u00c9 MANUEL FIDALGO ALAIZ \/ JUAN ANTONIO GIL-TAMAYO","codart":"843133353","libros-coleccion":"Manuales del ISCR","ediciones":"1","encuadernacion":"R\u00fastica","fecha_de_publicacion":"01\/03\/2019","novedad":"1","paginas":"240","subtitulo":"","orden":"0","portada":"0","idioma":"spa","autores-libros":[{"ID":160404,"post_author":"3","post_date":"2022-10-14 15:52:48","post_date_gmt":"2022-10-14 13:52:48","post_content":"","post_title":"JOS\u00c9 MANUEL FIDALGO ALAIZ","post_excerpt":"","post_status":"publish","comment_status":"closed","ping_status":"closed","post_password":"","post_name":"jose-manuel-fidalgo-alaiz-2","to_ping":"","pinged":"","post_modified":"2022-10-14 15:52:48","post_modified_gmt":"2022-10-14 13:52:48","post_content_filtered":"","post_parent":0,"guid":"http:\/\/dev.claret.cat\/autor\/jose-manuel-fidalgo-alaiz-2\/","menu_order":0,"post_type":"autor","post_mime_type":"","comment_count":"0","filter":"raw"},{"ID":160944,"post_author":"3","post_date":"2022-10-14 15:57:08","post_date_gmt":"2022-10-14 13:57:08","post_content":"","post_title":"JUAN ANTONIO GIL-TAMAYO","post_excerpt":"","post_status":"publish","comment_status":"closed","ping_status":"closed","post_password":"","post_name":"juan-antonio-gil-tamayo","to_ping":"","pinged":"","post_modified":"2022-10-14 15:57:08","post_modified_gmt":"2022-10-14 13:57:08","post_content_filtered":"","post_parent":0,"guid":"http:\/\/dev.claret.cat\/autor\/juan-antonio-gil-tamayo\/","menu_order":0,"post_type":"autor","post_mime_type":"","comment_count":"0","filter":"raw"}],"booktrailer":"","resenas":""},"aioseo_notices":[],"_links":{"self":[{"href":"https:\/\/www.claret.cat\/es\/wp-json\/wp\/v2\/product\/138405","targetHints":{"allow":["GET"]}}],"collection":[{"href":"https:\/\/www.claret.cat\/es\/wp-json\/wp\/v2\/product"}],"about":[{"href":"https:\/\/www.claret.cat\/es\/wp-json\/wp\/v2\/types\/product"}],"wp:featuredmedia":[{"embeddable":true,"href":"https:\/\/www.claret.cat\/es\/wp-json\/wp\/v2\/media\/1085373"}],"wp:attachment":[{"href":"https:\/\/www.claret.cat\/es\/wp-json\/wp\/v2\/media?parent=138405"}],"wp:term":[{"taxonomy":"product_brand","embeddable":true,"href":"https:\/\/www.claret.cat\/es\/wp-json\/wp\/v2\/product_brand?post=138405"},{"taxonomy":"product_cat","embeddable":true,"href":"https:\/\/www.claret.cat\/es\/wp-json\/wp\/v2\/product_cat?post=138405"},{"taxonomy":"product_tag","embeddable":true,"href":"https:\/\/www.claret.cat\/es\/wp-json\/wp\/v2\/product_tag?post=138405"}],"curies":[{"name":"wp","href":"https:\/\/api.w.org\/{rel}","templated":true}]}}