{"id":138408,"date":"2022-10-13T12:32:45","date_gmt":"2022-10-13T10:32:45","guid":{"rendered":"http:\/\/dev.claret.cat\/producte\/ver-por-tus-ojos\/"},"modified":"2026-01-19T12:08:40","modified_gmt":"2026-01-19T11:08:40","slug":"ver-por-tus-ojos-9788431333584","status":"publish","type":"product","link":"https:\/\/www.claret.cat\/es\/libro\/ver-por-tus-ojos-9788431333584\/","title":{"rendered":"VER POR TUS OJOS"},"content":{"rendered":"<p>El cristianismo no es una mera oferta de ideas, por muy elevadas que puedan parecer. Tampoco es solo un estilo de vida, una colecci\u00f3n de valores o una propuesta moral. La fe cristiana contiene todo eso, pero no consiste en eso. Hay algo m\u00e1s profundo, personal, que est\u00e1  en el centro de la vida del cristiano. El centro lo ocupa una persona: Jesucristo.<br \/> Esta convicci\u00f3n recorre la obra entera de Romano Guardini. Est\u00e1s p\u00e1ginas estudian, sint\u00e9ticamente, a trav\u00e9s de sus textos, esta idea central inspiradora de su pensamiento.<\/p>\n","protected":false},"excerpt":{"rendered":"<p>JOS\u00c9 MANUEL FIDALGO ALAIZ<\/p>\n","protected":false},"featured_media":138409,"template":"","meta":{"_acf_changed":false,"om_disable_all_campaigns":false,"rs_blank_template":"","rs_page_bg_color":"","slide_template_v7":"","inline_featured_image":false,"_monsterinsights_skip_tracking":false,"_monsterinsights_sitenote_active":false,"_monsterinsights_sitenote_note":"","_monsterinsights_sitenote_category":0},"product_brand":[],"product_cat":[90,540],"product_tag":[],"class_list":{"0":"post-138408","1":"product","2":"type-product","3":"status-publish","4":"has-post-thumbnail","6":"product_cat-altres","7":"product_cat-otros","9":"first","10":"instock","11":"taxable","12":"shipping-taxable","13":"purchasable","14":"product-type-simple"},"acf":{"editorial":[{"ID":6251,"post_author":"3","post_date":"2022-07-28 17:48:11","post_date_gmt":"2022-07-28 15:48:11","post_content":"","post_title":"EUNSA. EDICIONES UNIVERSIDAD DE NAVARRA","post_excerpt":"","post_status":"publish","comment_status":"closed","ping_status":"closed","post_password":"","post_name":"eunsa-ediciones-universidad-de-navarra","to_ping":"","pinged":"","post_modified":"2022-07-28 17:48:11","post_modified_gmt":"2022-07-28 15:48:11","post_content_filtered":"","post_parent":0,"guid":"http:\/\/dev.claret.cat\/editorial\/eunsa-ediciones-universidad-de-navarra\/","menu_order":0,"post_type":"editorial","post_mime_type":"","comment_count":"0","filter":"raw"}],"autor":"JOS\u00c9 MANUEL FIDALGO ALAIZ","codart":"843133358","libros-coleccion":"Astrolabio Educaci\u00f3n","ediciones":"1","encuadernacion":"R\u00fastica","fecha_de_publicacion":"01\/03\/2019","novedad":"1","paginas":"94","subtitulo":"PONE A CRISTO EN EL CENTRO DEL PENSAMIENTO","orden":"0","portada":"0","idioma":"spa","autores-libros":[{"ID":160404,"post_author":"3","post_date":"2022-10-14 15:52:48","post_date_gmt":"2022-10-14 13:52:48","post_content":"","post_title":"JOS\u00c9 MANUEL FIDALGO ALAIZ","post_excerpt":"","post_status":"publish","comment_status":"closed","ping_status":"closed","post_password":"","post_name":"jose-manuel-fidalgo-alaiz-2","to_ping":"","pinged":"","post_modified":"2022-10-14 15:52:48","post_modified_gmt":"2022-10-14 13:52:48","post_content_filtered":"","post_parent":0,"guid":"http:\/\/dev.claret.cat\/autor\/jose-manuel-fidalgo-alaiz-2\/","menu_order":0,"post_type":"autor","post_mime_type":"","comment_count":"0","filter":"raw"}],"booktrailer":"","resenas":""},"aioseo_notices":[],"_links":{"self":[{"href":"https:\/\/www.claret.cat\/es\/wp-json\/wp\/v2\/product\/138408","targetHints":{"allow":["GET"]}}],"collection":[{"href":"https:\/\/www.claret.cat\/es\/wp-json\/wp\/v2\/product"}],"about":[{"href":"https:\/\/www.claret.cat\/es\/wp-json\/wp\/v2\/types\/product"}],"wp:featuredmedia":[{"embeddable":true,"href":"https:\/\/www.claret.cat\/es\/wp-json\/wp\/v2\/media\/138409"}],"wp:attachment":[{"href":"https:\/\/www.claret.cat\/es\/wp-json\/wp\/v2\/media?parent=138408"}],"wp:term":[{"taxonomy":"product_brand","embeddable":true,"href":"https:\/\/www.claret.cat\/es\/wp-json\/wp\/v2\/product_brand?post=138408"},{"taxonomy":"product_cat","embeddable":true,"href":"https:\/\/www.claret.cat\/es\/wp-json\/wp\/v2\/product_cat?post=138408"},{"taxonomy":"product_tag","embeddable":true,"href":"https:\/\/www.claret.cat\/es\/wp-json\/wp\/v2\/product_tag?post=138408"}],"curies":[{"name":"wp","href":"https:\/\/api.w.org\/{rel}","templated":true}]}}