{"id":138486,"date":"2022-10-13T12:34:02","date_gmt":"2022-10-13T10:34:02","guid":{"rendered":"http:\/\/dev.claret.cat\/producte\/mas-rojo-sangre-2\/"},"modified":"2023-01-28T20:16:34","modified_gmt":"2023-01-28T19:16:34","slug":"mas-rojo-sangre-9788417708009","status":"publish","type":"product","link":"https:\/\/www.claret.cat\/es\/libro\/mas-rojo-sangre-9788417708009\/","title":{"rendered":"M\u00c1S ROJO SANGRE"},"content":{"rendered":"<p>Tras Mariposas Heladas, el crimen regresa a Lipowo. La autora urde una nueva trama donde la muerte y la sospecha est\u00e1n a flor de piel. <br \/>El verano en Lipowo se encuentra en su m\u00e1ximo esplendor. El inspector Daniel Podg\u00f3rski siente que es el mejor momento de su vida gracias a Weronika, con quien est\u00e1 viviendo una bonita historia de amor. Mientras tanto, dos chicas han sido asesinadas. La Polic\u00eda Criminal de Brodnica sospecha que puede ser obra de un asesino en serie. Daniel se une al equipo de investigaci\u00f3n, dirigido por la pol\u00e9mica comisaria Klementyna Kopp, que  intenta  buscar  una  conexi\u00f3n entre las dos v\u00edctimas y crear un perfil del asesino.<\/p>\n","protected":false},"excerpt":{"rendered":"<p>PUZYNSKA, KATARZYNA<\/p>\n","protected":false},"featured_media":138487,"template":"","meta":{"_acf_changed":false,"om_disable_all_campaigns":false,"rs_blank_template":"","rs_page_bg_color":"","slide_template_v7":"","inline_featured_image":false,"_monsterinsights_skip_tracking":false,"_monsterinsights_sitenote_active":false,"_monsterinsights_sitenote_note":"","_monsterinsights_sitenote_category":0},"product_brand":[],"product_cat":[87],"product_tag":[],"class_list":{"0":"post-138486","1":"product","2":"type-product","3":"status-publish","4":"has-post-thumbnail","6":"product_cat-literatura","8":"first","9":"instock","10":"taxable","11":"shipping-taxable","12":"purchasable","13":"product-type-simple"},"acf":{"editorial":[{"ID":6297,"post_author":"3","post_date":"2022-07-28 17:49:10","post_date_gmt":"2022-07-28 15:49:10","post_content":"","post_title":"Maeva Ediciones","post_excerpt":"","post_status":"publish","comment_status":"closed","ping_status":"closed","post_password":"","post_name":"maeva-ediciones","to_ping":"","pinged":"","post_modified":"2022-07-28 17:49:10","post_modified_gmt":"2022-07-28 15:49:10","post_content_filtered":"","post_parent":0,"guid":"http:\/\/dev.claret.cat\/editorial\/maeva-ediciones\/","menu_order":0,"post_type":"editorial","post_mime_type":"","comment_count":"0","filter":"raw"}],"autor":"PUZYNSKA, KATARZYNA","codart":"841770800","libros-coleccion":"","ediciones":"1","encuadernacion":"R\u00fastica","fecha_de_publicacion":"01\/03\/2019","novedad":"1","paginas":"386","subtitulo":"","orden":"0","portada":"0","idioma":"spa","autores-libros":[{"ID":161472,"post_author":"3","post_date":"2022-10-14 17:18:29","post_date_gmt":"2022-10-14 15:18:29","post_content":"","post_title":"KATARZYNA PUZYNSKA","post_excerpt":"","post_status":"publish","comment_status":"closed","ping_status":"closed","post_password":"","post_name":"katarzyna-puzynska","to_ping":"","pinged":"","post_modified":"2022-10-14 17:18:29","post_modified_gmt":"2022-10-14 15:18:29","post_content_filtered":"","post_parent":0,"guid":"http:\/\/dev.claret.cat\/autor\/katarzyna-puzynska\/","menu_order":0,"post_type":"autor","post_mime_type":"","comment_count":"0","filter":"raw"}]},"aioseo_notices":[],"_links":{"self":[{"href":"https:\/\/www.claret.cat\/es\/wp-json\/wp\/v2\/product\/138486","targetHints":{"allow":["GET"]}}],"collection":[{"href":"https:\/\/www.claret.cat\/es\/wp-json\/wp\/v2\/product"}],"about":[{"href":"https:\/\/www.claret.cat\/es\/wp-json\/wp\/v2\/types\/product"}],"wp:featuredmedia":[{"embeddable":true,"href":"https:\/\/www.claret.cat\/es\/wp-json\/wp\/v2\/media\/138487"}],"wp:attachment":[{"href":"https:\/\/www.claret.cat\/es\/wp-json\/wp\/v2\/media?parent=138486"}],"wp:term":[{"taxonomy":"product_brand","embeddable":true,"href":"https:\/\/www.claret.cat\/es\/wp-json\/wp\/v2\/product_brand?post=138486"},{"taxonomy":"product_cat","embeddable":true,"href":"https:\/\/www.claret.cat\/es\/wp-json\/wp\/v2\/product_cat?post=138486"},{"taxonomy":"product_tag","embeddable":true,"href":"https:\/\/www.claret.cat\/es\/wp-json\/wp\/v2\/product_tag?post=138486"}],"curies":[{"name":"wp","href":"https:\/\/api.w.org\/{rel}","templated":true}]}}