{"id":138489,"date":"2022-10-13T12:34:05","date_gmt":"2022-10-13T10:34:05","guid":{"rendered":"http:\/\/dev.claret.cat\/producte\/mariposas-heladas\/"},"modified":"2023-01-28T20:49:44","modified_gmt":"2023-01-28T19:49:44","slug":"mariposas-heladas-9788416087853","status":"publish","type":"product","link":"https:\/\/www.claret.cat\/es\/libro\/mariposas-heladas-9788416087853\/","title":{"rendered":"MARIPOSAS HELADAS"},"content":{"rendered":"<p>Katarzyna Puzynska ha logrado situarse entre los autores m\u00e1s vendidos de su pa\u00eds<br \/>Una g\u00e9lida ma\u00f1ana de invierno, el cuerpo sin vida de una monja aparece en  las afueras de  Lipowo, una  localidad situada al norte de Varsovia. Cuando aparece el cad\u00e1ver de otra mujer, no hay duda de que ambas muertes  est\u00e1n relacionadas. La comisaria Klementyna Kopp y el inspector Daniel Podg\u00f3rski tendr\u00e1n que investigar la verdadera identidad de la monja, su pasado y los motivos que la trajeron a Lipowo.<\/p>\n","protected":false},"excerpt":{"rendered":"<p>PUZYNSKA , KATARZYNA<\/p>\n","protected":false},"featured_media":138490,"template":"","meta":{"_acf_changed":false,"om_disable_all_campaigns":false,"rs_blank_template":"","rs_page_bg_color":"","slide_template_v7":"","inline_featured_image":false,"_monsterinsights_skip_tracking":false,"_monsterinsights_sitenote_active":false,"_monsterinsights_sitenote_note":"","_monsterinsights_sitenote_category":0},"product_brand":[],"product_cat":[87],"product_tag":[],"class_list":{"0":"post-138489","1":"product","2":"type-product","3":"status-publish","4":"has-post-thumbnail","6":"product_cat-literatura","8":"first","9":"instock","10":"taxable","11":"shipping-taxable","12":"purchasable","13":"product-type-simple"},"acf":{"editorial":[{"ID":148087,"post_author":"3","post_date":"2022-10-14 11:55:32","post_date_gmt":"2022-10-14 09:55:32","post_content":"","post_title":"EMBOLSILLO","post_excerpt":"","post_status":"publish","comment_status":"closed","ping_status":"closed","post_password":"","post_name":"embolsillo","to_ping":"","pinged":"","post_modified":"2022-10-14 11:55:32","post_modified_gmt":"2022-10-14 09:55:32","post_content_filtered":"","post_parent":0,"guid":"http:\/\/dev.claret.cat\/editorial\/embolsillo\/","menu_order":0,"post_type":"editorial","post_mime_type":"","comment_count":"0","filter":"raw"}],"autores-libros":[{"ID":161472,"post_author":"3","post_date":"2022-10-14 17:18:29","post_date_gmt":"2022-10-14 15:18:29","post_content":"","post_title":"KATARZYNA PUZYNSKA","post_excerpt":"","post_status":"publish","comment_status":"closed","ping_status":"closed","post_password":"","post_name":"katarzyna-puzynska","to_ping":"","pinged":"","post_modified":"2022-10-14 17:18:29","post_modified_gmt":"2022-10-14 15:18:29","post_content_filtered":"","post_parent":0,"guid":"http:\/\/dev.claret.cat\/autor\/katarzyna-puzynska\/","menu_order":0,"post_type":"autor","post_mime_type":"","comment_count":"0","filter":"raw"}],"autor":"PUZYNSKA , KATARZYNA","codart":"841608785","libros-coleccion":"EMBOLSILLO","ediciones":"1","encuadernacion":"R\u00fastica","fecha_de_publicacion":"01\/03\/2019","novedad":"1","paginas":"544","subtitulo":"","orden":"0","portada":"0","idioma":"spa"},"aioseo_notices":[],"_links":{"self":[{"href":"https:\/\/www.claret.cat\/es\/wp-json\/wp\/v2\/product\/138489","targetHints":{"allow":["GET"]}}],"collection":[{"href":"https:\/\/www.claret.cat\/es\/wp-json\/wp\/v2\/product"}],"about":[{"href":"https:\/\/www.claret.cat\/es\/wp-json\/wp\/v2\/types\/product"}],"wp:featuredmedia":[{"embeddable":true,"href":"https:\/\/www.claret.cat\/es\/wp-json\/wp\/v2\/media\/138490"}],"wp:attachment":[{"href":"https:\/\/www.claret.cat\/es\/wp-json\/wp\/v2\/media?parent=138489"}],"wp:term":[{"taxonomy":"product_brand","embeddable":true,"href":"https:\/\/www.claret.cat\/es\/wp-json\/wp\/v2\/product_brand?post=138489"},{"taxonomy":"product_cat","embeddable":true,"href":"https:\/\/www.claret.cat\/es\/wp-json\/wp\/v2\/product_cat?post=138489"},{"taxonomy":"product_tag","embeddable":true,"href":"https:\/\/www.claret.cat\/es\/wp-json\/wp\/v2\/product_tag?post=138489"}],"curies":[{"name":"wp","href":"https:\/\/api.w.org\/{rel}","templated":true}]}}