{"id":138507,"date":"2022-10-13T12:34:21","date_gmt":"2022-10-13T10:34:21","guid":{"rendered":"http:\/\/dev.claret.cat\/producte\/la-plenitud-del-amor-los-mandamientos-de-jesus\/"},"modified":"2024-05-24T04:50:21","modified_gmt":"2024-05-24T02:50:21","slug":"la-plenitud-del-amor-los-mandamientos-de-jesus-9788432150685","status":"publish","type":"product","link":"https:\/\/www.claret.cat\/es\/libro\/la-plenitud-del-amor-los-mandamientos-de-jesus-9788432150685\/","title":{"rendered":"LA PLENITUD DEL AMOR. LOS MANDAMIENTOS DE JES\u00daS"},"content":{"rendered":"<p>Este libro ahonda en la plenitud de los mandamientos de Jes\u00fas, y anima al lector a no conformarse con m\u00ednimos y a seguir de cerca a Cristo, meditando y viviendo sus ense\u00f1anzas.<\/p>\n","protected":false},"excerpt":{"rendered":"<p>ORDEIG, JORGE<\/p>\n","protected":false},"featured_media":344097,"template":"","meta":{"_acf_changed":false,"om_disable_all_campaigns":false,"rs_blank_template":"","rs_page_bg_color":"","slide_template_v7":"","inline_featured_image":false,"_monsterinsights_skip_tracking":false,"_monsterinsights_sitenote_active":false,"_monsterinsights_sitenote_note":"","_monsterinsights_sitenote_category":0},"product_brand":[],"product_cat":[91,541,345,79],"product_tag":[],"class_list":{"0":"post-138507","1":"product","2":"type-product","3":"status-publish","4":"has-post-thumbnail","6":"product_cat-cristologia","7":"product_cat-cristologia-1_espiritualidad-spa","8":"product_cat-espiritualidad","9":"product_cat-espiritualitat","11":"first","12":"instock","13":"taxable","14":"shipping-taxable","15":"purchasable","16":"product-type-simple"},"acf":{"editorial":[{"ID":6348,"post_author":"3","post_date":"2022-07-28 17:50:16","post_date_gmt":"2022-07-28 15:50:16","post_content":"","post_title":"Rialp","post_excerpt":"","post_status":"publish","comment_status":"closed","ping_status":"closed","post_password":"","post_name":"rialp","to_ping":"","pinged":"","post_modified":"2022-07-28 17:50:16","post_modified_gmt":"2022-07-28 15:50:16","post_content_filtered":"","post_parent":0,"guid":"http:\/\/dev.claret.cat\/editorial\/rialp\/","menu_order":0,"post_type":"editorial","post_mime_type":"","comment_count":"0","filter":"raw"}],"autor":"ORDEIG, JORGE","codart":"843215068","libros-coleccion":"PATMOS","ediciones":"1","encuadernacion":"R\u00fastica","fecha_de_publicacion":"11\/03\/2019","novedad":"1","paginas":"224","subtitulo":"LOS MANDAMIENTOS DE JES\u00daS","orden":"0","portada":"0","idioma":"spa","autores-libros":[{"ID":160097,"post_author":"3","post_date":"2022-10-14 15:50:16","post_date_gmt":"2022-10-14 13:50:16","post_content":"","post_title":"JORGE ORDEIG","post_excerpt":"","post_status":"publish","comment_status":"closed","ping_status":"closed","post_password":"","post_name":"jorge-ordeig","to_ping":"","pinged":"","post_modified":"2022-10-14 15:50:16","post_modified_gmt":"2022-10-14 13:50:16","post_content_filtered":"","post_parent":0,"guid":"http:\/\/dev.claret.cat\/autor\/jorge-ordeig\/","menu_order":0,"post_type":"autor","post_mime_type":"","comment_count":"0","filter":"raw"}]},"aioseo_notices":[],"_links":{"self":[{"href":"https:\/\/www.claret.cat\/es\/wp-json\/wp\/v2\/product\/138507","targetHints":{"allow":["GET"]}}],"collection":[{"href":"https:\/\/www.claret.cat\/es\/wp-json\/wp\/v2\/product"}],"about":[{"href":"https:\/\/www.claret.cat\/es\/wp-json\/wp\/v2\/types\/product"}],"wp:featuredmedia":[{"embeddable":true,"href":"https:\/\/www.claret.cat\/es\/wp-json\/wp\/v2\/media\/344097"}],"wp:attachment":[{"href":"https:\/\/www.claret.cat\/es\/wp-json\/wp\/v2\/media?parent=138507"}],"wp:term":[{"taxonomy":"product_brand","embeddable":true,"href":"https:\/\/www.claret.cat\/es\/wp-json\/wp\/v2\/product_brand?post=138507"},{"taxonomy":"product_cat","embeddable":true,"href":"https:\/\/www.claret.cat\/es\/wp-json\/wp\/v2\/product_cat?post=138507"},{"taxonomy":"product_tag","embeddable":true,"href":"https:\/\/www.claret.cat\/es\/wp-json\/wp\/v2\/product_tag?post=138507"}],"curies":[{"name":"wp","href":"https:\/\/api.w.org\/{rel}","templated":true}]}}