{"id":138621,"date":"2022-10-13T12:36:12","date_gmt":"2022-10-13T10:36:12","guid":{"rendered":"http:\/\/dev.claret.cat\/producte\/jugar-al-aire-libre\/"},"modified":"2023-01-28T08:52:20","modified_gmt":"2023-01-28T07:52:20","slug":"jugar-al-aire-libre-9788417622336","status":"publish","type":"product","link":"https:\/\/www.claret.cat\/es\/libro\/jugar-al-aire-libre-9788417622336\/","title":{"rendered":"JUGAR AL AIRE LIBRE"},"content":{"rendered":"<p>Los ni\u00f1os de hoy son sometidos a un verdadero arresto domiciliario debido a los miedos que tienen los padres; a la apretada agenda de \u00abingl\u00e9s-viol\u00edn-ballet\u00bb que hay que cumplir para que tengan m\u00e1s \u00aboportunidades\u00bb, y tambi\u00e9n a lo inc\u00f3modo que resulta muchas veces que se ensucien. Pero \u00bfse puede tener una infancia completa sin trepar a los \u00e1rboles, sin jugar en el barro o sin hacer caba\u00f1as secretas con ramas en medio del campo?<br \/> Que el juego es una necesidad vital para los ni\u00f1os es algo que nadie discute. Sin embargo, del tiempo que pasan jugando, solo unos pocos lo hacen al aire libre, sin m\u00e1s elementos que los que encuentran en la naturaleza. Y es precisamente este tipo de juego el que resulta m\u00e1s beneficioso para el desarrollo f\u00edsico, intelectual y emocional. Porque jugar significa placer, riesgo y libertad, tres competencias que<br \/> se aprenden mejor de peque\u00f1o.<br \/> En Jugar al aire libre, la autora, bi\u00f3loga, educadora y fundadora de la primera escuela infantil al aire libre, explica por qu\u00e9 jugar fuera es imprescindible en el crecimiento de<br \/> los ni\u00f1os y qu\u00e9 podemos hacer para fomentarlo.<\/p>\n","protected":false},"excerpt":{"rendered":"<p>HUESO, KATIA<\/p>\n","protected":false},"featured_media":138622,"template":"","meta":{"_acf_changed":false,"om_disable_all_campaigns":false,"rs_blank_template":"","rs_page_bg_color":"","slide_template_v7":"","inline_featured_image":false,"_monsterinsights_skip_tracking":false,"_monsterinsights_sitenote_active":false,"_monsterinsights_sitenote_note":"","_monsterinsights_sitenote_category":0},"product_brand":[],"product_cat":[82],"product_tag":[],"class_list":{"0":"post-138621","1":"product","2":"type-product","3":"status-publish","4":"has-post-thumbnail","6":"product_cat-pedagogia","8":"first","9":"instock","10":"taxable","11":"shipping-taxable","12":"purchasable","13":"product-type-simple"},"acf":{"autores-libros":[{"ID":5700,"post_author":"3","post_date":"2022-07-28 17:29:36","post_date_gmt":"2022-07-28 15:29:36","post_content":"","post_title":"KATIA HUESO","post_excerpt":"","post_status":"publish","comment_status":"closed","ping_status":"closed","post_password":"","post_name":"katia-hueso","to_ping":"","pinged":"","post_modified":"2022-07-28 17:29:36","post_modified_gmt":"2022-07-28 15:29:36","post_content_filtered":"","post_parent":0,"guid":"http:\/\/dev.claret.cat\/autor\/katia-hueso\/","menu_order":0,"post_type":"autor","post_mime_type":"","comment_count":"0","filter":"raw"}],"autor":"HUESO, KATIA","codart":"841762233","libros-coleccion":"PLATAFORMA ACTUAL","ediciones":"1","encuadernacion":"R\u00fastica","fecha_de_publicacion":"01\/02\/2019","novedad":"1","paginas":"236","subtitulo":"","orden":"0","portada":"0","idioma":"spa","editorial":[{"ID":147355,"post_author":"3","post_date":"2022-10-14 11:49:56","post_date_gmt":"2022-10-14 09:49:56","post_content":"","post_title":"(378) PLATAFORMA EDITORIAL","post_excerpt":"","post_status":"publish","comment_status":"closed","ping_status":"closed","post_password":"","post_name":"378-plataforma-editorial","to_ping":"","pinged":"","post_modified":"2022-10-14 11:49:56","post_modified_gmt":"2022-10-14 09:49:56","post_content_filtered":"","post_parent":0,"guid":"http:\/\/dev.claret.cat\/editorial\/378-plataforma-editorial\/","menu_order":0,"post_type":"editorial","post_mime_type":"","comment_count":"0","filter":"raw"}]},"aioseo_notices":[],"_links":{"self":[{"href":"https:\/\/www.claret.cat\/es\/wp-json\/wp\/v2\/product\/138621","targetHints":{"allow":["GET"]}}],"collection":[{"href":"https:\/\/www.claret.cat\/es\/wp-json\/wp\/v2\/product"}],"about":[{"href":"https:\/\/www.claret.cat\/es\/wp-json\/wp\/v2\/types\/product"}],"wp:featuredmedia":[{"embeddable":true,"href":"https:\/\/www.claret.cat\/es\/wp-json\/wp\/v2\/media\/138622"}],"wp:attachment":[{"href":"https:\/\/www.claret.cat\/es\/wp-json\/wp\/v2\/media?parent=138621"}],"wp:term":[{"taxonomy":"product_brand","embeddable":true,"href":"https:\/\/www.claret.cat\/es\/wp-json\/wp\/v2\/product_brand?post=138621"},{"taxonomy":"product_cat","embeddable":true,"href":"https:\/\/www.claret.cat\/es\/wp-json\/wp\/v2\/product_cat?post=138621"},{"taxonomy":"product_tag","embeddable":true,"href":"https:\/\/www.claret.cat\/es\/wp-json\/wp\/v2\/product_tag?post=138621"}],"curies":[{"name":"wp","href":"https:\/\/api.w.org\/{rel}","templated":true}]}}