{"id":138894,"date":"2022-10-13T12:40:28","date_gmt":"2022-10-13T10:40:28","guid":{"rendered":"http:\/\/dev.claret.cat\/producte\/la-teoria-de-limbecil\/"},"modified":"2025-06-05T10:58:22","modified_gmt":"2025-06-05T08:58:22","slug":"la-teoria-de-limbecil-9788494791482","status":"publish","type":"product","link":"https:\/\/www.claret.cat\/es\/libro\/la-teoria-de-limbecil-9788494791482\/","title":{"rendered":"LA TEORIA DE L&#8217;IMB\u00c8CIL"},"content":{"rendered":"<p>Joan Garcia \u00e9s periodista i treballa en un mitj\u00e0 digital. Difama m\u00e9s que informa i est\u00e0 de tornada de tot. Nom\u00e9s la seva amistat amb una altra reportera, Alexandra Riu, l&#8217;ajuda a suportar el dia a dia de la seva feina. Una nit, fent broma amb ella, redacta la falsa not\u00edcia de la mort d&#8217;un diputat del Parlament de Catalunya. L&#8217;endem\u00e0, el pol\u00edtic apareix mort. Al mateix temps que el protagonista investiga si \u00e9s una macabra coincid\u00e8ncia o b\u00e9 t\u00e9 un s\u00faper poder ple de possibilitats.<\/p>\n","protected":false},"excerpt":{"rendered":"<p>PRIETO, PEP<\/p>\n","protected":false},"featured_media":138895,"template":"","meta":{"_acf_changed":false,"om_disable_all_campaigns":false,"rs_blank_template":"","rs_page_bg_color":"","slide_template_v7":"","inline_featured_image":false,"_monsterinsights_skip_tracking":false,"_monsterinsights_sitenote_active":false,"_monsterinsights_sitenote_note":"","_monsterinsights_sitenote_category":0},"product_brand":[],"product_cat":[87,353],"product_tag":[],"class_list":{"0":"post-138894","1":"product","2":"type-product","3":"status-publish","4":"has-post-thumbnail","6":"product_cat-literatura","7":"product_cat-literatura-2_humanidades","9":"first","10":"instock","11":"taxable","12":"shipping-taxable","13":"purchasable","14":"product-type-simple"},"acf":{"editorial":[{"ID":147451,"post_author":"3","post_date":"2022-10-14 11:50:41","post_date_gmt":"2022-10-14 09:50:41","post_content":"","post_title":"Apostroph, Edicions i Propostes Cultural","post_excerpt":"","post_status":"publish","comment_status":"closed","ping_status":"closed","post_password":"","post_name":"apostroph-edicions-i-propostes-cultural","to_ping":"","pinged":"","post_modified":"2022-10-14 11:50:41","post_modified_gmt":"2022-10-14 09:50:41","post_content_filtered":"","post_parent":0,"guid":"http:\/\/dev.claret.cat\/editorial\/apostroph-edicions-i-propostes-cultural\/","menu_order":0,"post_type":"editorial","post_mime_type":"","comment_count":"0","filter":"raw"}],"autor":"PRIETO, PEP","codart":"849479148","libros-coleccion":"","ediciones":"1","encuadernacion":"R\u00fastica","fecha_de_publicacion":"01\/02\/2019","novedad":"1","paginas":"129","subtitulo":"","orden":"0","portada":"0","idioma":"cat","autores-libros":[{"ID":166963,"post_author":"3","post_date":"2022-10-14 18:07:26","post_date_gmt":"2022-10-14 16:07:26","post_content":"","post_title":"PEP PRIETO","post_excerpt":"","post_status":"publish","comment_status":"closed","ping_status":"closed","post_password":"","post_name":"pep-prieto","to_ping":"","pinged":"","post_modified":"2022-10-14 18:07:26","post_modified_gmt":"2022-10-14 16:07:26","post_content_filtered":"","post_parent":0,"guid":"http:\/\/dev.claret.cat\/autor\/pep-prieto\/","menu_order":0,"post_type":"autor","post_mime_type":"","comment_count":"0","filter":"raw"}],"booktrailer":"","resenas":""},"aioseo_notices":[],"_links":{"self":[{"href":"https:\/\/www.claret.cat\/es\/wp-json\/wp\/v2\/product\/138894","targetHints":{"allow":["GET"]}}],"collection":[{"href":"https:\/\/www.claret.cat\/es\/wp-json\/wp\/v2\/product"}],"about":[{"href":"https:\/\/www.claret.cat\/es\/wp-json\/wp\/v2\/types\/product"}],"wp:featuredmedia":[{"embeddable":true,"href":"https:\/\/www.claret.cat\/es\/wp-json\/wp\/v2\/media\/138895"}],"wp:attachment":[{"href":"https:\/\/www.claret.cat\/es\/wp-json\/wp\/v2\/media?parent=138894"}],"wp:term":[{"taxonomy":"product_brand","embeddable":true,"href":"https:\/\/www.claret.cat\/es\/wp-json\/wp\/v2\/product_brand?post=138894"},{"taxonomy":"product_cat","embeddable":true,"href":"https:\/\/www.claret.cat\/es\/wp-json\/wp\/v2\/product_cat?post=138894"},{"taxonomy":"product_tag","embeddable":true,"href":"https:\/\/www.claret.cat\/es\/wp-json\/wp\/v2\/product_tag?post=138894"}],"curies":[{"name":"wp","href":"https:\/\/api.w.org\/{rel}","templated":true}]}}