{"id":13899,"date":"2022-10-01T22:17:21","date_gmt":"2022-10-01T20:17:21","guid":{"rendered":"http:\/\/dev.claret.cat\/producte\/exploradors-de-locea\/"},"modified":"2023-01-28T23:15:35","modified_gmt":"2023-01-28T22:15:35","slug":"exploradors-de-locea-9788468258829","status":"publish","type":"product","link":"https:\/\/www.claret.cat\/es\/libro\/exploradors-de-locea-9788468258829\/","title":{"rendered":"EXPLORADORS DE L&#8217;OCE\u00c0"},"content":{"rendered":"<p>Els llibres i les caixes Montessori contenen activitats l\u00fadiques destinades a fomentar el desenvolupament de les principals habilitats cognitives de les nenes i els nens, com el reconeixement de nombres, formes, colors, plantes i animals.<br \/>No nom\u00e9s estimulen l&#8217;aprenentatge a trav\u00e9s del joc, sin\u00f3 que promouen el seu inter\u00e8s per aprendre conceptes, habilitats, actituds i valors d&#8217;una forma divertida i aut\u00f2noma.<\/p>\n","protected":false},"excerpt":{"rendered":"<p>S. WEISS<\/p>\n","protected":false},"featured_media":69434,"template":"","meta":{"_acf_changed":false,"om_disable_all_campaigns":false,"rs_blank_template":"","rs_page_bg_color":"","slide_template_v7":"","inline_featured_image":false,"_monsterinsights_skip_tracking":false,"_monsterinsights_sitenote_active":false,"_monsterinsights_sitenote_note":"","_monsterinsights_sitenote_category":0},"product_brand":[],"product_cat":[86],"product_tag":[],"class_list":{"0":"post-13899","1":"product","2":"type-product","3":"status-publish","4":"has-post-thumbnail","6":"product_cat-infantil","8":"first","9":"instock","10":"taxable","11":"shipping-taxable","12":"purchasable","13":"product-type-simple"},"acf":{"autor":"S. WEISS","codart":"846825882","libros-coleccion":"Vvkids Libros Para Saber M\u00e1s","ediciones":"1","encuadernacion":"Carton\u00e9","fecha_de_publicacion":"01\/09\/2018","novedad":"1","paginas":"71","subtitulo":"","orden":"0","portada":"0","idioma":"cat","editorial":[{"ID":148051,"post_author":"3","post_date":"2022-10-14 11:55:15","post_date_gmt":"2022-10-14 09:55:15","post_content":"","post_title":"Editorial Vicens Vives","post_excerpt":"","post_status":"publish","comment_status":"closed","ping_status":"closed","post_password":"","post_name":"editorial-vicens-vives","to_ping":"","pinged":"","post_modified":"2022-10-14 11:55:15","post_modified_gmt":"2022-10-14 09:55:15","post_content_filtered":"","post_parent":0,"guid":"http:\/\/dev.claret.cat\/editorial\/editorial-vicens-vives\/","menu_order":0,"post_type":"editorial","post_mime_type":"","comment_count":"0","filter":"raw"}],"autores-libros":[{"ID":168746,"post_author":"3","post_date":"2022-10-14 22:21:36","post_date_gmt":"2022-10-14 20:21:36","post_content":"","post_title":"S. WEISS","post_excerpt":"","post_status":"publish","comment_status":"closed","ping_status":"closed","post_password":"","post_name":"s-weiss","to_ping":"","pinged":"","post_modified":"2022-10-14 22:21:36","post_modified_gmt":"2022-10-14 20:21:36","post_content_filtered":"","post_parent":0,"guid":"http:\/\/dev.claret.cat\/autor\/s-weiss\/","menu_order":0,"post_type":"autor","post_mime_type":"","comment_count":"0","filter":"raw"}]},"aioseo_notices":[],"_links":{"self":[{"href":"https:\/\/www.claret.cat\/es\/wp-json\/wp\/v2\/product\/13899","targetHints":{"allow":["GET"]}}],"collection":[{"href":"https:\/\/www.claret.cat\/es\/wp-json\/wp\/v2\/product"}],"about":[{"href":"https:\/\/www.claret.cat\/es\/wp-json\/wp\/v2\/types\/product"}],"wp:featuredmedia":[{"embeddable":true,"href":"https:\/\/www.claret.cat\/es\/wp-json\/wp\/v2\/media\/69434"}],"wp:attachment":[{"href":"https:\/\/www.claret.cat\/es\/wp-json\/wp\/v2\/media?parent=13899"}],"wp:term":[{"taxonomy":"product_brand","embeddable":true,"href":"https:\/\/www.claret.cat\/es\/wp-json\/wp\/v2\/product_brand?post=13899"},{"taxonomy":"product_cat","embeddable":true,"href":"https:\/\/www.claret.cat\/es\/wp-json\/wp\/v2\/product_cat?post=13899"},{"taxonomy":"product_tag","embeddable":true,"href":"https:\/\/www.claret.cat\/es\/wp-json\/wp\/v2\/product_tag?post=13899"}],"curies":[{"name":"wp","href":"https:\/\/api.w.org\/{rel}","templated":true}]}}