{"id":139005,"date":"2022-10-13T12:41:56","date_gmt":"2022-10-13T10:41:56","guid":{"rendered":"http:\/\/dev.claret.cat\/producte\/las-legendarias-aventuras-de-chiquito\/"},"modified":"2026-02-23T13:50:16","modified_gmt":"2026-02-23T12:50:16","slug":"las-legendarias-aventuras-de-chiquito-9788499987231","status":"publish","type":"product","link":"https:\/\/www.claret.cat\/es\/libro\/las-legendarias-aventuras-de-chiquito-9788499987231\/","title":{"rendered":"LAS LEGENDARIAS AVENTURAS DE CHIQUITO"},"content":{"rendered":"<p>Vamos a jugar al juego del tel\u00e9fono. Ese en el que alguien cuenta una historia que pasa de boca a oreja para llegar al final de la cadena notablemente alterada y, seamos sinceros, bastante mejorada. Pues bien, el origen de esta cadena no es otro que el gran Chiquito de la Calzada y la historia, su propia vida. Una existencia plagada de peripecias, amor y, por supuesto, mucho humor.\u00a0<br \/> De Andaluc\u00eda a Jap\u00f3n y de regreso, de los tablados de flamenco a los plat\u00f3s de la televisi\u00f3n y el cine, \u00e9ste es el relato de un ascenso insospechado a la cima del mundo del espect\u00e1culo. Una traves\u00eda que, junto a \u00e9l, recorri\u00f3 Arito Katana, palmero y amigo \u00edntimo de Chiquito. Fue Arito quien decidi\u00f3 contarle todo lo ocurrido a Sergio Mora.<br \/> \u00bfConoci\u00f3 Chiquito realmente a Steven Spielberg? \u00bfLe ense\u00f1\u00f3 el\u00a0moonwalker\u00a0a Michael Jackson? \u00bfSe fue de fiesta con Iggy Pop? \u00bfCant\u00f3 con la Princesa Leia? No estamos seguros de que importe responder. La realidad, a fin de cuentas, es algo mucho menos interesante que la verdad.<\/p>\n","protected":false},"excerpt":{"rendered":"<p>MORA, SERGIO<\/p>\n","protected":false},"featured_media":1085630,"template":"","meta":{"_acf_changed":false,"om_disable_all_campaigns":false,"rs_blank_template":"","rs_page_bg_color":"","slide_template_v7":"","inline_featured_image":false,"_monsterinsights_skip_tracking":false,"_monsterinsights_sitenote_active":false,"_monsterinsights_sitenote_note":"","_monsterinsights_sitenote_category":0},"product_brand":[],"product_cat":[114,563],"product_tag":[],"class_list":{"0":"post-139005","1":"product","2":"type-product","3":"status-publish","4":"has-post-thumbnail","6":"product_cat-humor-grafic","7":"product_cat-humor-grafico","9":"first","10":"outofstock","11":"taxable","12":"shipping-taxable","13":"purchasable","14":"product-type-simple"},"acf":{"editorial":[{"ID":6209,"post_author":"3","post_date":"2022-07-28 17:47:12","post_date_gmt":"2022-07-28 15:47:12","post_content":"","post_title":"Ediciones Temas de Hoy","post_excerpt":"","post_status":"publish","comment_status":"closed","ping_status":"closed","post_password":"","post_name":"ediciones-temas-de-hoy","to_ping":"","pinged":"","post_modified":"2022-07-28 17:47:12","post_modified_gmt":"2022-07-28 15:47:12","post_content_filtered":"","post_parent":0,"guid":"http:\/\/dev.claret.cat\/editorial\/ediciones-temas-de-hoy\/","menu_order":0,"post_type":"editorial","post_mime_type":"","comment_count":"0","filter":"raw"}],"autor":"MORA, SERGIO","codart":"849998723","libros-coleccion":"temas de hoy","ediciones":"1","encuadernacion":"Carton\u00e9","fecha_de_publicacion":"01\/03\/2019","novedad":"0","paginas":"192","subtitulo":"","orden":"0","portada":"0","idioma":"spa","autores-libros":[{"ID":169348,"post_author":"3","post_date":"2022-10-14 22:26:30","post_date_gmt":"2022-10-14 20:26:30","post_content":"","post_title":"SERGIO MORA","post_excerpt":"","post_status":"publish","comment_status":"closed","ping_status":"closed","post_password":"","post_name":"sergio-mora","to_ping":"","pinged":"","post_modified":"2022-10-14 22:26:30","post_modified_gmt":"2022-10-14 20:26:30","post_content_filtered":"","post_parent":0,"guid":"http:\/\/dev.claret.cat\/autor\/sergio-mora\/","menu_order":0,"post_type":"autor","post_mime_type":"","comment_count":"0","filter":"raw"}],"booktrailer":"","resenas":""},"aioseo_notices":[],"_links":{"self":[{"href":"https:\/\/www.claret.cat\/es\/wp-json\/wp\/v2\/product\/139005","targetHints":{"allow":["GET"]}}],"collection":[{"href":"https:\/\/www.claret.cat\/es\/wp-json\/wp\/v2\/product"}],"about":[{"href":"https:\/\/www.claret.cat\/es\/wp-json\/wp\/v2\/types\/product"}],"wp:featuredmedia":[{"embeddable":true,"href":"https:\/\/www.claret.cat\/es\/wp-json\/wp\/v2\/media\/1085630"}],"wp:attachment":[{"href":"https:\/\/www.claret.cat\/es\/wp-json\/wp\/v2\/media?parent=139005"}],"wp:term":[{"taxonomy":"product_brand","embeddable":true,"href":"https:\/\/www.claret.cat\/es\/wp-json\/wp\/v2\/product_brand?post=139005"},{"taxonomy":"product_cat","embeddable":true,"href":"https:\/\/www.claret.cat\/es\/wp-json\/wp\/v2\/product_cat?post=139005"},{"taxonomy":"product_tag","embeddable":true,"href":"https:\/\/www.claret.cat\/es\/wp-json\/wp\/v2\/product_tag?post=139005"}],"curies":[{"name":"wp","href":"https:\/\/api.w.org\/{rel}","templated":true}]}}