{"id":139086,"date":"2022-10-13T12:43:03","date_gmt":"2022-10-13T10:43:03","guid":{"rendered":"http:\/\/dev.claret.cat\/producte\/ajuste-de-cuentas-4\/"},"modified":"2025-02-04T18:07:04","modified_gmt":"2025-02-04T17:07:04","slug":"ajuste-de-cuentas-9788490569405","status":"publish","type":"product","link":"https:\/\/www.claret.cat\/es\/libro\/ajuste-de-cuentas-9788490569405\/","title":{"rendered":"AJUSTE DE CUENTAS"},"content":{"rendered":"<p>Mientras pasea por Boston, Jack Reacher ve el rostro de un hombre al que conoci\u00f3 cuando estaba en el ej\u00e9rcito y que deber\u00eda llevar muerto diez a\u00f1os. Desde ese momento, Reacher solo tiene un prop\u00f3sito: acabar con \u00e9l. No va a ser nada f\u00e1cil. Su presa est\u00e1 relacionada con una red ilegal que est\u00e1 siendo investigada por la DEA. Reacher se ver\u00e1 obligado a actuar como agente infiltrado para lograr su objetivo. Sabe que es una misi\u00f3n suicida, pero \u00e9l no es de los que deja los trabajos a medias.<\/p>\n","protected":false},"excerpt":{"rendered":"<p>CHILD LEE<\/p>\n","protected":false},"featured_media":139087,"template":"","meta":{"_acf_changed":false,"om_disable_all_campaigns":false,"rs_blank_template":"","rs_page_bg_color":"","slide_template_v7":"","inline_featured_image":false,"_monsterinsights_skip_tracking":false,"_monsterinsights_sitenote_active":false,"_monsterinsights_sitenote_note":"","_monsterinsights_sitenote_category":0},"product_brand":[],"product_cat":[87,353],"product_tag":[],"class_list":{"0":"post-139086","1":"product","2":"type-product","3":"status-publish","4":"has-post-thumbnail","6":"product_cat-literatura","7":"product_cat-literatura-2_humanidades","9":"first","10":"instock","11":"taxable","12":"shipping-taxable","13":"purchasable","14":"product-type-simple"},"acf":{"editorial":[{"ID":148737,"post_author":"3","post_date":"2022-10-14 12:00:35","post_date_gmt":"2022-10-14 10:00:35","post_content":"","post_title":"RBA Libros","post_excerpt":"","post_status":"publish","comment_status":"closed","ping_status":"closed","post_password":"","post_name":"rba-libros","to_ping":"","pinged":"","post_modified":"2022-10-14 12:00:35","post_modified_gmt":"2022-10-14 10:00:35","post_content_filtered":"","post_parent":0,"guid":"http:\/\/dev.claret.cat\/editorial\/rba-libros\/","menu_order":0,"post_type":"editorial","post_mime_type":"","comment_count":"0","filter":"raw"}],"autor":"CHILD LEE","codart":"849056940","libros-coleccion":"NOVELA POLIC\u00cdACA BIB","ediciones":"1","encuadernacion":"Carton\u00e9","fecha_de_publicacion":"01\/03\/2019","novedad":"1","paginas":"510","subtitulo":"","orden":"0","portada":"0","idioma":"spa","autores-libros":[{"ID":152837,"post_author":"3","post_date":"2022-10-14 14:51:58","post_date_gmt":"2022-10-14 12:51:58","post_content":"","post_title":"CHILD LEE","post_excerpt":"","post_status":"publish","comment_status":"closed","ping_status":"closed","post_password":"","post_name":"child-lee","to_ping":"","pinged":"","post_modified":"2022-10-14 14:51:58","post_modified_gmt":"2022-10-14 12:51:58","post_content_filtered":"","post_parent":0,"guid":"http:\/\/dev.claret.cat\/autor\/child-lee\/","menu_order":0,"post_type":"autor","post_mime_type":"","comment_count":"0","filter":"raw"}]},"aioseo_notices":[],"_links":{"self":[{"href":"https:\/\/www.claret.cat\/es\/wp-json\/wp\/v2\/product\/139086","targetHints":{"allow":["GET"]}}],"collection":[{"href":"https:\/\/www.claret.cat\/es\/wp-json\/wp\/v2\/product"}],"about":[{"href":"https:\/\/www.claret.cat\/es\/wp-json\/wp\/v2\/types\/product"}],"wp:featuredmedia":[{"embeddable":true,"href":"https:\/\/www.claret.cat\/es\/wp-json\/wp\/v2\/media\/139087"}],"wp:attachment":[{"href":"https:\/\/www.claret.cat\/es\/wp-json\/wp\/v2\/media?parent=139086"}],"wp:term":[{"taxonomy":"product_brand","embeddable":true,"href":"https:\/\/www.claret.cat\/es\/wp-json\/wp\/v2\/product_brand?post=139086"},{"taxonomy":"product_cat","embeddable":true,"href":"https:\/\/www.claret.cat\/es\/wp-json\/wp\/v2\/product_cat?post=139086"},{"taxonomy":"product_tag","embeddable":true,"href":"https:\/\/www.claret.cat\/es\/wp-json\/wp\/v2\/product_tag?post=139086"}],"curies":[{"name":"wp","href":"https:\/\/api.w.org\/{rel}","templated":true}]}}