{"id":139101,"date":"2022-10-13T12:43:14","date_gmt":"2022-10-13T10:43:14","guid":{"rendered":"http:\/\/dev.claret.cat\/producte\/cuina-mare\/"},"modified":"2024-01-31T16:58:23","modified_gmt":"2024-01-31T15:58:23","slug":"cuina-mare-9788466424844","status":"publish","type":"product","link":"https:\/\/www.claret.cat\/es\/libro\/cuina-mare-9788466424844\/","title":{"rendered":"CUINA MARE"},"content":{"rendered":"<p>Despr\u00e9s de dedicar els seus dos llibres anteriors a les t\u00e8cniques culin\u00e0ries, Joan Roca recupera, en aquest llibre, la cuina tradicional de les mares, les receptes de sempre, amb l&#8217;objectiu que tothom pugui cuinar a casa. Sense perdre el seu toc de qualitat, ens ofereix receptes sense complicacions, ni tecnicismes.<br \/>Quines receptes s&#8217;inclouen en el llibre?<br \/>Receptes de tota la vida, les receptes de les nostres mares.<br \/>Receptes de tota la vida adaptades a la cuina actual. Per exemple, receptes baixes en greixos.<br \/>Plats de sempre per\u00f2 amb una versi\u00f3 modernitzada.<br \/>El llibre comptar\u00e0 amb una distribuci\u00f3 cl\u00e0ssica de receptes: entrants, peixos, carns, ous, verdures i postres; aix\u00ed com amb una breu introducci\u00f3 a les t\u00e8cniques fonamentals de la cuina.<\/p>\n","protected":false},"excerpt":{"rendered":"<p>ROCA, JOAN<\/p>\n","protected":false},"featured_media":139102,"template":"","meta":{"_acf_changed":false,"om_disable_all_campaigns":false,"rs_blank_template":"","rs_page_bg_color":"","slide_template_v7":"","inline_featured_image":false,"_monsterinsights_skip_tracking":false,"_monsterinsights_sitenote_active":false,"_monsterinsights_sitenote_note":"","_monsterinsights_sitenote_category":0},"product_brand":[],"product_cat":[553,103],"product_tag":[],"class_list":{"0":"post-139101","1":"product","2":"type-product","3":"status-publish","4":"has-post-thumbnail","6":"product_cat-cocina","7":"product_cat-cuina","9":"first","10":"instock","11":"taxable","12":"shipping-taxable","13":"purchasable","14":"product-type-simple"},"acf":{"editorial":[{"ID":6166,"post_author":"3","post_date":"2022-07-28 17:46:19","post_date_gmt":"2022-07-28 15:46:19","post_content":"","post_title":"Columna CAT","post_excerpt":"","post_status":"publish","comment_status":"closed","ping_status":"closed","post_password":"","post_name":"columna-cat","to_ping":"","pinged":"","post_modified":"2022-07-28 17:46:19","post_modified_gmt":"2022-07-28 15:46:19","post_content_filtered":"","post_parent":0,"guid":"http:\/\/dev.claret.cat\/editorial\/columna-cat\/","menu_order":0,"post_type":"editorial","post_mime_type":"","comment_count":"0","filter":"raw"}],"autor":"ROCA, JOAN","codart":"846642484","libros-coleccion":"FORA DE COL.LECCI\u00d3","ediciones":"1","encuadernacion":"Carton\u00e9","fecha_de_publicacion":"01\/03\/2019","novedad":"1","paginas":"216","subtitulo":"RECEPTES SENZILLES I TRADICIONALS PER CUINAR A CASA","orden":"0","portada":"0","idioma":"cat","autores-libros":[{"ID":159410,"post_author":"3","post_date":"2022-10-14 15:44:37","post_date_gmt":"2022-10-14 13:44:37","post_content":"","post_title":"JOAN ROCA","post_excerpt":"","post_status":"publish","comment_status":"closed","ping_status":"closed","post_password":"","post_name":"joan-roca","to_ping":"","pinged":"","post_modified":"2022-10-14 15:44:37","post_modified_gmt":"2022-10-14 13:44:37","post_content_filtered":"","post_parent":0,"guid":"http:\/\/dev.claret.cat\/autor\/joan-roca\/","menu_order":0,"post_type":"autor","post_mime_type":"","comment_count":"0","filter":"raw"}]},"aioseo_notices":[],"_links":{"self":[{"href":"https:\/\/www.claret.cat\/es\/wp-json\/wp\/v2\/product\/139101","targetHints":{"allow":["GET"]}}],"collection":[{"href":"https:\/\/www.claret.cat\/es\/wp-json\/wp\/v2\/product"}],"about":[{"href":"https:\/\/www.claret.cat\/es\/wp-json\/wp\/v2\/types\/product"}],"wp:featuredmedia":[{"embeddable":true,"href":"https:\/\/www.claret.cat\/es\/wp-json\/wp\/v2\/media\/139102"}],"wp:attachment":[{"href":"https:\/\/www.claret.cat\/es\/wp-json\/wp\/v2\/media?parent=139101"}],"wp:term":[{"taxonomy":"product_brand","embeddable":true,"href":"https:\/\/www.claret.cat\/es\/wp-json\/wp\/v2\/product_brand?post=139101"},{"taxonomy":"product_cat","embeddable":true,"href":"https:\/\/www.claret.cat\/es\/wp-json\/wp\/v2\/product_cat?post=139101"},{"taxonomy":"product_tag","embeddable":true,"href":"https:\/\/www.claret.cat\/es\/wp-json\/wp\/v2\/product_tag?post=139101"}],"curies":[{"name":"wp","href":"https:\/\/api.w.org\/{rel}","templated":true}]}}