{"id":139152,"date":"2022-10-13T12:43:55","date_gmt":"2022-10-13T10:43:55","guid":{"rendered":"http:\/\/dev.claret.cat\/producte\/bon-dia-5\/"},"modified":"2025-04-07T11:21:54","modified_gmt":"2025-04-07T09:21:54","slug":"bon-dia-9788494977411","status":"publish","type":"product","link":"https:\/\/www.claret.cat\/es\/libro\/bon-dia-9788494977411\/","title":{"rendered":"BON DIA"},"content":{"rendered":"<p>Un conte basat en la can\u00e7\u00f3 hom\u00f2nima d\u2019Els Pets, que explica el despertar d\u2019un poble i us convida a viure l\u2019aventura d\u2019un \u201cBon dia!\u201d<\/p>\n","protected":false},"excerpt":{"rendered":"<p>FIGUERAS TORTRAS, LAIA \/ PUYUELO CAPELLAS, N\u00daRIA<\/p>\n","protected":false},"featured_media":139153,"template":"","meta":{"_acf_changed":false,"om_disable_all_campaigns":false,"rs_blank_template":"","rs_page_bg_color":"","slide_template_v7":"","inline_featured_image":false,"_monsterinsights_skip_tracking":false,"_monsterinsights_sitenote_active":false,"_monsterinsights_sitenote_note":"","_monsterinsights_sitenote_category":0},"product_brand":[],"product_cat":[86,352],"product_tag":[],"class_list":{"0":"post-139152","1":"product","2":"type-product","3":"status-publish","4":"has-post-thumbnail","6":"product_cat-infantil","7":"product_cat-infantil-3_infantil-juvenil-spa","9":"first","10":"instock","11":"taxable","12":"shipping-taxable","13":"purchasable","14":"product-type-simple"},"acf":{"editorial":[{"ID":148010,"post_author":"3","post_date":"2022-10-14 11:54:56","post_date_gmt":"2022-10-14 09:54:56","post_content":"","post_title":"Editorial Nanit","post_excerpt":"","post_status":"publish","comment_status":"closed","ping_status":"closed","post_password":"","post_name":"editorial-nanit","to_ping":"","pinged":"","post_modified":"2022-10-14 11:54:56","post_modified_gmt":"2022-10-14 09:54:56","post_content_filtered":"","post_parent":0,"guid":"http:\/\/dev.claret.cat\/editorial\/editorial-nanit\/","menu_order":0,"post_type":"editorial","post_mime_type":"","comment_count":"0","filter":"raw"}],"autor":"FIGUERAS TORTRAS, LAIA \/ PUYUELO CAPELLAS, N\u00daRIA","codart":"849497741","libros-coleccion":"","ediciones":"1","encuadernacion":"Carton\u00e9","fecha_de_publicacion":"01\/03\/2019","novedad":"1","paginas":"45","subtitulo":"UNA CAN\u00c7\u00d3 CONTADA D''ELS PETS","orden":"0","portada":"0","idioma":"cat","autores-libros":[{"ID":161836,"post_author":"3","post_date":"2022-10-14 17:26:15","post_date_gmt":"2022-10-14 15:26:15","post_content":"","post_title":"LAIA FIGUERAS TORTRAS","post_excerpt":"","post_status":"publish","comment_status":"closed","ping_status":"closed","post_password":"","post_name":"laia-figueras-tortras","to_ping":"","pinged":"","post_modified":"2022-10-14 17:26:15","post_modified_gmt":"2022-10-14 15:26:15","post_content_filtered":"","post_parent":0,"guid":"http:\/\/dev.claret.cat\/autor\/laia-figueras-tortras\/","menu_order":0,"post_type":"autor","post_mime_type":"","comment_count":"0","filter":"raw"},{"ID":166066,"post_author":"3","post_date":"2022-10-14 18:00:09","post_date_gmt":"2022-10-14 16:00:09","post_content":"","post_title":"N\u00daRIA PUYUELO CAPELLAS","post_excerpt":"","post_status":"publish","comment_status":"closed","ping_status":"closed","post_password":"","post_name":"nuria-puyuelo-capellas","to_ping":"","pinged":"","post_modified":"2022-10-14 18:00:09","post_modified_gmt":"2022-10-14 16:00:09","post_content_filtered":"","post_parent":0,"guid":"http:\/\/dev.claret.cat\/autor\/nuria-puyuelo-capellas\/","menu_order":0,"post_type":"autor","post_mime_type":"","comment_count":"0","filter":"raw"}]},"aioseo_notices":[],"_links":{"self":[{"href":"https:\/\/www.claret.cat\/es\/wp-json\/wp\/v2\/product\/139152","targetHints":{"allow":["GET"]}}],"collection":[{"href":"https:\/\/www.claret.cat\/es\/wp-json\/wp\/v2\/product"}],"about":[{"href":"https:\/\/www.claret.cat\/es\/wp-json\/wp\/v2\/types\/product"}],"wp:featuredmedia":[{"embeddable":true,"href":"https:\/\/www.claret.cat\/es\/wp-json\/wp\/v2\/media\/139153"}],"wp:attachment":[{"href":"https:\/\/www.claret.cat\/es\/wp-json\/wp\/v2\/media?parent=139152"}],"wp:term":[{"taxonomy":"product_brand","embeddable":true,"href":"https:\/\/www.claret.cat\/es\/wp-json\/wp\/v2\/product_brand?post=139152"},{"taxonomy":"product_cat","embeddable":true,"href":"https:\/\/www.claret.cat\/es\/wp-json\/wp\/v2\/product_cat?post=139152"},{"taxonomy":"product_tag","embeddable":true,"href":"https:\/\/www.claret.cat\/es\/wp-json\/wp\/v2\/product_tag?post=139152"}],"curies":[{"name":"wp","href":"https:\/\/api.w.org\/{rel}","templated":true}]}}