{"id":139287,"date":"2022-10-13T12:46:01","date_gmt":"2022-10-13T10:46:01","guid":{"rendered":"http:\/\/dev.claret.cat\/producte\/kurt-cobain-una-biografia\/"},"modified":"2023-01-28T13:07:25","modified_gmt":"2023-01-28T12:07:25","slug":"kurt-cobain-una-biografia-9788417247164","status":"publish","type":"product","link":"https:\/\/www.claret.cat\/es\/libro\/kurt-cobain-una-biografia-9788417247164\/","title":{"rendered":"KURT COBAIN. UNA BIOGRAF\u00cdA"},"content":{"rendered":"<p>La biograf\u00eda del l\u00edder de Nirvana, ilustrada por David M. Buis\u00e1n. Kurt Cobain tuvo una vida corta, pero muy intensa. Guardaba un lado  oscuro que no le impidi\u00f3 servir de gu\u00eda a toda una generaci\u00f3n. Descubre lo que hay detr\u00e1s de la leyenda.<\/p>\n","protected":false},"excerpt":{"rendered":"<p>ACEITUNO, DAVID \/ BUIS\u00c1N, DAVID<\/p>\n","protected":false},"featured_media":139288,"template":"","meta":{"_acf_changed":false,"om_disable_all_campaigns":false,"rs_blank_template":"","rs_page_bg_color":"","slide_template_v7":"","inline_featured_image":false,"_monsterinsights_skip_tracking":false,"_monsterinsights_sitenote_active":false,"_monsterinsights_sitenote_note":"","_monsterinsights_sitenote_category":0},"product_brand":[],"product_cat":[111,105],"product_tag":[],"class_list":{"0":"post-139287","1":"product","2":"type-product","3":"status-publish","4":"has-post-thumbnail","6":"product_cat-musica","7":"product_cat-regal","9":"first","10":"instock","11":"taxable","12":"shipping-taxable","13":"purchasable","14":"product-type-simple"},"acf":{"autor":"ACEITUNO, DAVID \/ BUIS\u00c1N, DAVID","codart":"841724716","libros-coleccion":"Random C\u00f3mics","ediciones":"1","encuadernacion":"Carton\u00e9","fecha_de_publicacion":"01\/03\/2019","novedad":"1","paginas":"135","subtitulo":"","orden":"0","portada":"0","idioma":"spa","editorial":[{"ID":148729,"post_author":"3","post_date":"2022-10-14 12:00:31","post_date_gmt":"2022-10-14 10:00:31","post_content":"","post_title":"Random C\u00f3mic","post_excerpt":"","post_status":"publish","comment_status":"closed","ping_status":"closed","post_password":"","post_name":"random-comic","to_ping":"","pinged":"","post_modified":"2022-10-14 12:00:31","post_modified_gmt":"2022-10-14 10:00:31","post_content_filtered":"","post_parent":0,"guid":"http:\/\/dev.claret.cat\/editorial\/random-comic\/","menu_order":0,"post_type":"editorial","post_mime_type":"","comment_count":"0","filter":"raw"}],"autores-libros":[{"ID":153762,"post_author":"3","post_date":"2022-10-14 14:59:19","post_date_gmt":"2022-10-14 12:59:19","post_content":"","post_title":"DAVID BUIS\u00c1N","post_excerpt":"","post_status":"publish","comment_status":"closed","ping_status":"closed","post_password":"","post_name":"david-buisan","to_ping":"","pinged":"","post_modified":"2022-10-14 14:59:19","post_modified_gmt":"2022-10-14 12:59:19","post_content_filtered":"","post_parent":0,"guid":"http:\/\/dev.claret.cat\/autor\/david-buisan\/","menu_order":0,"post_type":"autor","post_mime_type":"","comment_count":"0","filter":"raw"},{"ID":153730,"post_author":"3","post_date":"2022-10-14 14:59:04","post_date_gmt":"2022-10-14 12:59:04","post_content":"","post_title":"DAVID ACEITUNO","post_excerpt":"","post_status":"publish","comment_status":"closed","ping_status":"closed","post_password":"","post_name":"david-aceituno","to_ping":"","pinged":"","post_modified":"2022-10-14 14:59:04","post_modified_gmt":"2022-10-14 12:59:04","post_content_filtered":"","post_parent":0,"guid":"http:\/\/dev.claret.cat\/autor\/david-aceituno\/","menu_order":0,"post_type":"autor","post_mime_type":"","comment_count":"0","filter":"raw"}]},"aioseo_notices":[],"_links":{"self":[{"href":"https:\/\/www.claret.cat\/es\/wp-json\/wp\/v2\/product\/139287","targetHints":{"allow":["GET"]}}],"collection":[{"href":"https:\/\/www.claret.cat\/es\/wp-json\/wp\/v2\/product"}],"about":[{"href":"https:\/\/www.claret.cat\/es\/wp-json\/wp\/v2\/types\/product"}],"wp:featuredmedia":[{"embeddable":true,"href":"https:\/\/www.claret.cat\/es\/wp-json\/wp\/v2\/media\/139288"}],"wp:attachment":[{"href":"https:\/\/www.claret.cat\/es\/wp-json\/wp\/v2\/media?parent=139287"}],"wp:term":[{"taxonomy":"product_brand","embeddable":true,"href":"https:\/\/www.claret.cat\/es\/wp-json\/wp\/v2\/product_brand?post=139287"},{"taxonomy":"product_cat","embeddable":true,"href":"https:\/\/www.claret.cat\/es\/wp-json\/wp\/v2\/product_cat?post=139287"},{"taxonomy":"product_tag","embeddable":true,"href":"https:\/\/www.claret.cat\/es\/wp-json\/wp\/v2\/product_tag?post=139287"}],"curies":[{"name":"wp","href":"https:\/\/api.w.org\/{rel}","templated":true}]}}