{"id":139299,"date":"2022-10-13T12:46:12","date_gmt":"2022-10-13T10:46:12","guid":{"rendered":"http:\/\/dev.claret.cat\/producte\/dos-mujeres-desnudas-relatos\/"},"modified":"2023-01-28T12:54:29","modified_gmt":"2023-01-28T11:54:29","slug":"dos-mujeres-desnudas-relatos-9788491293583","status":"publish","type":"product","link":"https:\/\/www.claret.cat\/es\/libro\/dos-mujeres-desnudas-relatos-9788491293583\/","title":{"rendered":"DOS MUJERES DESNUDAS. RELATOS"},"content":{"rendered":"<p>Un libro que reivindica a la mujer de la mano de dos autoras poderosas. La directora m\u00e1s taquillera de la historia del cine espa\u00f1ol, Maria  Ripoll, y la reconocida periodista, escritora y directora teatral,  Elisenda Roca, se unen en este libro para dar voz a las mujeres. Como buenas amigas y vecinas, quedaban en la terraza de Maria o en casa  de Elisenda y, a menudo, de la charla sal\u00edan historias de distintas mujeres, incre\u00edbles, potentes y divertidas. \u00abEsto deber\u00edamos  escribirlo\u00bb, dec\u00edan. Y aqu\u00ed lo ten\u00e9is. Dos mujeres desnudas es el retrato de veintisiete mujeres que desnudan, sin complejos, su realidad delante de vuestros ojos.<\/p>\n","protected":false},"excerpt":{"rendered":"<p>ROCA, ELISENDA \/ RIPOLL, MARIA<\/p>\n","protected":false},"featured_media":139300,"template":"","meta":{"_acf_changed":false,"om_disable_all_campaigns":false,"rs_blank_template":"","rs_page_bg_color":"","slide_template_v7":"","inline_featured_image":false,"_monsterinsights_skip_tracking":false,"_monsterinsights_sitenote_active":false,"_monsterinsights_sitenote_note":"","_monsterinsights_sitenote_category":0},"product_brand":[],"product_cat":[87],"product_tag":[],"class_list":{"0":"post-139299","1":"product","2":"type-product","3":"status-publish","4":"has-post-thumbnail","6":"product_cat-literatura","8":"first","9":"instock","10":"taxable","11":"shipping-taxable","12":"purchasable","13":"product-type-simple"},"acf":{"editorial":[{"ID":6370,"post_author":"3","post_date":"2022-07-28 17:50:44","post_date_gmt":"2022-07-28 15:50:44","post_content":"","post_title":"SUMA","post_excerpt":"","post_status":"publish","comment_status":"closed","ping_status":"closed","post_password":"","post_name":"suma","to_ping":"","pinged":"","post_modified":"2022-07-28 17:50:44","post_modified_gmt":"2022-07-28 15:50:44","post_content_filtered":"","post_parent":0,"guid":"http:\/\/dev.claret.cat\/editorial\/suma\/","menu_order":0,"post_type":"editorial","post_mime_type":"","comment_count":"0","filter":"raw"}],"autor":"ROCA, ELISENDA \/ RIPOLL, MARIA","codart":"849129358","libros-coleccion":"Nuevas voces","ediciones":"1","encuadernacion":"R\u00fastica","fecha_de_publicacion":"01\/03\/2019","novedad":"1","paginas":"269","subtitulo":"","orden":"0","portada":"0","idioma":"spa","autores-libros":[{"ID":163753,"post_author":"3","post_date":"2022-10-14 17:41:34","post_date_gmt":"2022-10-14 15:41:34","post_content":"","post_title":"MARIA RIPOLL","post_excerpt":"","post_status":"publish","comment_status":"closed","ping_status":"closed","post_password":"","post_name":"maria-ripoll","to_ping":"","pinged":"","post_modified":"2022-10-14 17:41:34","post_modified_gmt":"2022-10-14 15:41:34","post_content_filtered":"","post_parent":0,"guid":"http:\/\/dev.claret.cat\/autor\/maria-ripoll\/","menu_order":0,"post_type":"autor","post_mime_type":"","comment_count":"0","filter":"raw"},{"ID":154845,"post_author":"3","post_date":"2022-10-14 15:08:07","post_date_gmt":"2022-10-14 13:08:07","post_content":"","post_title":"ELISENDA ROCA","post_excerpt":"","post_status":"publish","comment_status":"closed","ping_status":"closed","post_password":"","post_name":"elisenda-roca","to_ping":"","pinged":"","post_modified":"2022-10-14 15:08:07","post_modified_gmt":"2022-10-14 13:08:07","post_content_filtered":"","post_parent":0,"guid":"http:\/\/dev.claret.cat\/autor\/elisenda-roca\/","menu_order":0,"post_type":"autor","post_mime_type":"","comment_count":"0","filter":"raw"}]},"aioseo_notices":[],"_links":{"self":[{"href":"https:\/\/www.claret.cat\/es\/wp-json\/wp\/v2\/product\/139299","targetHints":{"allow":["GET"]}}],"collection":[{"href":"https:\/\/www.claret.cat\/es\/wp-json\/wp\/v2\/product"}],"about":[{"href":"https:\/\/www.claret.cat\/es\/wp-json\/wp\/v2\/types\/product"}],"wp:featuredmedia":[{"embeddable":true,"href":"https:\/\/www.claret.cat\/es\/wp-json\/wp\/v2\/media\/139300"}],"wp:attachment":[{"href":"https:\/\/www.claret.cat\/es\/wp-json\/wp\/v2\/media?parent=139299"}],"wp:term":[{"taxonomy":"product_brand","embeddable":true,"href":"https:\/\/www.claret.cat\/es\/wp-json\/wp\/v2\/product_brand?post=139299"},{"taxonomy":"product_cat","embeddable":true,"href":"https:\/\/www.claret.cat\/es\/wp-json\/wp\/v2\/product_cat?post=139299"},{"taxonomy":"product_tag","embeddable":true,"href":"https:\/\/www.claret.cat\/es\/wp-json\/wp\/v2\/product_tag?post=139299"}],"curies":[{"name":"wp","href":"https:\/\/api.w.org\/{rel}","templated":true}]}}