{"id":139320,"date":"2022-10-13T12:46:32","date_gmt":"2022-10-13T10:46:32","guid":{"rendered":"http:\/\/dev.claret.cat\/producte\/pequenos-grandes-superpoderes-de-papa\/"},"modified":"2023-01-28T02:41:52","modified_gmt":"2023-01-28T01:41:52","slug":"pequenos-grandes-superpoderes-de-papa-9788417424374","status":"publish","type":"product","link":"https:\/\/www.claret.cat\/es\/libro\/pequenos-grandes-superpoderes-de-papa-9788417424374\/","title":{"rendered":"PEQUE\u00d1OS GRANDES SUPERPODERES DE PAP\u00c1"},"content":{"rendered":"<p>Un \u00e1lbum ilustrado emotivo y lleno de humor que nos ense\u00f1a los  superpoderes imprescindibles para ser el mejor padre. El libro perfecto para regalar a pap\u00e1 en su d\u00eda. No llevan capa ni pueden volar. Tampoco atraviesan muros ni trepan por  las paredes. No tienen una fuerza descomunal ni luchan contra villanos imposibles&#8230; Los padres no son superh\u00e9roes como los que aparecen en las pel\u00edculas. \u00bfO tal vez s\u00ed? \u00abMi padre no necesita ponerse un traje especial para hacer magia. Mi  padre es un superh\u00e9roe con los poderes que m\u00e1s importan. Espanta monstruos, me ense\u00f1a a volar alto y me cura con tiritas m\u00e1gicas. Son poderes peque\u00f1os, grandes, enormes&#8230; \u00a1Deja que te los muestre!\u00bb<\/p>\n","protected":false},"excerpt":{"rendered":"<p>RONDA, MAGELA<\/p>\n","protected":false},"featured_media":139321,"template":"","meta":{"_acf_changed":false,"om_disable_all_campaigns":false,"rs_blank_template":"","rs_page_bg_color":"","slide_template_v7":"","inline_featured_image":false,"_monsterinsights_skip_tracking":false,"_monsterinsights_sitenote_active":false,"_monsterinsights_sitenote_note":"","_monsterinsights_sitenote_category":0},"product_brand":[],"product_cat":[16],"product_tag":[],"class_list":{"0":"post-139320","1":"product","2":"type-product","3":"status-publish","4":"has-post-thumbnail","6":"product_cat-sense-categoria","8":"first","9":"instock","10":"taxable","11":"shipping-taxable","12":"purchasable","13":"product-type-simple"},"acf":{"editorial":[{"ID":6136,"post_author":"3","post_date":"2022-07-28 17:45:39","post_date_gmt":"2022-07-28 15:45:39","post_content":"","post_title":"B de Blok (Ediciones B)","post_excerpt":"","post_status":"publish","comment_status":"closed","ping_status":"closed","post_password":"","post_name":"b-de-blok-ediciones-b","to_ping":"","pinged":"","post_modified":"2022-07-28 17:45:39","post_modified_gmt":"2022-07-28 15:45:39","post_content_filtered":"","post_parent":0,"guid":"http:\/\/dev.claret.cat\/editorial\/b-de-blok-ediciones-b\/","menu_order":0,"post_type":"editorial","post_mime_type":"","comment_count":"0","filter":"raw"}],"autor":"RONDA, MAGELA","codart":"841742437","libros-coleccion":"B Plus","ediciones":"1","encuadernacion":"Carton\u00e9","fecha_de_publicacion":"01\/03\/2019","novedad":"1","paginas":"65","subtitulo":"","orden":"0","portada":"0","idioma":"spa","autores-libros":[{"ID":162991,"post_author":"3","post_date":"2022-10-14 17:35:26","post_date_gmt":"2022-10-14 15:35:26","post_content":"","post_title":"MAGELA RONDA","post_excerpt":"","post_status":"publish","comment_status":"closed","ping_status":"closed","post_password":"","post_name":"magela-ronda","to_ping":"","pinged":"","post_modified":"2022-10-14 17:35:26","post_modified_gmt":"2022-10-14 15:35:26","post_content_filtered":"","post_parent":0,"guid":"http:\/\/dev.claret.cat\/autor\/magela-ronda\/","menu_order":0,"post_type":"autor","post_mime_type":"","comment_count":"0","filter":"raw"}]},"aioseo_notices":[],"_links":{"self":[{"href":"https:\/\/www.claret.cat\/es\/wp-json\/wp\/v2\/product\/139320","targetHints":{"allow":["GET"]}}],"collection":[{"href":"https:\/\/www.claret.cat\/es\/wp-json\/wp\/v2\/product"}],"about":[{"href":"https:\/\/www.claret.cat\/es\/wp-json\/wp\/v2\/types\/product"}],"wp:featuredmedia":[{"embeddable":true,"href":"https:\/\/www.claret.cat\/es\/wp-json\/wp\/v2\/media\/139321"}],"wp:attachment":[{"href":"https:\/\/www.claret.cat\/es\/wp-json\/wp\/v2\/media?parent=139320"}],"wp:term":[{"taxonomy":"product_brand","embeddable":true,"href":"https:\/\/www.claret.cat\/es\/wp-json\/wp\/v2\/product_brand?post=139320"},{"taxonomy":"product_cat","embeddable":true,"href":"https:\/\/www.claret.cat\/es\/wp-json\/wp\/v2\/product_cat?post=139320"},{"taxonomy":"product_tag","embeddable":true,"href":"https:\/\/www.claret.cat\/es\/wp-json\/wp\/v2\/product_tag?post=139320"}],"curies":[{"name":"wp","href":"https:\/\/api.w.org\/{rel}","templated":true}]}}