{"id":139371,"date":"2022-10-13T12:47:19","date_gmt":"2022-10-13T10:47:19","guid":{"rendered":"http:\/\/dev.claret.cat\/producte\/la-vida-es-bella-a-pesar-de-todo\/"},"modified":"2024-05-23T09:17:32","modified_gmt":"2024-05-23T07:17:32","slug":"la-vida-es-bella-a-pesar-de-todo-9788483536704","status":"publish","type":"product","link":"https:\/\/www.claret.cat\/es\/libro\/la-vida-es-bella-a-pesar-de-todo-9788483536704\/","title":{"rendered":"LA VIDA ES BELLA A PESAR DE TODO"},"content":{"rendered":"<p>Tras permanecer olvidados casi cuarenta a\u00f1os, los diarios de Etty Hillesum salieron a la luz en 1981 mostrando una evoluci\u00f3n espiritual muy singular: en tan solo dos a\u00f1os y medio, y sin pertenecer activamente a ninguna tradici\u00f3n religiosa, pas\u00f3 de un racionalismo esc\u00e9ptico a un di\u00e1logo \u00fanico e ininterrumpido con Dios. En la dram\u00e1tica ocupaci\u00f3n de los Pa\u00edses Bajos por la Alemania nazi, Etty opt\u00f3 por la no violencia, por permanecer con los suyos \u2013aun pudiendo haber escapado\u2013 en las duras circunstancias de los campos de concentraci\u00f3n y por testimoniar con hechos y palabras la verdad desde la que viv\u00eda: \u201cla vida es bella a pesar de todo\u201d. Fue asesinada en noviembre de 1943, a los 29 a\u00f1os, en el campo de concentraci\u00f3n de Auschwitz.<\/p>\n","protected":false},"excerpt":{"rendered":"<p>ARRIERO PERANT\u00d3N, FERNANDO<\/p>\n","protected":false},"featured_media":357471,"template":"","meta":{"_acf_changed":false,"om_disable_all_campaigns":false,"rs_blank_template":"","rs_page_bg_color":"","slide_template_v7":"","inline_featured_image":false,"_monsterinsights_skip_tracking":false,"_monsterinsights_sitenote_active":false,"_monsterinsights_sitenote_note":"","_monsterinsights_sitenote_category":0},"product_brand":[],"product_cat":[345,79],"product_tag":[],"class_list":{"0":"post-139371","1":"product","2":"type-product","3":"status-publish","4":"has-post-thumbnail","6":"product_cat-espiritualidad","7":"product_cat-espiritualitat","9":"first","10":"instock","11":"taxable","12":"shipping-taxable","13":"purchasable","14":"product-type-simple"},"acf":{"editorial":[{"ID":6309,"post_author":"3","post_date":"2022-07-28 17:49:25","post_date_gmt":"2022-07-28 15:49:25","post_content":"","post_title":"Monte Carmelo","post_excerpt":"","post_status":"publish","comment_status":"closed","ping_status":"closed","post_password":"","post_name":"monte-carmelo","to_ping":"","pinged":"","post_modified":"2022-07-28 17:49:25","post_modified_gmt":"2022-07-28 15:49:25","post_content_filtered":"","post_parent":0,"guid":"http:\/\/dev.claret.cat\/editorial\/monte-carmelo\/","menu_order":0,"post_type":"editorial","post_mime_type":"","comment_count":"0","filter":"raw"}],"autor":"ARRIERO PERANT\u00d3N, FERNANDO","codart":"848353670","libros-coleccion":"","ediciones":"1","encuadernacion":"R\u00fastica","fecha_de_publicacion":"04\/03\/2019","novedad":"1","paginas":"256","subtitulo":"LAS CLAVES DE LA ESPIRITUALIDAD DE ETTY HILLESUM","orden":"0","portada":"0","idioma":"spa","autores-libros":[{"ID":155788,"post_author":"3","post_date":"2022-10-14 15:15:38","post_date_gmt":"2022-10-14 13:15:38","post_content":"","post_title":"FERNANDO ARRIERO PERANT\u00d3N","post_excerpt":"","post_status":"publish","comment_status":"closed","ping_status":"closed","post_password":"","post_name":"fernando-arriero-peranton","to_ping":"","pinged":"","post_modified":"2022-10-14 15:15:38","post_modified_gmt":"2022-10-14 13:15:38","post_content_filtered":"","post_parent":0,"guid":"http:\/\/dev.claret.cat\/autor\/fernando-arriero-peranton\/","menu_order":0,"post_type":"autor","post_mime_type":"","comment_count":"0","filter":"raw"}]},"aioseo_notices":[],"_links":{"self":[{"href":"https:\/\/www.claret.cat\/es\/wp-json\/wp\/v2\/product\/139371","targetHints":{"allow":["GET"]}}],"collection":[{"href":"https:\/\/www.claret.cat\/es\/wp-json\/wp\/v2\/product"}],"about":[{"href":"https:\/\/www.claret.cat\/es\/wp-json\/wp\/v2\/types\/product"}],"wp:featuredmedia":[{"embeddable":true,"href":"https:\/\/www.claret.cat\/es\/wp-json\/wp\/v2\/media\/357471"}],"wp:attachment":[{"href":"https:\/\/www.claret.cat\/es\/wp-json\/wp\/v2\/media?parent=139371"}],"wp:term":[{"taxonomy":"product_brand","embeddable":true,"href":"https:\/\/www.claret.cat\/es\/wp-json\/wp\/v2\/product_brand?post=139371"},{"taxonomy":"product_cat","embeddable":true,"href":"https:\/\/www.claret.cat\/es\/wp-json\/wp\/v2\/product_cat?post=139371"},{"taxonomy":"product_tag","embeddable":true,"href":"https:\/\/www.claret.cat\/es\/wp-json\/wp\/v2\/product_tag?post=139371"}],"curies":[{"name":"wp","href":"https:\/\/api.w.org\/{rel}","templated":true}]}}