{"id":139485,"date":"2022-10-13T12:49:04","date_gmt":"2022-10-13T10:49:04","guid":{"rendered":"http:\/\/dev.claret.cat\/producte\/lhome-que-perseguia-la-veritat\/"},"modified":"2023-01-28T20:04:10","modified_gmt":"2023-01-28T19:04:10","slug":"lhome-que-perseguia-la-veritat-9788417660215","status":"publish","type":"product","link":"https:\/\/www.claret.cat\/es\/libro\/lhome-que-perseguia-la-veritat-9788417660215\/","title":{"rendered":"L&#8217;HOME QUE PERSEGUIA LA VERITAT"},"content":{"rendered":"<p>A punt de fer 90 anys, la vida tranquil\u00b7la d&#8217;Andreu Novell a Sant Feliu de Gu\u00edxols es remou quan els mitjans parlen del centenari del naixement del pintor Eduard Vilamateu. L&#8217;Andreu havia treballat per a ell com a xofer i home de confian\u00e7a en una finca als afores de Castell d&#8217;Aro; ara, el preocupa que tornin a carregar, a l&#8217;Eduard, una mort que va tenir lloc trenta anys enrere. Obsessionat per aclarir els fets, aconsegueix establir contacte amb la fam\u00edlia Vilamateu, gr\u00e0cies a l&#8217;ajut providencial d&#8217;\u00c8ric Noguera, un noi de 20 anys convalescent d&#8217;un intent de su\u00efcidi. Tanmateix, topar\u00e0 amb les resist\u00e8ncies dels fills i la v\u00eddua per furgar en el cas. <br \/> Quan finalment pot accedir a unes revelacions que li donen la ra\u00f3, l&#8217;home haur\u00e0 d&#8217;assumir que rere aquella mort hi ha realitats inc\u00f2modes, desconegudes fins aleshores, que l&#8217;afecten directament i que li fan rellegir la pr\u00f2pia exist\u00e8ncia amb nous ulls. Ser\u00e0 un proc\u00e9s d?interioritzaci\u00f3 que llegar\u00e0 al jove \u00c8ric, orfe de testimonis familiars, just quan s&#8217;est\u00e0 replantejant el seu futur.<\/p>\n","protected":false},"excerpt":{"rendered":"<p>GRAU I ANTOL\u00cd, ISIDRE<\/p>\n","protected":false},"featured_media":139486,"template":"","meta":{"_acf_changed":false,"om_disable_all_campaigns":false,"rs_blank_template":"","rs_page_bg_color":"","slide_template_v7":"","inline_featured_image":false,"_monsterinsights_skip_tracking":false,"_monsterinsights_sitenote_active":false,"_monsterinsights_sitenote_note":"","_monsterinsights_sitenote_category":0},"product_brand":[],"product_cat":[87],"product_tag":[],"class_list":{"0":"post-139485","1":"product","2":"type-product","3":"status-publish","4":"has-post-thumbnail","6":"product_cat-literatura","8":"first","9":"instock","10":"taxable","11":"shipping-taxable","12":"purchasable","13":"product-type-simple"},"acf":{"autor":"GRAU I ANTOL\u00cd, ISIDRE","codart":"841766021","libros-coleccion":"Novel\u00b7la","ediciones":"1","encuadernacion":"R\u00fastica","fecha_de_publicacion":"01\/02\/2019","novedad":"1","paginas":"265","subtitulo":"","orden":"0","portada":"0","idioma":"cat","editorial":[{"ID":147983,"post_author":"3","post_date":"2022-10-14 11:54:44","post_date_gmt":"2022-10-14 09:54:44","post_content":"","post_title":"Editorial Gregal","post_excerpt":"","post_status":"publish","comment_status":"closed","ping_status":"closed","post_password":"","post_name":"editorial-gregal","to_ping":"","pinged":"","post_modified":"2022-10-14 11:54:44","post_modified_gmt":"2022-10-14 09:54:44","post_content_filtered":"","post_parent":0,"guid":"http:\/\/dev.claret.cat\/editorial\/editorial-gregal\/","menu_order":0,"post_type":"editorial","post_mime_type":"","comment_count":"0","filter":"raw"}],"autores-libros":[{"ID":158125,"post_author":"3","post_date":"2022-10-14 15:34:21","post_date_gmt":"2022-10-14 13:34:21","post_content":"","post_title":"ISIDRE GRAU","post_excerpt":"","post_status":"publish","comment_status":"closed","ping_status":"closed","post_password":"","post_name":"isidre-grau","to_ping":"","pinged":"","post_modified":"2022-10-14 15:34:21","post_modified_gmt":"2022-10-14 13:34:21","post_content_filtered":"","post_parent":0,"guid":"http:\/\/dev.claret.cat\/autor\/isidre-grau\/","menu_order":0,"post_type":"autor","post_mime_type":"","comment_count":"0","filter":"raw"}]},"aioseo_notices":[],"_links":{"self":[{"href":"https:\/\/www.claret.cat\/es\/wp-json\/wp\/v2\/product\/139485","targetHints":{"allow":["GET"]}}],"collection":[{"href":"https:\/\/www.claret.cat\/es\/wp-json\/wp\/v2\/product"}],"about":[{"href":"https:\/\/www.claret.cat\/es\/wp-json\/wp\/v2\/types\/product"}],"wp:featuredmedia":[{"embeddable":true,"href":"https:\/\/www.claret.cat\/es\/wp-json\/wp\/v2\/media\/139486"}],"wp:attachment":[{"href":"https:\/\/www.claret.cat\/es\/wp-json\/wp\/v2\/media?parent=139485"}],"wp:term":[{"taxonomy":"product_brand","embeddable":true,"href":"https:\/\/www.claret.cat\/es\/wp-json\/wp\/v2\/product_brand?post=139485"},{"taxonomy":"product_cat","embeddable":true,"href":"https:\/\/www.claret.cat\/es\/wp-json\/wp\/v2\/product_cat?post=139485"},{"taxonomy":"product_tag","embeddable":true,"href":"https:\/\/www.claret.cat\/es\/wp-json\/wp\/v2\/product_tag?post=139485"}],"curies":[{"name":"wp","href":"https:\/\/api.w.org\/{rel}","templated":true}]}}