{"id":139488,"date":"2022-10-13T12:49:07","date_gmt":"2022-10-13T10:49:07","guid":{"rendered":"http:\/\/dev.claret.cat\/producte\/el-hipopotamo-de-dios\/"},"modified":"2026-01-02T19:05:50","modified_gmt":"2026-01-02T18:05:50","slug":"el-hipopotamo-de-dios-9788427725799","status":"publish","type":"product","link":"https:\/\/www.claret.cat\/es\/libro\/el-hipopotamo-de-dios-9788427725799\/","title":{"rendered":"EL HIPOP\u00d3TAMO DE DIOS"},"content":{"rendered":"<p>El hipop\u00f3tamo de Dios re\u00fane un conjunto de art\u00edculos escritos para distintos peri\u00f3dicos portugueses en los que, durante a\u00f1os, ha colaborado nuestro autor. Biblia, literatura, cultura y vida cotidiana recorren cada una de las p\u00e1ginas de este libro.<br \/>Estamos ante un verdadero ejemplo de teolog\u00eda concebida no como ideolog\u00eda sino como ejercicio de interpretaci\u00f3n creyente de la realidad y de una espiritualidad cosida a la vida que no debe confundirse con un conjunto de consideraciones desencarnadas. Tolentino es uno de los m\u00e1ximos exponentes del di\u00e1logo entre la fe y la cultura contempor\u00e1neas.<br \/>A su vocaci\u00f3n pastoral se une su voz de poeta en la b\u00fasqueda de un lenguaje pertinente y relevante para hacer una teolog\u00eda que sea accesible para el mayor n\u00famero de personas, tratando de integrar el vocabulario y la gram\u00e1tica de lo cotidiano en el discurso religioso. En m\u00e1s de una de sus obras ha demostrado y defendido el autor que la misi\u00f3n de la teolog\u00eda hoy es la de contribuir a la reconstrucci\u00f3n de una gram\u00e1tica de lo humano<\/p>\n","protected":false},"excerpt":{"rendered":"<p>TOLENTINO MENDONCA, JOSE<\/p>\n","protected":false},"featured_media":370925,"template":"","meta":{"_acf_changed":false,"om_disable_all_campaigns":false,"rs_blank_template":"","rs_page_bg_color":"","slide_template_v7":"","inline_featured_image":false,"_monsterinsights_skip_tracking":false,"_monsterinsights_sitenote_active":false,"_monsterinsights_sitenote_note":"","_monsterinsights_sitenote_category":0},"product_brand":[],"product_cat":[345,79],"product_tag":[],"class_list":{"0":"post-139488","1":"product","2":"type-product","3":"status-publish","4":"has-post-thumbnail","6":"product_cat-espiritualidad","7":"product_cat-espiritualitat","9":"first","10":"instock","11":"taxable","12":"shipping-taxable","13":"purchasable","14":"product-type-simple"},"acf":{"editorial":[{"ID":6312,"post_author":"3","post_date":"2022-07-28 17:49:29","post_date_gmt":"2022-07-28 15:49:29","post_content":"","post_title":"NARCEA DE EDICIONES","post_excerpt":"","post_status":"publish","comment_status":"closed","ping_status":"closed","post_password":"","post_name":"narcea-de-ediciones","to_ping":"","pinged":"","post_modified":"2022-07-28 17:49:29","post_modified_gmt":"2022-07-28 15:49:29","post_content_filtered":"","post_parent":0,"guid":"http:\/\/dev.claret.cat\/editorial\/narcea-de-ediciones\/","menu_order":0,"post_type":"editorial","post_mime_type":"","comment_count":"0","filter":"raw"}],"autores-libros":[{"ID":5651,"post_author":"3","post_date":"2022-07-28 17:28:33","post_date_gmt":"2022-07-28 15:28:33","post_content":"","post_title":"JOS\u00c9 TOLENTINO MENDON\u00c7A","post_excerpt":"","post_status":"publish","comment_status":"closed","ping_status":"closed","post_password":"","post_name":"jose-tolentino-mendonca","to_ping":"","pinged":"","post_modified":"2022-07-28 17:28:33","post_modified_gmt":"2022-07-28 15:28:33","post_content_filtered":"","post_parent":0,"guid":"http:\/\/dev.claret.cat\/autor\/jose-tolentino-mendonca\/","menu_order":0,"post_type":"autor","post_mime_type":"","comment_count":"0","filter":"raw"}],"autor":"TOLENTINO MENDONCA, JOSE","codart":"842772579","libros-coleccion":"Libros de Espiritualidad","ediciones":"1","encuadernacion":"Carpeta","fecha_de_publicacion":"01\/02\/2019","novedad":"1","paginas":"168","subtitulo":"","orden":"0","portada":"0","idioma":"spa","booktrailer":"","resenas":""},"aioseo_notices":[],"_links":{"self":[{"href":"https:\/\/www.claret.cat\/es\/wp-json\/wp\/v2\/product\/139488","targetHints":{"allow":["GET"]}}],"collection":[{"href":"https:\/\/www.claret.cat\/es\/wp-json\/wp\/v2\/product"}],"about":[{"href":"https:\/\/www.claret.cat\/es\/wp-json\/wp\/v2\/types\/product"}],"wp:featuredmedia":[{"embeddable":true,"href":"https:\/\/www.claret.cat\/es\/wp-json\/wp\/v2\/media\/370925"}],"wp:attachment":[{"href":"https:\/\/www.claret.cat\/es\/wp-json\/wp\/v2\/media?parent=139488"}],"wp:term":[{"taxonomy":"product_brand","embeddable":true,"href":"https:\/\/www.claret.cat\/es\/wp-json\/wp\/v2\/product_brand?post=139488"},{"taxonomy":"product_cat","embeddable":true,"href":"https:\/\/www.claret.cat\/es\/wp-json\/wp\/v2\/product_cat?post=139488"},{"taxonomy":"product_tag","embeddable":true,"href":"https:\/\/www.claret.cat\/es\/wp-json\/wp\/v2\/product_tag?post=139488"}],"curies":[{"name":"wp","href":"https:\/\/api.w.org\/{rel}","templated":true}]}}