{"id":139656,"date":"2022-10-13T12:51:22","date_gmt":"2022-10-13T10:51:22","guid":{"rendered":"http:\/\/dev.claret.cat\/producte\/no-he-estat-jo\/"},"modified":"2023-01-28T23:07:54","modified_gmt":"2023-01-28T22:07:54","slug":"no-he-estat-jo-9788417123963","status":"publish","type":"product","link":"https:\/\/www.claret.cat\/es\/libro\/no-he-estat-jo-9788417123963\/","title":{"rendered":"NO HE ESTAT JO!"},"content":{"rendered":"<p>\u00abJo no he estat!\u00bb \u00abJo tampoc!\u00bb. Aquests nens s\u00f3n una mica tramposos&#8230; Quan fem una cosa dolenta, diem que hem estat nosaltres? \u00c9s f\u00e0cil admetre-ho?<\/p>\n","protected":false},"excerpt":{"rendered":"<p>FEHR, DANIEL \/ PEEVES, PAULINE<\/p>\n","protected":false},"featured_media":139657,"template":"","meta":{"_acf_changed":false,"om_disable_all_campaigns":false,"rs_blank_template":"","rs_page_bg_color":"","slide_template_v7":"","inline_featured_image":false,"_monsterinsights_skip_tracking":false,"_monsterinsights_sitenote_active":false,"_monsterinsights_sitenote_note":"","_monsterinsights_sitenote_category":0},"product_brand":[],"product_cat":[86],"product_tag":[],"class_list":{"0":"post-139656","1":"product","2":"type-product","3":"status-publish","4":"has-post-thumbnail","6":"product_cat-infantil","8":"first","9":"instock","10":"taxable","11":"shipping-taxable","12":"purchasable","13":"product-type-simple"},"acf":{"autor":"FEHR, DANIEL \/ PEEVES, PAULINE","codart":"841712396","libros-coleccion":"CATALAN","ediciones":"1","encuadernacion":"Carton\u00e9","fecha_de_publicacion":"01\/04\/2019","novedad":"1","paginas":"45","subtitulo":"","orden":"0","portada":"0","idioma":"cat","editorial":[{"ID":148592,"post_author":"3","post_date":"2022-10-14 11:59:27","post_date_gmt":"2022-10-14 09:59:27","post_content":"","post_title":"NUBEOCHO","post_excerpt":"","post_status":"publish","comment_status":"closed","ping_status":"closed","post_password":"","post_name":"nubeocho","to_ping":"","pinged":"","post_modified":"2022-10-14 11:59:27","post_modified_gmt":"2022-10-14 09:59:27","post_content_filtered":"","post_parent":0,"guid":"http:\/\/dev.claret.cat\/editorial\/nubeocho\/","menu_order":0,"post_type":"editorial","post_mime_type":"","comment_count":"0","filter":"raw"}],"autores-libros":[{"ID":153575,"post_author":"3","post_date":"2022-10-14 14:57:50","post_date_gmt":"2022-10-14 12:57:50","post_content":"","post_title":"DANIEL FEHR","post_excerpt":"","post_status":"publish","comment_status":"closed","ping_status":"closed","post_password":"","post_name":"daniel-fehr","to_ping":"","pinged":"","post_modified":"2022-10-14 14:57:50","post_modified_gmt":"2022-10-14 12:57:50","post_content_filtered":"","post_parent":0,"guid":"http:\/\/dev.claret.cat\/autor\/daniel-fehr\/","menu_order":0,"post_type":"autor","post_mime_type":"","comment_count":"0","filter":"raw"},{"ID":166800,"post_author":"3","post_date":"2022-10-14 18:06:09","post_date_gmt":"2022-10-14 16:06:09","post_content":"","post_title":"PAULINE PEEVES","post_excerpt":"","post_status":"publish","comment_status":"closed","ping_status":"closed","post_password":"","post_name":"pauline-peeves","to_ping":"","pinged":"","post_modified":"2022-10-14 18:06:09","post_modified_gmt":"2022-10-14 16:06:09","post_content_filtered":"","post_parent":0,"guid":"http:\/\/dev.claret.cat\/autor\/pauline-peeves\/","menu_order":0,"post_type":"autor","post_mime_type":"","comment_count":"0","filter":"raw"}]},"aioseo_notices":[],"_links":{"self":[{"href":"https:\/\/www.claret.cat\/es\/wp-json\/wp\/v2\/product\/139656","targetHints":{"allow":["GET"]}}],"collection":[{"href":"https:\/\/www.claret.cat\/es\/wp-json\/wp\/v2\/product"}],"about":[{"href":"https:\/\/www.claret.cat\/es\/wp-json\/wp\/v2\/types\/product"}],"wp:featuredmedia":[{"embeddable":true,"href":"https:\/\/www.claret.cat\/es\/wp-json\/wp\/v2\/media\/139657"}],"wp:attachment":[{"href":"https:\/\/www.claret.cat\/es\/wp-json\/wp\/v2\/media?parent=139656"}],"wp:term":[{"taxonomy":"product_brand","embeddable":true,"href":"https:\/\/www.claret.cat\/es\/wp-json\/wp\/v2\/product_brand?post=139656"},{"taxonomy":"product_cat","embeddable":true,"href":"https:\/\/www.claret.cat\/es\/wp-json\/wp\/v2\/product_cat?post=139656"},{"taxonomy":"product_tag","embeddable":true,"href":"https:\/\/www.claret.cat\/es\/wp-json\/wp\/v2\/product_tag?post=139656"}],"curies":[{"name":"wp","href":"https:\/\/api.w.org\/{rel}","templated":true}]}}