{"id":139686,"date":"2022-10-13T12:51:45","date_gmt":"2022-10-13T10:51:45","guid":{"rendered":"http:\/\/dev.claret.cat\/producte\/de-enfermera-al-cielo-o-al-caldero\/"},"modified":"2025-02-05T12:56:34","modified_gmt":"2025-02-05T11:56:34","slug":"de-enfermera-al-cielo-o-al-caldero-9788417361518","status":"publish","type":"product","link":"https:\/\/www.claret.cat\/es\/libro\/de-enfermera-al-cielo-o-al-caldero-9788417361518\/","title":{"rendered":"DE ENFERMERA AL CIELO O AL CALDERO"},"content":{"rendered":"<p>Julia, una enfermera interina, sufre un terrible accidente el d\u00eda despu\u00e9s de jubilarse. Confiada en que las puertas del cielo van a abrirse para ella se topa de frente con un San Pedro mucho m\u00e1s riguroso de lo que estimaba. El acceso a la vida eterna se vende muy caro y Julia se ver\u00e1 obligada a aclarar algunos de los conflictos que vivi\u00f3 en su trabajo, enfrentamientos del d\u00eda a d\u00eda que seguro no te resultan del todo ins\u00f3litos. Si se lo permiten los nervios, Julia se ayudar\u00e1 de art\u00edculos del blog \u00abSoy enfermera y me enfermo cada vez que lo pienso\u00bb para reforzar sus justificaciones y convencer a San Pedro de que si existe alg\u00fan colectivo que merece la llave del Ed\u00e9n por su paciencia es el de los enfermeros. \u00bfY si te sucede a ti lo mismo? \u00bfQuieres saber c\u00f3mo le va a Julia?<\/p>\n","protected":false},"excerpt":{"rendered":"<p>FERB, IRENE<\/p>\n","protected":false},"featured_media":139687,"template":"","meta":{"_acf_changed":false,"om_disable_all_campaigns":false,"rs_blank_template":"","rs_page_bg_color":"","slide_template_v7":"","inline_featured_image":false,"_monsterinsights_skip_tracking":false,"_monsterinsights_sitenote_active":false,"_monsterinsights_sitenote_note":"","_monsterinsights_sitenote_category":0},"product_brand":[],"product_cat":[87,353],"product_tag":[],"class_list":{"0":"post-139686","1":"product","2":"type-product","3":"status-publish","4":"has-post-thumbnail","6":"product_cat-literatura","7":"product_cat-literatura-2_humanidades","9":"first","10":"instock","11":"taxable","12":"shipping-taxable","13":"purchasable","14":"product-type-simple"},"acf":{"autor":"FERB, IRENE","codart":"841736151","libros-coleccion":"BOOKISS","ediciones":"1","encuadernacion":"R\u00fastica","fecha_de_publicacion":"01\/03\/2019","novedad":"1","paginas":"181","subtitulo":"","orden":"0","portada":"0","idioma":"spa","editorial":[{"ID":147822,"post_author":"3","post_date":"2022-10-14 11:53:29","post_date_gmt":"2022-10-14 09:53:29","post_content":"","post_title":"Ediciones Kiwi","post_excerpt":"","post_status":"publish","comment_status":"closed","ping_status":"closed","post_password":"","post_name":"ediciones-kiwi","to_ping":"","pinged":"","post_modified":"2022-10-14 11:53:29","post_modified_gmt":"2022-10-14 09:53:29","post_content_filtered":"","post_parent":0,"guid":"http:\/\/dev.claret.cat\/editorial\/ediciones-kiwi\/","menu_order":0,"post_type":"editorial","post_mime_type":"","comment_count":"0","filter":"raw"}],"autores-libros":[{"ID":157990,"post_author":"3","post_date":"2022-10-14 15:33:16","post_date_gmt":"2022-10-14 13:33:16","post_content":"","post_title":"IRENE FERB","post_excerpt":"","post_status":"publish","comment_status":"closed","ping_status":"closed","post_password":"","post_name":"irene-ferb","to_ping":"","pinged":"","post_modified":"2022-10-14 15:33:16","post_modified_gmt":"2022-10-14 13:33:16","post_content_filtered":"","post_parent":0,"guid":"http:\/\/dev.claret.cat\/autor\/irene-ferb\/","menu_order":0,"post_type":"autor","post_mime_type":"","comment_count":"0","filter":"raw"}]},"aioseo_notices":[],"_links":{"self":[{"href":"https:\/\/www.claret.cat\/es\/wp-json\/wp\/v2\/product\/139686","targetHints":{"allow":["GET"]}}],"collection":[{"href":"https:\/\/www.claret.cat\/es\/wp-json\/wp\/v2\/product"}],"about":[{"href":"https:\/\/www.claret.cat\/es\/wp-json\/wp\/v2\/types\/product"}],"wp:featuredmedia":[{"embeddable":true,"href":"https:\/\/www.claret.cat\/es\/wp-json\/wp\/v2\/media\/139687"}],"wp:attachment":[{"href":"https:\/\/www.claret.cat\/es\/wp-json\/wp\/v2\/media?parent=139686"}],"wp:term":[{"taxonomy":"product_brand","embeddable":true,"href":"https:\/\/www.claret.cat\/es\/wp-json\/wp\/v2\/product_brand?post=139686"},{"taxonomy":"product_cat","embeddable":true,"href":"https:\/\/www.claret.cat\/es\/wp-json\/wp\/v2\/product_cat?post=139686"},{"taxonomy":"product_tag","embeddable":true,"href":"https:\/\/www.claret.cat\/es\/wp-json\/wp\/v2\/product_tag?post=139686"}],"curies":[{"name":"wp","href":"https:\/\/api.w.org\/{rel}","templated":true}]}}