{"id":139725,"date":"2022-10-13T12:52:15","date_gmt":"2022-10-13T10:52:15","guid":{"rendered":"http:\/\/dev.claret.cat\/producte\/cuidar-relato-de-una-aventura\/"},"modified":"2026-04-17T16:30:58","modified_gmt":"2026-04-17T14:30:58","slug":"cuidar-relato-de-una-aventura-9788428833530","status":"publish","type":"product","link":"https:\/\/www.claret.cat\/es\/libro\/cuidar-relato-de-una-aventura-9788428833530\/","title":{"rendered":"CUIDAR. RELATO DE UNA AVENTURA"},"content":{"rendered":"<p>Un precioso testimonio en primera persona para aprender a acompa\u00f1ar en el declive.<br \/>Nuestra sociedad envejece y cada vez son m\u00e1s las personas ancianas que necesitan cuidados. Aunque no seamos profesionales de la salud, podemos encontrarnos un d\u00eda en la necesidad de cuidar a una persona, y este escenario puede provocarnos cierta aprensi\u00f3n. La autora comparte, a lo largo de estas p\u00e1ginas, una historia apasionante, vivida en primera persona: sin proceder del mundo sanitario, ha acompa\u00f1ado a diario y durante varios a\u00f1os a Andrea, una anciana que se ha convertido para ella en maestra de vida, a pesar del declive cognitivo provocado por una enfermedad neurodegenerativa. La relectura del encuentro inesperado entre estas dos mujeres da origen a este libro. As\u00ed, no se trata de un conjunto de ideas generales a prop\u00f3sito de los cuidados, sino m\u00e1s bien de una reflexi\u00f3n pausada sobre el significado de \u201ccuidar&#8217; y de unas pocas pistas surgidas del contacto cotidiano. El lector tiene entre sus manos el relato de una aventura. Quiz\u00e1, al adentrarse en ella, su propia experiencia pueda verse sorprendentemente iluminada.<\/p>\n","protected":false},"excerpt":{"rendered":"<p>SALDA\u00d1A MOSTAJO, MARGARITA<\/p>\n","protected":false},"featured_media":1097452,"template":"","meta":{"_acf_changed":false,"om_disable_all_campaigns":false,"rs_blank_template":"","rs_page_bg_color":"","slide_template_v7":"","inline_featured_image":false,"_monsterinsights_skip_tracking":false,"_monsterinsights_sitenote_active":false,"_monsterinsights_sitenote_note":"","_monsterinsights_sitenote_category":0},"product_brand":[],"product_cat":[345,79,344,78,547,97],"product_tag":[],"class_list":{"0":"post-139725","1":"product","2":"type-product","3":"status-publish","4":"has-post-thumbnail","6":"product_cat-espiritualidad","7":"product_cat-espiritualitat","8":"product_cat-pastoral-1_espiritualidad","9":"product_cat-pastoral","10":"product_cat-salud","11":"product_cat-salut","13":"first","14":"instock","15":"taxable","16":"shipping-taxable","17":"purchasable","18":"product-type-simple"},"acf":{"editorial":[{"ID":6335,"post_author":"3","post_date":"2022-07-28 17:49:59","post_date_gmt":"2022-07-28 15:49:59","post_content":"","post_title":"PPC altres","post_excerpt":"","post_status":"publish","comment_status":"closed","ping_status":"closed","post_password":"","post_name":"ppc-altres","to_ping":"","pinged":"","post_modified":"2022-07-28 17:49:59","post_modified_gmt":"2022-07-28 15:49:59","post_content_filtered":"","post_parent":0,"guid":"http:\/\/dev.claret.cat\/editorial\/ppc-altres\/","menu_order":0,"post_type":"editorial","post_mime_type":"","comment_count":"0","filter":"raw"}],"autor":"SALDA\u00d1A MOSTAJO, MARGARITA","codart":"842883353","libros-coleccion":"","ediciones":"1","encuadernacion":"R\u00fastica","fecha_de_publicacion":"28\/02\/2019","novedad":"1","paginas":"170","subtitulo":"RELATO DE UNA AVENTURA","orden":"0","portada":"0","idioma":"spa","autores-libros":[{"ID":163488,"post_author":"3","post_date":"2022-10-14 17:39:26","post_date_gmt":"2022-10-14 15:39:26","post_content":"","post_title":"MARGARITA SALDA\u00d1A MOSTAJO","post_excerpt":"","post_status":"publish","comment_status":"closed","ping_status":"closed","post_password":"","post_name":"margarita-saldana-mostajo","to_ping":"","pinged":"","post_modified":"2022-10-14 17:39:26","post_modified_gmt":"2022-10-14 15:39:26","post_content_filtered":"","post_parent":0,"guid":"http:\/\/dev.claret.cat\/autor\/margarita-saldana-mostajo\/","menu_order":0,"post_type":"autor","post_mime_type":"","comment_count":"0","filter":"raw"}],"booktrailer":"","resenas":""},"aioseo_notices":[],"_links":{"self":[{"href":"https:\/\/www.claret.cat\/es\/wp-json\/wp\/v2\/product\/139725","targetHints":{"allow":["GET"]}}],"collection":[{"href":"https:\/\/www.claret.cat\/es\/wp-json\/wp\/v2\/product"}],"about":[{"href":"https:\/\/www.claret.cat\/es\/wp-json\/wp\/v2\/types\/product"}],"wp:featuredmedia":[{"embeddable":true,"href":"https:\/\/www.claret.cat\/es\/wp-json\/wp\/v2\/media\/1097452"}],"wp:attachment":[{"href":"https:\/\/www.claret.cat\/es\/wp-json\/wp\/v2\/media?parent=139725"}],"wp:term":[{"taxonomy":"product_brand","embeddable":true,"href":"https:\/\/www.claret.cat\/es\/wp-json\/wp\/v2\/product_brand?post=139725"},{"taxonomy":"product_cat","embeddable":true,"href":"https:\/\/www.claret.cat\/es\/wp-json\/wp\/v2\/product_cat?post=139725"},{"taxonomy":"product_tag","embeddable":true,"href":"https:\/\/www.claret.cat\/es\/wp-json\/wp\/v2\/product_tag?post=139725"}],"curies":[{"name":"wp","href":"https:\/\/api.w.org\/{rel}","templated":true}]}}