{"id":139755,"date":"2022-10-13T12:52:39","date_gmt":"2022-10-13T10:52:39","guid":{"rendered":"http:\/\/dev.claret.cat\/producte\/la-luna-de-los-deseos\/"},"modified":"2024-05-02T12:36:02","modified_gmt":"2024-05-02T10:36:02","slug":"la-luna-de-los-deseos-9788427143036","status":"publish","type":"product","link":"https:\/\/www.claret.cat\/es\/libro\/la-luna-de-los-deseos-9788427143036\/","title":{"rendered":"LA LUNA DE LOS DESEOS"},"content":{"rendered":"<p>\u00c1lvaro vive en la casa m\u00e1s alta de la ciudad. Desde su balc\u00f3n cada noche observa la luna y se pregunta qu\u00e9 la har\u00e1 menguar. Una preciosa historia sobre los deseos, la importancia del cari\u00f1o y la amistad por encima de todo.<\/p>\n","protected":false},"excerpt":{"rendered":"<p>SIRVENT, GEMA; CERRO, MIGUEL<\/p>\n","protected":false},"featured_media":332585,"template":"","meta":{"_acf_changed":false,"om_disable_all_campaigns":false,"rs_blank_template":"","rs_page_bg_color":"","slide_template_v7":"","inline_featured_image":false,"_monsterinsights_skip_tracking":false,"_monsterinsights_sitenote_active":false,"_monsterinsights_sitenote_note":"","_monsterinsights_sitenote_category":0},"product_brand":[],"product_cat":[86,352],"product_tag":[],"class_list":{"0":"post-139755","1":"product","2":"type-product","3":"status-publish","4":"has-post-thumbnail","6":"product_cat-infantil","7":"product_cat-infantil-3_infantil-juvenil-spa","9":"first","10":"instock","11":"taxable","12":"shipping-taxable","13":"purchasable","14":"product-type-simple"},"acf":{"editorial":[{"ID":8258,"post_author":"3","post_date":"2022-09-30 09:21:32","post_date_gmt":"2022-09-30 07:21:32","post_content":"","post_title":"MENSAJERO","post_excerpt":"","post_status":"publish","comment_status":"closed","ping_status":"closed","post_password":"","post_name":"mensajero","to_ping":"","pinged":"","post_modified":"2022-09-30 09:21:32","post_modified_gmt":"2022-09-30 07:21:32","post_content_filtered":"","post_parent":0,"guid":"http:\/\/dev.claret.cat\/editorial\/mensajero\/","menu_order":0,"post_type":"editorial","post_mime_type":"","comment_count":"0","filter":"raw"}],"autor":"SIRVENT, GEMA; CERRO, MIGUEL","codart":"842714303","libros-coleccion":"","ediciones":"1","encuadernacion":"Carton\u00e9","fecha_de_publicacion":"28\/02\/2019","novedad":"1","paginas":"36","subtitulo":"","orden":"0","portada":"0","idioma":"spa","autores-libros":[{"ID":164969,"post_author":"3","post_date":"2022-10-14 17:51:20","post_date_gmt":"2022-10-14 15:51:20","post_content":"","post_title":"MIGUEL CERRO","post_excerpt":"","post_status":"publish","comment_status":"closed","ping_status":"closed","post_password":"","post_name":"miguel-cerro","to_ping":"","pinged":"","post_modified":"2022-10-14 17:51:20","post_modified_gmt":"2022-10-14 15:51:20","post_content_filtered":"","post_parent":0,"guid":"http:\/\/dev.claret.cat\/autor\/miguel-cerro\/","menu_order":0,"post_type":"autor","post_mime_type":"","comment_count":"0","filter":"raw"},{"ID":156657,"post_author":"3","post_date":"2022-10-14 15:22:33","post_date_gmt":"2022-10-14 13:22:33","post_content":"","post_title":"GEMA SIRVENT","post_excerpt":"","post_status":"publish","comment_status":"closed","ping_status":"closed","post_password":"","post_name":"gema-sirvent","to_ping":"","pinged":"","post_modified":"2022-10-14 15:22:33","post_modified_gmt":"2022-10-14 13:22:33","post_content_filtered":"","post_parent":0,"guid":"http:\/\/dev.claret.cat\/autor\/gema-sirvent\/","menu_order":0,"post_type":"autor","post_mime_type":"","comment_count":"0","filter":"raw"}]},"aioseo_notices":[],"_links":{"self":[{"href":"https:\/\/www.claret.cat\/es\/wp-json\/wp\/v2\/product\/139755","targetHints":{"allow":["GET"]}}],"collection":[{"href":"https:\/\/www.claret.cat\/es\/wp-json\/wp\/v2\/product"}],"about":[{"href":"https:\/\/www.claret.cat\/es\/wp-json\/wp\/v2\/types\/product"}],"wp:featuredmedia":[{"embeddable":true,"href":"https:\/\/www.claret.cat\/es\/wp-json\/wp\/v2\/media\/332585"}],"wp:attachment":[{"href":"https:\/\/www.claret.cat\/es\/wp-json\/wp\/v2\/media?parent=139755"}],"wp:term":[{"taxonomy":"product_brand","embeddable":true,"href":"https:\/\/www.claret.cat\/es\/wp-json\/wp\/v2\/product_brand?post=139755"},{"taxonomy":"product_cat","embeddable":true,"href":"https:\/\/www.claret.cat\/es\/wp-json\/wp\/v2\/product_cat?post=139755"},{"taxonomy":"product_tag","embeddable":true,"href":"https:\/\/www.claret.cat\/es\/wp-json\/wp\/v2\/product_tag?post=139755"}],"curies":[{"name":"wp","href":"https:\/\/api.w.org\/{rel}","templated":true}]}}