{"id":139785,"date":"2022-10-13T12:53:02","date_gmt":"2022-10-13T10:53:02","guid":{"rendered":"http:\/\/dev.claret.cat\/producte\/100-dones-catalanes\/"},"modified":"2025-02-01T01:02:02","modified_gmt":"2025-02-01T00:02:02","slug":"100-dones-catalanes-9788494959219","status":"publish","type":"product","link":"https:\/\/www.claret.cat\/es\/libro\/100-dones-catalanes-9788494959219\/","title":{"rendered":"100 DONES CATALANES"},"content":{"rendered":"<p>Aquest llibre recull els pensaments de cent catalanes que han reflexionat sobre l&#8217;art, el proc\u00e9s creatiu i el paper de les dones en la producci\u00f3 art\u00edstica. Des del segle XIX fins als nostres dies. Des de Rosa Sensat fins a Txell Bonet, passant per Caterina Albert, Aurora Bertrana, Montserrat Roig, Sol Pic\u00f3, Natza Farr\u00e9 i Lita Cabellut, entre moltes altres. Un centenar de textos seleccionats que resulten especialment inspiradors i que ens fan pensar sobre el fet art\u00edstic i sobre l&#8217;art de viure. Una festa dels sentits i del pensament, amb dones que han marcat el seu temps i que han al\u00e7at la veu per fer evolucionar la societat.<\/p>\n","protected":false},"excerpt":{"rendered":"<p>GELONCH VILADEGUT, ANTONI<\/p>\n","protected":false},"featured_media":139786,"template":"","meta":{"_acf_changed":false,"om_disable_all_campaigns":false,"rs_blank_template":"","rs_page_bg_color":"","slide_template_v7":"","inline_featured_image":false,"_monsterinsights_skip_tracking":false,"_monsterinsights_sitenote_active":false,"_monsterinsights_sitenote_note":"","_monsterinsights_sitenote_category":0},"product_brand":[],"product_cat":[105,555,84,350],"product_tag":[],"class_list":{"0":"post-139785","1":"product","2":"type-product","3":"status-publish","4":"has-post-thumbnail","6":"product_cat-regal","7":"product_cat-regalo","8":"product_cat-sociologia","9":"product_cat-sociologia-2_humanidades","11":"first","12":"instock","13":"taxable","14":"shipping-taxable","15":"purchasable","16":"product-type-simple"},"acf":{"editorial":[{"ID":6392,"post_author":"3","post_date":"2022-07-28 17:51:10","post_date_gmt":"2022-07-28 15:51:10","post_content":"","post_title":"Viena","post_excerpt":"","post_status":"publish","comment_status":"closed","ping_status":"closed","post_password":"","post_name":"viena","to_ping":"","pinged":"","post_modified":"2022-07-28 17:51:10","post_modified_gmt":"2022-07-28 15:51:10","post_content_filtered":"","post_parent":0,"guid":"http:\/\/dev.claret.cat\/editorial\/viena\/","menu_order":0,"post_type":"editorial","post_mime_type":"","comment_count":"0","filter":"raw"}],"autor":"GELONCH VILADEGUT, ANTONI","codart":"849495921","libros-coleccion":"Creativa","ediciones":"1","encuadernacion":"Carton\u00e9","fecha_de_publicacion":"01\/02\/2019","novedad":"1","paginas":"212","subtitulo":"100 INSPIRACIONS CREATIVES","orden":"0","portada":"0","idioma":"cat","autores-libros":[{"ID":150820,"post_author":"3","post_date":"2022-10-14 14:36:00","post_date_gmt":"2022-10-14 12:36:00","post_content":"","post_title":"ANTONI GELONCH VILADEGUT","post_excerpt":"","post_status":"publish","comment_status":"closed","ping_status":"closed","post_password":"","post_name":"antoni-gelonch-viladegut","to_ping":"","pinged":"","post_modified":"2022-10-14 14:36:00","post_modified_gmt":"2022-10-14 12:36:00","post_content_filtered":"","post_parent":0,"guid":"http:\/\/dev.claret.cat\/autor\/antoni-gelonch-viladegut\/","menu_order":0,"post_type":"autor","post_mime_type":"","comment_count":"0","filter":"raw"}]},"aioseo_notices":[],"_links":{"self":[{"href":"https:\/\/www.claret.cat\/es\/wp-json\/wp\/v2\/product\/139785","targetHints":{"allow":["GET"]}}],"collection":[{"href":"https:\/\/www.claret.cat\/es\/wp-json\/wp\/v2\/product"}],"about":[{"href":"https:\/\/www.claret.cat\/es\/wp-json\/wp\/v2\/types\/product"}],"wp:featuredmedia":[{"embeddable":true,"href":"https:\/\/www.claret.cat\/es\/wp-json\/wp\/v2\/media\/139786"}],"wp:attachment":[{"href":"https:\/\/www.claret.cat\/es\/wp-json\/wp\/v2\/media?parent=139785"}],"wp:term":[{"taxonomy":"product_brand","embeddable":true,"href":"https:\/\/www.claret.cat\/es\/wp-json\/wp\/v2\/product_brand?post=139785"},{"taxonomy":"product_cat","embeddable":true,"href":"https:\/\/www.claret.cat\/es\/wp-json\/wp\/v2\/product_cat?post=139785"},{"taxonomy":"product_tag","embeddable":true,"href":"https:\/\/www.claret.cat\/es\/wp-json\/wp\/v2\/product_tag?post=139785"}],"curies":[{"name":"wp","href":"https:\/\/api.w.org\/{rel}","templated":true}]}}