{"id":139791,"date":"2022-10-13T12:53:07","date_gmt":"2022-10-13T10:53:07","guid":{"rendered":"http:\/\/dev.claret.cat\/producte\/la-teva-emocio-te-rao\/"},"modified":"2023-01-28T02:30:06","modified_gmt":"2023-01-28T01:30:06","slug":"la-teva-emocio-te-rao-9788417214609","status":"publish","type":"product","link":"https:\/\/www.claret.cat\/es\/libro\/la-teva-emocio-te-rao-9788417214609\/","title":{"rendered":"LA TEVA EMOCI\u00d3 T\u00c9 RA\u00d3"},"content":{"rendered":"<p>Moltes vegades tractem les emocions que ens desagraden, com una c\u00e0rrega o una mol\u00e8stia que haur\u00edem de poder eliminar. Ens enfadem amb aquestes emocions quan no responen al que racionalment desitjar\u00edem i, per tant, o intentem controlar-les, o ens deixem arrossegar per la seva in\u00e8rcia. Aquest llibre et pot ajudar a: Entendre el missatge que aporten les emocions. Experimentar les emocions des de l&#8217;acceptaci\u00f3 i la pres\u00e8ncia. Destapar les estrat\u00e8gies inconscients que et mantenen dins el malestar i desmuntar-les. Acceptar-te a tu mateix amb tot el que passa dins teu. Entrenar-te en noves maneres d&#8217;enfrontar la teva vida i les teves emocions. Buscarem maneres d&#8217;explorar les nostres emocions des del cos i la ment per trobar un equilibri.<\/p>\n","protected":false},"excerpt":{"rendered":"<p>BALLESTEROS CAB\u00d3S, RAQUEL<\/p>\n","protected":false},"featured_media":317849,"template":"","meta":{"_acf_changed":false,"om_disable_all_campaigns":false,"rs_blank_template":"","rs_page_bg_color":"","slide_template_v7":"","inline_featured_image":false,"_monsterinsights_skip_tracking":false,"_monsterinsights_sitenote_active":false,"_monsterinsights_sitenote_note":"","_monsterinsights_sitenote_category":0},"product_brand":[],"product_cat":[81,347],"product_tag":[],"class_list":{"0":"post-139791","1":"product","2":"type-product","3":"status-publish","4":"has-post-thumbnail","6":"product_cat-psicologia","7":"product_cat-psicologia-2_humanidades","9":"first","10":"instock","11":"taxable","12":"shipping-taxable","13":"purchasable","14":"product-type-simple"},"acf":{"editorial":[{"ID":6122,"post_author":"3","post_date":"2022-07-28 17:45:22","post_date_gmt":"2022-07-28 15:45:22","post_content":"","post_title":"ANGLE EDITORIAL","post_excerpt":"","post_status":"publish","comment_status":"closed","ping_status":"closed","post_password":"","post_name":"angle-editorial","to_ping":"","pinged":"","post_modified":"2022-07-28 17:45:22","post_modified_gmt":"2022-07-28 15:45:22","post_content_filtered":"","post_parent":0,"guid":"http:\/\/dev.claret.cat\/editorial\/angle-editorial\/","menu_order":0,"post_type":"editorial","post_mime_type":"","comment_count":"0","filter":"raw"}],"autor":"BALLESTEROS CAB\u00d3S, RAQUEL","codart":"841721460","libros-coleccion":"Inspira","ediciones":"1","encuadernacion":"R\u00fastica","fecha_de_publicacion":"01\/02\/2019","novedad":"1","paginas":"143","subtitulo":"PRIMERS AUXILIS PER ENTENDRE''T AMB LES TEVES EMOCIONS","orden":"0","portada":"0","idioma":"cat","autores-libros":[{"ID":167789,"post_author":"3","post_date":"2022-10-14 18:14:01","post_date_gmt":"2022-10-14 16:14:01","post_content":"","post_title":"RAQUEL BALLESTEROS CAB\u00d3S","post_excerpt":"","post_status":"publish","comment_status":"closed","ping_status":"closed","post_password":"","post_name":"raquel-ballesteros-cabos","to_ping":"","pinged":"","post_modified":"2022-10-14 18:14:01","post_modified_gmt":"2022-10-14 16:14:01","post_content_filtered":"","post_parent":0,"guid":"http:\/\/dev.claret.cat\/autor\/raquel-ballesteros-cabos\/","menu_order":0,"post_type":"autor","post_mime_type":"","comment_count":"0","filter":"raw"}]},"aioseo_notices":[],"_links":{"self":[{"href":"https:\/\/www.claret.cat\/es\/wp-json\/wp\/v2\/product\/139791","targetHints":{"allow":["GET"]}}],"collection":[{"href":"https:\/\/www.claret.cat\/es\/wp-json\/wp\/v2\/product"}],"about":[{"href":"https:\/\/www.claret.cat\/es\/wp-json\/wp\/v2\/types\/product"}],"wp:featuredmedia":[{"embeddable":true,"href":"https:\/\/www.claret.cat\/es\/wp-json\/wp\/v2\/media\/317849"}],"wp:attachment":[{"href":"https:\/\/www.claret.cat\/es\/wp-json\/wp\/v2\/media?parent=139791"}],"wp:term":[{"taxonomy":"product_brand","embeddable":true,"href":"https:\/\/www.claret.cat\/es\/wp-json\/wp\/v2\/product_brand?post=139791"},{"taxonomy":"product_cat","embeddable":true,"href":"https:\/\/www.claret.cat\/es\/wp-json\/wp\/v2\/product_cat?post=139791"},{"taxonomy":"product_tag","embeddable":true,"href":"https:\/\/www.claret.cat\/es\/wp-json\/wp\/v2\/product_tag?post=139791"}],"curies":[{"name":"wp","href":"https:\/\/api.w.org\/{rel}","templated":true}]}}