{"id":139803,"date":"2022-10-13T12:53:16","date_gmt":"2022-10-13T10:53:16","guid":{"rendered":"http:\/\/dev.claret.cat\/producte\/tu-emocion-tiene-razon\/"},"modified":"2023-01-28T14:56:25","modified_gmt":"2023-01-28T13:56:25","slug":"tu-emocion-tiene-razon-9788416918515","status":"publish","type":"product","link":"https:\/\/www.claret.cat\/es\/libro\/tu-emocion-tiene-razon-9788416918515\/","title":{"rendered":"TU EMOCI\u00d3N TIENE RAZ\u00d3N"},"content":{"rendered":"<p>Muchas veces tratamos las emociones que nos desagradan como una carga o una molestia que tendr\u00edamos que poder eliminar. Nos enfadamos con esas emociones cuando no responden a lo que racionalmente desear\u00edamos y, por lo tanto, o bien intentamos controlarlas, o bien nos dejamos arrastrar por su inercia. Este libro te puede ayudar a: Entender el mensaje que aportan las emociones. Experimentar las emociones desde la aceptaci\u00f3n y la presencia. Destapar las estrategias inconscientes que te mantienen dentro del malestar y desmontarlas. Aceptarte a ti mismo con todo lo que pasa dentro de ti. Entrenarte en nuevas maneras de enfrentar tu vida y tus emociones. Buscaremos maneras de explorar nuestras emociones desde el cuerpo y la mente para encontrar un equilibrio.<\/p>\n","protected":false},"excerpt":{"rendered":"<p>BALLESTEROS CAB\u00d3S, RAQUEL<\/p>\n","protected":false},"featured_media":317463,"template":"","meta":{"_acf_changed":false,"om_disable_all_campaigns":false,"rs_blank_template":"","rs_page_bg_color":"","slide_template_v7":"","inline_featured_image":false,"_monsterinsights_skip_tracking":false,"_monsterinsights_sitenote_active":false,"_monsterinsights_sitenote_note":"","_monsterinsights_sitenote_category":0},"product_brand":[],"product_cat":[81,347],"product_tag":[],"class_list":{"0":"post-139803","1":"product","2":"type-product","3":"status-publish","4":"has-post-thumbnail","6":"product_cat-psicologia","7":"product_cat-psicologia-2_humanidades","9":"first","10":"instock","11":"taxable","12":"shipping-taxable","13":"purchasable","14":"product-type-simple"},"acf":{"editorial":[{"ID":148408,"post_author":"3","post_date":"2022-10-14 11:58:01","post_date_gmt":"2022-10-14 09:58:01","post_content":"","post_title":"Lectio Ediciones","post_excerpt":"","post_status":"publish","comment_status":"closed","ping_status":"closed","post_password":"","post_name":"lectio-ediciones","to_ping":"","pinged":"","post_modified":"2022-10-14 11:58:01","post_modified_gmt":"2022-10-14 09:58:01","post_content_filtered":"","post_parent":0,"guid":"http:\/\/dev.claret.cat\/editorial\/lectio-ediciones\/","menu_order":0,"post_type":"editorial","post_mime_type":"","comment_count":"0","filter":"raw"}],"autores-libros":[{"ID":167789,"post_author":"3","post_date":"2022-10-14 18:14:01","post_date_gmt":"2022-10-14 16:14:01","post_content":"","post_title":"RAQUEL BALLESTEROS CAB\u00d3S","post_excerpt":"","post_status":"publish","comment_status":"closed","ping_status":"closed","post_password":"","post_name":"raquel-ballesteros-cabos","to_ping":"","pinged":"","post_modified":"2022-10-14 18:14:01","post_modified_gmt":"2022-10-14 16:14:01","post_content_filtered":"","post_parent":0,"guid":"http:\/\/dev.claret.cat\/autor\/raquel-ballesteros-cabos\/","menu_order":0,"post_type":"autor","post_mime_type":"","comment_count":"0","filter":"raw"}],"autor":"BALLESTEROS CAB\u00d3S, RAQUEL","codart":"841691851","libros-coleccion":"Cuadril\u00e1tero de libros - Pr\u00e1ctico","ediciones":"1","encuadernacion":"R\u00fastica","fecha_de_publicacion":"01\/02\/2019","novedad":"1","paginas":"143","subtitulo":"","orden":"0","portada":"0","idioma":"spa"},"aioseo_notices":[],"_links":{"self":[{"href":"https:\/\/www.claret.cat\/es\/wp-json\/wp\/v2\/product\/139803","targetHints":{"allow":["GET"]}}],"collection":[{"href":"https:\/\/www.claret.cat\/es\/wp-json\/wp\/v2\/product"}],"about":[{"href":"https:\/\/www.claret.cat\/es\/wp-json\/wp\/v2\/types\/product"}],"wp:featuredmedia":[{"embeddable":true,"href":"https:\/\/www.claret.cat\/es\/wp-json\/wp\/v2\/media\/317463"}],"wp:attachment":[{"href":"https:\/\/www.claret.cat\/es\/wp-json\/wp\/v2\/media?parent=139803"}],"wp:term":[{"taxonomy":"product_brand","embeddable":true,"href":"https:\/\/www.claret.cat\/es\/wp-json\/wp\/v2\/product_brand?post=139803"},{"taxonomy":"product_cat","embeddable":true,"href":"https:\/\/www.claret.cat\/es\/wp-json\/wp\/v2\/product_cat?post=139803"},{"taxonomy":"product_tag","embeddable":true,"href":"https:\/\/www.claret.cat\/es\/wp-json\/wp\/v2\/product_tag?post=139803"}],"curies":[{"name":"wp","href":"https:\/\/api.w.org\/{rel}","templated":true}]}}