{"id":139992,"date":"2022-10-13T12:56:02","date_gmt":"2022-10-13T10:56:02","guid":{"rendered":"http:\/\/dev.claret.cat\/producte\/leonardo-da-vinci-profecias\/"},"modified":"2023-01-28T18:57:11","modified_gmt":"2023-01-28T17:57:11","slug":"leonardo-da-vinci-profecias-9788491114420","status":"publish","type":"product","link":"https:\/\/www.claret.cat\/es\/libro\/leonardo-da-vinci-profecias-9788491114420\/","title":{"rendered":"LEONARDO DA VINCI. PROFEC\u00cdAS"},"content":{"rendered":"<p>Leonardo da Vinci es uno de los mayores genios de la historia de la humanidad. Autor de La \u00faltima cena y de La Gioconda, es recordado especialmente por sus pinturas cargadas de simbolismo herm\u00e9tico y por sus inventos, pero fue tambi\u00e9n bot\u00e1nico, fil\u00f3sofo, m\u00fasico, poeta y, tal vez, profeta. El artista que dibuj\u00f3 el Hombre de Vitruvio nos leg\u00f3 tambi\u00e9n una serie de aforismos y textos breves que han servido a algunos de sus estudiosos para afirmar que tuvo visiones prof\u00e9ticas y que fue capaz de predecir la invenci\u00f3n de internet o terribles sucesos como guerras y tsunamis. Otros lectores de Leonardo, en cambio, sostienen que las llamadas \u00abprofec\u00edas\u00bb son en realidad juegos de palabras o una plasmaci\u00f3n po\u00e9tica de sus m\u00e1ximas pol\u00edticas y morales. Sea como sea, las Profec\u00edas forman parte integral del maravilloso patrimonio art\u00edstico y herm\u00e9tico que nos leg\u00f3 el genio florentino. Ediciones Obelisco las acerca a los lectores en una cuidada traducci\u00f3n, con introducci\u00f3n del periodista y escritor Carlos Mesa. AUTOR es uno de los mayores genios de la historia de la humanidad. Especialmente recordado por sus pinturas cargadas de simbolismo herm\u00e9tico y por sus inventos, fue tambi\u00e9n bot\u00e1nico, fil\u00f3sofo, m\u00fasico y poeta, entre otras muchas cosas. Formado como artista en el taller del florentino Andrea Verrocchio, desarroll\u00f3 su obra al amparo de influyentes mecenas como Ludovico Sforza, C\u00e9sar Borgia o Lorenzo de Medici, del que fue embajador. Obras suyas como La \u00faltima cena o La Gioconda se cuentan entre las m\u00e1s c\u00e9lebres de la historia del arte.<\/p>\n","protected":false},"excerpt":{"rendered":"<p>DA VINCI, LEONARDO<\/p>\n","protected":false},"featured_media":139993,"template":"","meta":{"_acf_changed":false,"om_disable_all_campaigns":false,"rs_blank_template":"","rs_page_bg_color":"","slide_template_v7":"","inline_featured_image":false,"_monsterinsights_skip_tracking":false,"_monsterinsights_sitenote_active":false,"_monsterinsights_sitenote_note":"","_monsterinsights_sitenote_category":0},"product_brand":[],"product_cat":[85],"product_tag":[],"class_list":{"0":"post-139992","1":"product","2":"type-product","3":"status-publish","4":"has-post-thumbnail","6":"product_cat-historia","8":"first","9":"instock","10":"taxable","11":"shipping-taxable","12":"purchasable","13":"product-type-simple"},"acf":{"editorial":[{"ID":6318,"post_author":"3","post_date":"2022-07-28 17:49:37","post_date_gmt":"2022-07-28 15:49:37","post_content":"","post_title":"OBELISCO","post_excerpt":"","post_status":"publish","comment_status":"closed","ping_status":"closed","post_password":"","post_name":"obelisco","to_ping":"","pinged":"","post_modified":"2022-07-28 17:49:37","post_modified_gmt":"2022-07-28 15:49:37","post_content_filtered":"","post_parent":0,"guid":"http:\/\/dev.claret.cat\/editorial\/obelisco\/","menu_order":0,"post_type":"editorial","post_mime_type":"","comment_count":"0","filter":"raw"}],"autor":"DA VINCI, LEONARDO","codart":"849111442","libros-coleccion":"ESTUDIOS Y DOCUMENTOS","ediciones":"1","encuadernacion":"Carpeta","fecha_de_publicacion":"01\/02\/2019","novedad":"1","paginas":"62","subtitulo":"","orden":"0","portada":"0","idioma":"spa","autores-libros":[{"ID":162128,"post_author":"3","post_date":"2022-10-14 17:28:34","post_date_gmt":"2022-10-14 15:28:34","post_content":"","post_title":"LEONARDO DA VINCI","post_excerpt":"","post_status":"publish","comment_status":"closed","ping_status":"closed","post_password":"","post_name":"leonardo-da-vinci","to_ping":"","pinged":"","post_modified":"2022-10-14 17:28:34","post_modified_gmt":"2022-10-14 15:28:34","post_content_filtered":"","post_parent":0,"guid":"http:\/\/dev.claret.cat\/autor\/leonardo-da-vinci\/","menu_order":0,"post_type":"autor","post_mime_type":"","comment_count":"0","filter":"raw"}]},"aioseo_notices":[],"_links":{"self":[{"href":"https:\/\/www.claret.cat\/es\/wp-json\/wp\/v2\/product\/139992","targetHints":{"allow":["GET"]}}],"collection":[{"href":"https:\/\/www.claret.cat\/es\/wp-json\/wp\/v2\/product"}],"about":[{"href":"https:\/\/www.claret.cat\/es\/wp-json\/wp\/v2\/types\/product"}],"wp:featuredmedia":[{"embeddable":true,"href":"https:\/\/www.claret.cat\/es\/wp-json\/wp\/v2\/media\/139993"}],"wp:attachment":[{"href":"https:\/\/www.claret.cat\/es\/wp-json\/wp\/v2\/media?parent=139992"}],"wp:term":[{"taxonomy":"product_brand","embeddable":true,"href":"https:\/\/www.claret.cat\/es\/wp-json\/wp\/v2\/product_brand?post=139992"},{"taxonomy":"product_cat","embeddable":true,"href":"https:\/\/www.claret.cat\/es\/wp-json\/wp\/v2\/product_cat?post=139992"},{"taxonomy":"product_tag","embeddable":true,"href":"https:\/\/www.claret.cat\/es\/wp-json\/wp\/v2\/product_tag?post=139992"}],"curies":[{"name":"wp","href":"https:\/\/api.w.org\/{rel}","templated":true}]}}