{"id":140019,"date":"2022-10-13T12:56:27","date_gmt":"2022-10-13T10:56:27","guid":{"rendered":"http:\/\/dev.claret.cat\/producte\/tres-dies-a-la-preso\/"},"modified":"2026-04-10T16:40:29","modified_gmt":"2026-04-10T14:40:29","slug":"tres-dies-a-la-preso-9788417627720","status":"publish","type":"product","link":"https:\/\/www.claret.cat\/es\/libro\/tres-dies-a-la-preso-9788417627720\/","title":{"rendered":"TRES DIES A LA PRES\u00d3"},"content":{"rendered":"<p>\u00abHe trobat la meva llibertat a la pres\u00f3.\u00bb  Un di\u00e0leg intens de Jordi Cuixart i Gemma Nierga que permet comprendre una figura clau del present pol\u00edtic. \u00abEl proc\u00e9s afecta emocionalment tots els catalans, tant si pengem banderes del balc\u00f3 com si ens prenen per equidistants, i els periodistes  hem d&#8217;intentar prendre dist\u00e0ncia i explicar qu\u00e8 est\u00e0 passant ara i  aqu\u00ed\u00bb, afirma Gemma Nierga. <br \/>Amb aquesta ferma voluntat, ha pogut  conversar tres dies amb en Jordi Cuixart en un locutori de la pres\u00f3 de Lledoners. I en un di\u00e0leg obert, amb franquesa i contund\u00e8ncia, el  president d&#8217;\u00d2mnium es mostra en la seva dimensi\u00f3 m\u00e9s humana i tamb\u00e9 en la m\u00e9s pol\u00edtica. El llibre \u00e9s fruit d&#8217;aquestes sessions que van tenir lloc en un entorn hostil com el del centre penitenciari, i amb un vidre que for\u00e7a a  saludar-se com es fa entre reixes -posant les mans a la mateixa altura,  palmell contra palmell- i reflecteix l&#8217;excepcionalitat del moment que estem vivint. Amb emoci\u00f3 sincera en alguns moments, amb rigor i sense  ren\u00fancies a expressar les opinions personals, el di\u00e0leg aborda la  traject\u00f2ria personal de Jordi Cuixart -els seus or\u00edgens familiars i la seva experi\u00e8ncia professional-, la vida a les presons de Soto del Real i  de Lledoners -la conviv\u00e8ncia amb els altres presos i moments durs com la vaga de fam d&#8217;alguns d&#8217;ells- i la pol\u00edtica, des del paper d&#8217;\u00d2mnium en la societat catalana fins a la manifestaci\u00f3 davant de la conselleria d&#8217;Economia per la que est\u00e0 sent jutjat acusat de rebel\u00b7li\u00f3. <br \/>Amb extraordin\u00e0ria transpar\u00e8ncia, Jordi Cuixart mostra el seu tarann\u00e0 i la seva visi\u00f3 de futur. \u00abHe trobat la meva llibertat a la pres\u00f3. En una situaci\u00f3 adversa, m&#8217;he trobat a mi mateix. Soc m\u00e9s lliure dins de la pres\u00f3 que la gent que \u00e9s fora. Ho soc en parlar de pol\u00edtica, ho soc perqu\u00e8 ja no puc patir pels altres\u00bb, escriu. I conclou: \u00abDes d&#8217;un punt de vista pol\u00edtic, penso en el futur de Catalunya. I hem de tenir clar que la situaci\u00f3 que estem vivint, malauradament, va per llarg.\u00bb I per a tots els lectors -\u00abla persona que he conegut \u00e9s diferent de la persona que esperava con\u00e8ixer\u00bb, afirma Gemma Nierga-, el llibre ofereix un retrat sorprenent i trasbalsador d&#8217;una experi\u00e8ncia humana i pol\u00edtica extraordin\u00e0ries. \u00abNo espero l&#8217;indult, perqu\u00e8 Espanya no est\u00e0 preparada per donar-lo. I si  arriba, ser\u00e0 una mala not\u00edcia per a ells perqu\u00e8 voldr\u00e0 dir que es gira full i no es resol el conflicte. I aquest problema s&#8217;ha de solucionar ara, no el podem traspassar a les properes generacions. Ja l&#8217;hem anat arrossegant durant molts anys. Havien dit que moltes coses no es podien fer, per\u00f2 les hem fet: votar l&#8217;1 d&#8217;Octubre, per exemple. Qui diu que no podem fer un refer\u00e8ndum vinculant al segle XXI?\u00bb Jordi Cuixart<\/p>\n","protected":false},"excerpt":{"rendered":"<p>CUIXART, JORDI \/ NIERGA, GEMMA<\/p>\n","protected":false},"featured_media":1096177,"template":"","meta":{"_acf_changed":false,"om_disable_all_campaigns":false,"rs_blank_template":"","rs_page_bg_color":"","slide_template_v7":"","inline_featured_image":false,"_monsterinsights_skip_tracking":false,"_monsterinsights_sitenote_active":false,"_monsterinsights_sitenote_note":"","_monsterinsights_sitenote_category":0},"product_brand":[],"product_cat":[90,540],"product_tag":[],"class_list":{"0":"post-140019","1":"product","2":"type-product","3":"status-publish","4":"has-post-thumbnail","6":"product_cat-altres","7":"product_cat-otros","9":"first","10":"outofstock","11":"taxable","12":"shipping-taxable","13":"purchasable","14":"product-type-simple"},"acf":{"editorial":[{"ID":6350,"post_author":"3","post_date":"2022-07-28 17:50:18","post_date_gmt":"2022-07-28 15:50:18","post_content":"","post_title":"ROSA DELS VENTS","post_excerpt":"","post_status":"publish","comment_status":"closed","ping_status":"closed","post_password":"","post_name":"rosa-dels-vents","to_ping":"","pinged":"","post_modified":"2022-07-28 17:50:18","post_modified_gmt":"2022-07-28 15:50:18","post_content_filtered":"","post_parent":0,"guid":"http:\/\/dev.claret.cat\/editorial\/rosa-dels-vents\/","menu_order":0,"post_type":"editorial","post_mime_type":"","comment_count":"0","filter":"raw"}],"autor":"CUIXART, JORDI \/ NIERGA, GEMMA","codart":"841762772","libros-coleccion":"","ediciones":"1","encuadernacion":"R\u00fastica","fecha_de_publicacion":"01\/02\/2019","novedad":"0","paginas":"202","subtitulo":"UN DI\u00c0LEG SENSE MURS","orden":"0","portada":"0","idioma":"cat","autores-libros":[{"ID":156681,"post_author":"3","post_date":"2022-10-14 15:22:45","post_date_gmt":"2022-10-14 13:22:45","post_content":"","post_title":"GEMMA NIERGA","post_excerpt":"","post_status":"publish","comment_status":"closed","ping_status":"closed","post_password":"","post_name":"gemma-nierga","to_ping":"","pinged":"","post_modified":"2022-10-14 15:22:45","post_modified_gmt":"2022-10-14 13:22:45","post_content_filtered":"","post_parent":0,"guid":"http:\/\/dev.claret.cat\/autor\/gemma-nierga\/","menu_order":0,"post_type":"autor","post_mime_type":"","comment_count":"0","filter":"raw"},{"ID":159880,"post_author":"3","post_date":"2022-10-14 15:48:29","post_date_gmt":"2022-10-14 13:48:29","post_content":"","post_title":"JORDI CUIXART","post_excerpt":"","post_status":"publish","comment_status":"closed","ping_status":"closed","post_password":"","post_name":"jordi-cuixart","to_ping":"","pinged":"","post_modified":"2022-10-14 15:48:29","post_modified_gmt":"2022-10-14 13:48:29","post_content_filtered":"","post_parent":0,"guid":"http:\/\/dev.claret.cat\/autor\/jordi-cuixart\/","menu_order":0,"post_type":"autor","post_mime_type":"","comment_count":"0","filter":"raw"}],"booktrailer":"","resenas":""},"aioseo_notices":[],"_links":{"self":[{"href":"https:\/\/www.claret.cat\/es\/wp-json\/wp\/v2\/product\/140019","targetHints":{"allow":["GET"]}}],"collection":[{"href":"https:\/\/www.claret.cat\/es\/wp-json\/wp\/v2\/product"}],"about":[{"href":"https:\/\/www.claret.cat\/es\/wp-json\/wp\/v2\/types\/product"}],"wp:featuredmedia":[{"embeddable":true,"href":"https:\/\/www.claret.cat\/es\/wp-json\/wp\/v2\/media\/1096177"}],"wp:attachment":[{"href":"https:\/\/www.claret.cat\/es\/wp-json\/wp\/v2\/media?parent=140019"}],"wp:term":[{"taxonomy":"product_brand","embeddable":true,"href":"https:\/\/www.claret.cat\/es\/wp-json\/wp\/v2\/product_brand?post=140019"},{"taxonomy":"product_cat","embeddable":true,"href":"https:\/\/www.claret.cat\/es\/wp-json\/wp\/v2\/product_cat?post=140019"},{"taxonomy":"product_tag","embeddable":true,"href":"https:\/\/www.claret.cat\/es\/wp-json\/wp\/v2\/product_tag?post=140019"}],"curies":[{"name":"wp","href":"https:\/\/api.w.org\/{rel}","templated":true}]}}