{"id":140022,"date":"2022-10-13T12:56:30","date_gmt":"2022-10-13T10:56:30","guid":{"rendered":"http:\/\/dev.claret.cat\/producte\/tres-dias-en-la-carcel\/"},"modified":"2023-01-28T03:15:44","modified_gmt":"2023-01-28T02:15:44","slug":"tres-dias-en-la-carcel-9788401023637","status":"publish","type":"product","link":"https:\/\/www.claret.cat\/es\/libro\/tres-dias-en-la-carcel-9788401023637\/","title":{"rendered":"TRES D\u00cdAS EN LA C\u00c1RCEL"},"content":{"rendered":"<p>\u00abHe encontrado mi libertad en la c\u00e1rcel.\u00bb  Un di\u00e1logo intenso entre Jordi Cuixart y Gemma Nierga que permite  comprender una figura clave en el actual momento pol\u00edtico. \u00abEl proc\u00e9s afecta emocionalmente a todos los catalanes, tanto si  colgamos banderas en el balc\u00f3n como si nos toman por equidistantes, y  los periodistas debemos intentar tomar distancia y explicar qu\u00e9 est\u00e1  ocurriendo aqu\u00ed y ahora\u00bb, afirma Gemma Nierga. Con esta firme voluntad,  ha podido conversar tres d\u00edas con Jordi Cuixart en un locutorio de la  c\u00e1rcel de Lledoners. Y en un dialogo abierto, con franqueza y  contundencia, el presidente de \u00d2mnium muestra su dimensi\u00f3n humana y tambi\u00e9n la pol\u00edtica. El libro es fruto de estas sesiones que han tenido lugar en un entorno  hostil como el de la c\u00e1rcel y con un cristal que obliga a saludarse como  se hace entre rejas -poniendo las manos a la misma altura, palma contra  palma- y reflejan la excepcionalidad del momento que vivimos. Con  sincera emoci\u00f3n en algunos momentos y sin renunciar a expresar las  opiniones personales, la entrevista aborda la trayectoria personal de  Jordi Cuixart -sus or\u00edgenes familiares y su experiencia profesional-, la  vida en las c\u00e1rceles de Soto del Real y de Lledoners -la convivencia con  los otros presos y momentos duros como la huelga de hambre de algunos de  ellos- y la pol\u00edtica,  desde el papel de \u00d2mnium en la Sociedad catalana  a la manifestaci\u00f3n frente a la Conselleria d&#8221;Economia por la que se le juzga acusado de rebeli\u00f3n. Con extraordinaria transparencia, Jordi Cuixart muestra su personalidad  y su visi\u00f3n de futuro. \u00abHe encontrado mi libertad en la c\u00e1rcel. Soy m\u00e1s  libre dentro de la c\u00e1rcel que la gente que est\u00e1 fuera. Lo soy cuando  hablo de pol\u00edtica, lo soy porque no sufro por los dem\u00e1s\u00bb, afirma. Y  concluye: \u00abDesde un punto de vista pol\u00edtico, pienso en la situaci\u00f3n del  futuro de Catalu\u00f1a. Y debemos tener claro  que la situaci\u00f3n que estamos  viviendo, lamentablemente, va para largo\u00bb. Y para todos los lectores  -\u00abla persona que he conocido es diferente de la persona que esperaba  conocer\u00bb, afirma Gemma Nierga-, el libro ofrece un retrato sorprendente  y el relato alarmante de una experiencia humana y pol\u00edtica extraordinarias. \u00abNo espero el indulto porque pienso que Espa\u00f1a no est\u00e1 preparada para  darlo. Y si llega el indulto, ser\u00e1 una mala noticia para Espa\u00f1a porque  querr\u00e1 decir que se pasa p\u00e1gina y no se resuelve el conflicto. Y este  problema debemos solucionarlo ahora, no lo podemos traspasar a las  pr\u00f3ximas generaciones. Ya lo hemos ido arrastrando de una generaci\u00f3n a  otra durante muchos a\u00f1os. Hab\u00edan dicho que muchas cosas no se pod\u00edan  hacer, pero las hemos hecho: votar el 1 de Octubre, por ejemplo. \u00bfQui\u00e9n  dice que no podemos hacer un refer\u00e9ndum vinculante en el siglo XXI?\u00bb Jordi Cuixart<\/p>\n","protected":false},"excerpt":{"rendered":"<p>CUIXART, JORDI \/ NIERGA, GEMMA<\/p>\n","protected":false},"featured_media":273870,"template":"","meta":{"_acf_changed":false,"om_disable_all_campaigns":false,"rs_blank_template":"","rs_page_bg_color":"","slide_template_v7":"","inline_featured_image":false,"_monsterinsights_skip_tracking":false,"_monsterinsights_sitenote_active":false,"_monsterinsights_sitenote_note":"","_monsterinsights_sitenote_category":0},"product_brand":[],"product_cat":[90,540],"product_tag":[],"class_list":{"0":"post-140022","1":"product","2":"type-product","3":"status-publish","4":"has-post-thumbnail","6":"product_cat-altres","7":"product_cat-otros","9":"first","10":"instock","11":"taxable","12":"shipping-taxable","13":"purchasable","14":"product-type-simple"},"acf":{"editorial":[{"ID":6332,"post_author":"3","post_date":"2022-07-28 17:49:55","post_date_gmt":"2022-07-28 15:49:55","post_content":"","post_title":"PLAZA JANES, S.A.","post_excerpt":"","post_status":"publish","comment_status":"closed","ping_status":"closed","post_password":"","post_name":"plaza-janes-s-a","to_ping":"","pinged":"","post_modified":"2022-07-28 17:49:55","post_modified_gmt":"2022-07-28 15:49:55","post_content_filtered":"","post_parent":0,"guid":"http:\/\/dev.claret.cat\/editorial\/plaza-janes-s-a\/","menu_order":0,"post_type":"editorial","post_mime_type":"","comment_count":"0","filter":"raw"}],"autores-libros":[{"ID":156681,"post_author":"3","post_date":"2022-10-14 15:22:45","post_date_gmt":"2022-10-14 13:22:45","post_content":"","post_title":"GEMMA NIERGA","post_excerpt":"","post_status":"publish","comment_status":"closed","ping_status":"closed","post_password":"","post_name":"gemma-nierga","to_ping":"","pinged":"","post_modified":"2022-10-14 15:22:45","post_modified_gmt":"2022-10-14 13:22:45","post_content_filtered":"","post_parent":0,"guid":"http:\/\/dev.claret.cat\/autor\/gemma-nierga\/","menu_order":0,"post_type":"autor","post_mime_type":"","comment_count":"0","filter":"raw"},{"ID":159880,"post_author":"3","post_date":"2022-10-14 15:48:29","post_date_gmt":"2022-10-14 13:48:29","post_content":"","post_title":"JORDI CUIXART","post_excerpt":"","post_status":"publish","comment_status":"closed","ping_status":"closed","post_password":"","post_name":"jordi-cuixart","to_ping":"","pinged":"","post_modified":"2022-10-14 15:48:29","post_modified_gmt":"2022-10-14 13:48:29","post_content_filtered":"","post_parent":0,"guid":"http:\/\/dev.claret.cat\/autor\/jordi-cuixart\/","menu_order":0,"post_type":"autor","post_mime_type":"","comment_count":"0","filter":"raw"}],"autor":"CUIXART, JORDI \/ NIERGA, GEMMA","codart":"840102363","libros-coleccion":"OBRAS DIVERSAS","ediciones":"1","encuadernacion":"R\u00fastica","fecha_de_publicacion":"01\/02\/2019","novedad":"1","paginas":"206","subtitulo":"UN DI\u00c1LOGO SIN MUROS","orden":"0","portada":"0","idioma":"spa"},"aioseo_notices":[],"_links":{"self":[{"href":"https:\/\/www.claret.cat\/es\/wp-json\/wp\/v2\/product\/140022","targetHints":{"allow":["GET"]}}],"collection":[{"href":"https:\/\/www.claret.cat\/es\/wp-json\/wp\/v2\/product"}],"about":[{"href":"https:\/\/www.claret.cat\/es\/wp-json\/wp\/v2\/types\/product"}],"wp:featuredmedia":[{"embeddable":true,"href":"https:\/\/www.claret.cat\/es\/wp-json\/wp\/v2\/media\/273870"}],"wp:attachment":[{"href":"https:\/\/www.claret.cat\/es\/wp-json\/wp\/v2\/media?parent=140022"}],"wp:term":[{"taxonomy":"product_brand","embeddable":true,"href":"https:\/\/www.claret.cat\/es\/wp-json\/wp\/v2\/product_brand?post=140022"},{"taxonomy":"product_cat","embeddable":true,"href":"https:\/\/www.claret.cat\/es\/wp-json\/wp\/v2\/product_cat?post=140022"},{"taxonomy":"product_tag","embeddable":true,"href":"https:\/\/www.claret.cat\/es\/wp-json\/wp\/v2\/product_tag?post=140022"}],"curies":[{"name":"wp","href":"https:\/\/api.w.org\/{rel}","templated":true}]}}