{"id":140064,"date":"2022-10-13T12:57:10","date_gmt":"2022-10-13T10:57:10","guid":{"rendered":"http:\/\/dev.claret.cat\/producte\/mujeres-espiritualidad-y-liderazgo-de-la-mistica-a-la-accion\/"},"modified":"2024-05-02T08:27:30","modified_gmt":"2024-05-02T06:27:30","slug":"mujeres-espiritualidad-y-liderazgo-de-la-mistica-a-la-accion-9788428556255","status":"publish","type":"product","link":"https:\/\/www.claret.cat\/es\/libro\/mujeres-espiritualidad-y-liderazgo-de-la-mistica-a-la-accion-9788428556255\/","title":{"rendered":"MUJERES, ESPIRITUALIDAD Y LIDERAZGO. DE LA M\u00cdSTICA A LA ACCI\u00d3N"},"content":{"rendered":"<p>A lo largo de la historia muchas mujeres creyentes han vivido experiencias m\u00edsticas profundas y transformadoras. Tener una fe madura, que cambia desde dentro, deriva en consecuencias que afectan diariamente a la vida de las personas, y que las mujeres creyentes miran con ojos diferentes, por el mismo hecho de ser mujeres. <br \/> \u00abMujeres, espiritualidad y liderazgo\u00bb pretende mostrarnos los diferentes matices e inevitables consecuencias que se derivan de una m\u00edstica de las mujeres que busca mostrar la luz de Dios encarnada en el d\u00eda a d\u00eda para contribuir a la renovaci\u00f3n espiritual del cristianismo desde una perspectiva femenina y feminista de la fe.<br \/> Un encuentro de asociaciones de mujeres cristianas celebrado en Granada en 2016 est\u00e1 en el germen de esta publicaci\u00f3n. Coordinada por la actual presidenta de la Asociaci\u00f3n de Te\u00f3logas Espa\u00f1olas, Silvia Mart\u00ednez Cano, en ella participan tambi\u00e9n Rosario Ramos, Pepa Torres, Mariola L\u00f3pez Villanueva, Pilar Yuste Cabello y Mar\u00eda Luisa Paret, todas ellas prestigiosas te\u00f3logas.<\/p>\n","protected":false},"excerpt":{"rendered":"<p>SOTO VARELA, CARMEN<\/p>\n","protected":false},"featured_media":336042,"template":"","meta":{"_acf_changed":false,"om_disable_all_campaigns":false,"rs_blank_template":"","rs_page_bg_color":"","slide_template_v7":"","inline_featured_image":false,"_monsterinsights_skip_tracking":false,"_monsterinsights_sitenote_active":false,"_monsterinsights_sitenote_note":"","_monsterinsights_sitenote_category":0},"product_brand":[],"product_cat":[345,79,78,344],"product_tag":[],"class_list":{"0":"post-140064","1":"product","2":"type-product","3":"status-publish","4":"has-post-thumbnail","6":"product_cat-espiritualidad","7":"product_cat-espiritualitat","8":"product_cat-pastoral","9":"product_cat-pastoral-1_espiritualidad","11":"first","12":"instock","13":"taxable","14":"shipping-taxable","15":"purchasable","16":"product-type-simple"},"acf":{"editorial":[{"ID":6356,"post_author":"3","post_date":"2022-07-28 17:50:26","post_date_gmt":"2022-07-28 15:50:26","post_content":"","post_title":"SAN PABLO COMUNICACI\u00d3N","post_excerpt":"","post_status":"publish","comment_status":"closed","ping_status":"closed","post_password":"","post_name":"san-pablo-comunicacion","to_ping":"","pinged":"","post_modified":"2022-07-28 17:50:26","post_modified_gmt":"2022-07-28 15:50:26","post_content_filtered":"","post_parent":0,"guid":"http:\/\/dev.claret.cat\/editorial\/san-pablo-comunicacion\/","menu_order":0,"post_type":"editorial","post_mime_type":"","comment_count":"0","filter":"raw"}],"autor":"SOTO VARELA, CARMEN","codart":"842855625","libros-coleccion":"Frontera","ediciones":"1","encuadernacion":"R\u00fastica","fecha_de_publicacion":"25\/02\/2019","novedad":"1","paginas":"168","subtitulo":"DE LA M\u00cdSTICA A LA ACCI\u00d3N","orden":"0","portada":"0","idioma":"spa","autores-libros":[{"ID":152451,"post_author":"3","post_date":"2022-10-14 14:48:52","post_date_gmt":"2022-10-14 12:48:52","post_content":"","post_title":"CARMEN SOTO VARELA","post_excerpt":"","post_status":"publish","comment_status":"closed","ping_status":"closed","post_password":"","post_name":"carmen-soto-varela","to_ping":"","pinged":"","post_modified":"2022-10-14 14:48:52","post_modified_gmt":"2022-10-14 12:48:52","post_content_filtered":"","post_parent":0,"guid":"http:\/\/dev.claret.cat\/autor\/carmen-soto-varela\/","menu_order":0,"post_type":"autor","post_mime_type":"","comment_count":"0","filter":"raw"}]},"aioseo_notices":[],"_links":{"self":[{"href":"https:\/\/www.claret.cat\/es\/wp-json\/wp\/v2\/product\/140064","targetHints":{"allow":["GET"]}}],"collection":[{"href":"https:\/\/www.claret.cat\/es\/wp-json\/wp\/v2\/product"}],"about":[{"href":"https:\/\/www.claret.cat\/es\/wp-json\/wp\/v2\/types\/product"}],"wp:featuredmedia":[{"embeddable":true,"href":"https:\/\/www.claret.cat\/es\/wp-json\/wp\/v2\/media\/336042"}],"wp:attachment":[{"href":"https:\/\/www.claret.cat\/es\/wp-json\/wp\/v2\/media?parent=140064"}],"wp:term":[{"taxonomy":"product_brand","embeddable":true,"href":"https:\/\/www.claret.cat\/es\/wp-json\/wp\/v2\/product_brand?post=140064"},{"taxonomy":"product_cat","embeddable":true,"href":"https:\/\/www.claret.cat\/es\/wp-json\/wp\/v2\/product_cat?post=140064"},{"taxonomy":"product_tag","embeddable":true,"href":"https:\/\/www.claret.cat\/es\/wp-json\/wp\/v2\/product_tag?post=140064"}],"curies":[{"name":"wp","href":"https:\/\/api.w.org\/{rel}","templated":true}]}}