{"id":140079,"date":"2022-10-13T12:57:25","date_gmt":"2022-10-13T10:57:25","guid":{"rendered":"http:\/\/dev.claret.cat\/producte\/esperem-un-bebe\/"},"modified":"2023-01-28T22:52:26","modified_gmt":"2023-01-28T21:52:26","slug":"esperem-un-bebe-9788426145468","status":"publish","type":"product","link":"https:\/\/www.claret.cat\/es\/libro\/esperem-un-bebe-9788426145468\/","title":{"rendered":"ESPEREM UN BEB\u00c8"},"content":{"rendered":"<p>Com es dir\u00e0 el beb\u00e8? I qu\u00e8 far\u00e0? I per a qu\u00e8 necessitem un beb\u00e8? Amb molta tendresa, subtilesa i humor, gr\u00e0cies al talent de dos dels autors m\u00e9s ic\u00f2nics de la literatura infantil, aquesta hist\u00f2ria \u00e9s ideal per a ser explicada a aquells nens que esperen al seu primer germanet.  El llibre est\u00e0 estructurat com una conversa entre un nen i la seva mare, que li explica que estan esperant un beb\u00e8. Al principi, el nen li fa les inevitables preguntes a la seva mare sobre el beb\u00e8: quan arribar\u00e0?, com es dir\u00e0?&#8230; Advertint la gelosia i temors del seu fill, la mare li exposa possibles professions o coses que podrien agradar-li al beb\u00e8: potser vol ser xef o li agradi pintar&#8230; La mam\u00e0 espera que aix\u00ed el seu fill pugui simpatitzar amb la criatura que est\u00e0 per venir, i el petit no deixa d&#8217;imaginar-se el seu futur germanet vivint una infinitat d&#8217;aventures.  La inventiva del nen es plasma en unes entranyables dobles p\u00e0gines en forma de vinyetes sense paraules que recreen les entremaliadures del beb\u00e8, recordant l&#8217;estructura dels c\u00f2mics antics. Tota la hist\u00f2ria es desenvolupa amb el pas de les estacions de fons, podent veure l&#8217;evoluci\u00f3 de l&#8217;embar\u00e0s de la mare al llarg del temps en escenes quotidianes. L&#8217;estil retro del llibre \u00e9s el marc perfecte per a aquesta hist\u00f2ria d&#8217;inter\u00e8s atemporal i per al desplegament de talent d&#8217;aquests dos autors que nom\u00e9s conjuntament podrien oferir-nos un regal com aquest.<\/p>\n","protected":false},"excerpt":{"rendered":"<p>BURNINGHAM, JOHN<\/p>\n","protected":false},"featured_media":140080,"template":"","meta":{"_acf_changed":false,"om_disable_all_campaigns":false,"rs_blank_template":"","rs_page_bg_color":"","slide_template_v7":"","inline_featured_image":false,"_monsterinsights_skip_tracking":false,"_monsterinsights_sitenote_active":false,"_monsterinsights_sitenote_note":"","_monsterinsights_sitenote_category":0},"product_brand":[],"product_cat":[86],"product_tag":[],"class_list":{"0":"post-140079","1":"product","2":"type-product","3":"status-publish","4":"has-post-thumbnail","6":"product_cat-infantil","8":"first","9":"instock","10":"taxable","11":"shipping-taxable","12":"purchasable","13":"product-type-simple"},"acf":{"editorial":[{"ID":6226,"post_author":"3","post_date":"2022-07-28 17:47:36","post_date_gmt":"2022-07-28 15:47:36","post_content":"","post_title":"EDITORIAL JUVENTUD","post_excerpt":"","post_status":"publish","comment_status":"closed","ping_status":"closed","post_password":"","post_name":"editorial-juventud","to_ping":"","pinged":"","post_modified":"2022-07-28 17:47:36","post_modified_gmt":"2022-07-28 15:47:36","post_content_filtered":"","post_parent":0,"guid":"http:\/\/dev.claret.cat\/editorial\/editorial-juventud\/","menu_order":0,"post_type":"editorial","post_mime_type":"","comment_count":"0","filter":"raw"}],"autor":"BURNINGHAM, JOHN","codart":"842614546","libros-coleccion":"\u00c1lbumes ilustrados","ediciones":"1","encuadernacion":"Carton\u00e9","fecha_de_publicacion":"01\/02\/2019","novedad":"1","paginas":"46","subtitulo":"","orden":"0","portada":"0","idioma":"cat","autores-libros":[{"ID":159619,"post_author":"3","post_date":"2022-10-14 15:46:20","post_date_gmt":"2022-10-14 13:46:20","post_content":"","post_title":"JOHN BURNINGHAM","post_excerpt":"","post_status":"publish","comment_status":"closed","ping_status":"closed","post_password":"","post_name":"john-burningham","to_ping":"","pinged":"","post_modified":"2022-10-14 15:46:20","post_modified_gmt":"2022-10-14 13:46:20","post_content_filtered":"","post_parent":0,"guid":"http:\/\/dev.claret.cat\/autor\/john-burningham\/","menu_order":0,"post_type":"autor","post_mime_type":"","comment_count":"0","filter":"raw"}]},"aioseo_notices":[],"_links":{"self":[{"href":"https:\/\/www.claret.cat\/es\/wp-json\/wp\/v2\/product\/140079","targetHints":{"allow":["GET"]}}],"collection":[{"href":"https:\/\/www.claret.cat\/es\/wp-json\/wp\/v2\/product"}],"about":[{"href":"https:\/\/www.claret.cat\/es\/wp-json\/wp\/v2\/types\/product"}],"wp:featuredmedia":[{"embeddable":true,"href":"https:\/\/www.claret.cat\/es\/wp-json\/wp\/v2\/media\/140080"}],"wp:attachment":[{"href":"https:\/\/www.claret.cat\/es\/wp-json\/wp\/v2\/media?parent=140079"}],"wp:term":[{"taxonomy":"product_brand","embeddable":true,"href":"https:\/\/www.claret.cat\/es\/wp-json\/wp\/v2\/product_brand?post=140079"},{"taxonomy":"product_cat","embeddable":true,"href":"https:\/\/www.claret.cat\/es\/wp-json\/wp\/v2\/product_cat?post=140079"},{"taxonomy":"product_tag","embeddable":true,"href":"https:\/\/www.claret.cat\/es\/wp-json\/wp\/v2\/product_tag?post=140079"}],"curies":[{"name":"wp","href":"https:\/\/api.w.org\/{rel}","templated":true}]}}