{"id":140082,"date":"2022-10-13T12:57:28","date_gmt":"2022-10-13T10:57:28","guid":{"rendered":"http:\/\/dev.claret.cat\/producte\/esperamos-a-un-bebe\/"},"modified":"2025-03-26T18:01:31","modified_gmt":"2025-03-26T17:01:31","slug":"esperamos-a-un-bebe-9788426145451","status":"publish","type":"product","link":"https:\/\/www.claret.cat\/es\/libro\/esperamos-a-un-bebe-9788426145451\/","title":{"rendered":"ESPERAMOS A UN BEB\u00c9"},"content":{"rendered":"<p>\u00bfC\u00f3mo se llamar\u00e1 el beb\u00e9? \u00bfY qu\u00e9 har\u00e1? \u00bfY para qu\u00e9 necesitamos un beb\u00e9? Con mucha ternura, sutileza y humor, gracias al talento de dos de los autores m\u00e1s ic\u00f3nicos de la literatura infantil, esta historia es ideal para ser contada a aquellos ni\u00f1os que esperan a su primer hermanito.  El libro est\u00e1 estructurado como una conversaci\u00f3n entre un ni\u00f1o y su mam\u00e1, que le explica que est\u00e1n esperando a un beb\u00e9. Al principio, el ni\u00f1o le hace las inevitables preguntas a su madre sobre el beb\u00e9: cu\u00e1ndo llegar\u00e1, c\u00f3mo se va a llamar&#8230; Advirtiendo los celos y temores de su hijo, la mam\u00e1 le expone posibles profesiones o cosas que podr\u00edan gustarle al beb\u00e9: quiz\u00e1 quiera ser chef o le guste pintar&#8230; La mam\u00e1 espera que as\u00ed su hijo pueda simpatizar con la criatura que est\u00e1 por venir, y el peque\u00f1o no cesa de imaginarse a su futuro hermanito viviendo un sinf\u00edn de aventuras.  La inventiva del ni\u00f1o se plasma en unas entra\u00f1ables dobles p\u00e1ginas en forma de vi\u00f1etas sin palabras que recrean las travesuras del beb\u00e9, recordando la estructura de los c\u00f3mics de anta\u00f1o. Toda la historia se desarrolla con el paso de las estaciones de fondo, pudiendo ver la evoluci\u00f3n del embarazo de la mam\u00e1 a lo largo del tiempo en escenas cotidianas. El estilo retro del libro es el marco perfecto para esta historia de inter\u00e9s atemporal y para el despliegue de talento de estos dos autores que solo conjuntamente podr\u00edan ofrecernos un regalo como este.<\/p>\n","protected":false},"excerpt":{"rendered":"<p>BURNINGHAM, JOHN<\/p>\n","protected":false},"featured_media":1014323,"template":"","meta":{"_acf_changed":false,"om_disable_all_campaigns":false,"rs_blank_template":"","rs_page_bg_color":"","slide_template_v7":"","inline_featured_image":false,"_monsterinsights_skip_tracking":false,"_monsterinsights_sitenote_active":false,"_monsterinsights_sitenote_note":"","_monsterinsights_sitenote_category":0},"product_brand":[],"product_cat":[131,361,86,352],"product_tag":[],"class_list":{"0":"post-140082","1":"product","2":"type-product","3":"status-publish","4":"has-post-thumbnail","6":"product_cat-contes-per-infants-0-6-anys","7":"product_cat-cuentos-para-ninos-0-6-anos","8":"product_cat-infantil","9":"product_cat-infantil-3_infantil-juvenil-spa","11":"first","12":"instock","13":"taxable","14":"shipping-taxable","15":"purchasable","16":"product-type-simple"},"acf":{"editorial":[{"ID":6226,"post_author":"3","post_date":"2022-07-28 17:47:36","post_date_gmt":"2022-07-28 15:47:36","post_content":"","post_title":"EDITORIAL JUVENTUD","post_excerpt":"","post_status":"publish","comment_status":"closed","ping_status":"closed","post_password":"","post_name":"editorial-juventud","to_ping":"","pinged":"","post_modified":"2022-07-28 17:47:36","post_modified_gmt":"2022-07-28 15:47:36","post_content_filtered":"","post_parent":0,"guid":"http:\/\/dev.claret.cat\/editorial\/editorial-juventud\/","menu_order":0,"post_type":"editorial","post_mime_type":"","comment_count":"0","filter":"raw"}],"autor":"BURNINGHAM, JOHN","codart":"842614545","libros-coleccion":"\u00c1lbumes ilustrados","ediciones":"1","encuadernacion":"Carton\u00e9","fecha_de_publicacion":"01\/02\/2019","novedad":"1","paginas":"46","subtitulo":"","orden":"0","portada":"0","idioma":"spa","autores-libros":[{"ID":159619,"post_author":"3","post_date":"2022-10-14 15:46:20","post_date_gmt":"2022-10-14 13:46:20","post_content":"","post_title":"JOHN BURNINGHAM","post_excerpt":"","post_status":"publish","comment_status":"closed","ping_status":"closed","post_password":"","post_name":"john-burningham","to_ping":"","pinged":"","post_modified":"2022-10-14 15:46:20","post_modified_gmt":"2022-10-14 13:46:20","post_content_filtered":"","post_parent":0,"guid":"http:\/\/dev.claret.cat\/autor\/john-burningham\/","menu_order":0,"post_type":"autor","post_mime_type":"","comment_count":"0","filter":"raw"}]},"aioseo_notices":[],"_links":{"self":[{"href":"https:\/\/www.claret.cat\/es\/wp-json\/wp\/v2\/product\/140082","targetHints":{"allow":["GET"]}}],"collection":[{"href":"https:\/\/www.claret.cat\/es\/wp-json\/wp\/v2\/product"}],"about":[{"href":"https:\/\/www.claret.cat\/es\/wp-json\/wp\/v2\/types\/product"}],"wp:featuredmedia":[{"embeddable":true,"href":"https:\/\/www.claret.cat\/es\/wp-json\/wp\/v2\/media\/1014323"}],"wp:attachment":[{"href":"https:\/\/www.claret.cat\/es\/wp-json\/wp\/v2\/media?parent=140082"}],"wp:term":[{"taxonomy":"product_brand","embeddable":true,"href":"https:\/\/www.claret.cat\/es\/wp-json\/wp\/v2\/product_brand?post=140082"},{"taxonomy":"product_cat","embeddable":true,"href":"https:\/\/www.claret.cat\/es\/wp-json\/wp\/v2\/product_cat?post=140082"},{"taxonomy":"product_tag","embeddable":true,"href":"https:\/\/www.claret.cat\/es\/wp-json\/wp\/v2\/product_tag?post=140082"}],"curies":[{"name":"wp","href":"https:\/\/api.w.org\/{rel}","templated":true}]}}