{"id":140133,"date":"2022-10-13T12:58:17","date_gmt":"2022-10-13T10:58:17","guid":{"rendered":"http:\/\/dev.claret.cat\/producte\/la-guerra-civil-espanola-en-50-lugares\/"},"modified":"2023-01-28T04:23:15","modified_gmt":"2023-01-28T03:23:15","slug":"la-guerra-civil-espanola-en-50-lugares-9788494832192","status":"publish","type":"product","link":"https:\/\/www.claret.cat\/es\/libro\/la-guerra-civil-espanola-en-50-lugares-9788494832192\/","title":{"rendered":"LA GUERRA CIVIL ESPA\u00d1OLA EN 50 LUGARES"},"content":{"rendered":"<p>Con el estilo did\u00e1ctico y ameno que caracteriza sus ensayos, en las p\u00e1ginas de La Guerra Civil espa\u00f1ola en 50 lugares, el escritor Jos\u00e9 Luis Hern\u00e1ndez Garvi nos propone un recorrido por escenarios que fueron trascendentales en el desarrollo de una contienda que fractur\u00f3 y desangr\u00f3 Espa\u00f1a. A lo largo del viaje nos ser\u00e1 revelada la historia desconocida y dram\u00e1tica de muchos de estos enclaves, junto a los cuales se desarrollan ahora nuestras vidas cotidianas en libertad.<br \/> En las p\u00e1ginas de La Guerra Civil espa\u00f1ola en 50 lugares, la fuerza descriptiva del autor transmite una emoci\u00f3n que no deja indiferente al lector.<\/p>\n<p> El autor:<br \/> Jos\u00e9 Luis Hern\u00e1ndez Garvi (Madrid, 1966) es escritor y divulgador hist\u00f3rico. Publica reportajes y art\u00edculos habitualmente en las p\u00e1ginas de revistas como Historia de Iberia Vieja, Muy Historia o Revista Espa\u00f1ola de Historia Militar. Adem\u00e1s, colabora en varios medios de comunicaci\u00f3n y son destacadas sus apariciones televisivas en el programa Cuarto Milenio, de Cuatro. Es autor de los libros Ocultismo y misterios esot\u00e9ricos del franquismo, Breve historia de Franco, Episodios ocultos del franquismo o Glorias y miserias imperiales, entre otros.<\/p>\n","protected":false},"excerpt":{"rendered":"<p>HERN\u00c1NDEZ GARVI, JOS\u00c9 LUIS<\/p>\n","protected":false},"featured_media":140134,"template":"","meta":{"_acf_changed":false,"om_disable_all_campaigns":false,"rs_blank_template":"","rs_page_bg_color":"","slide_template_v7":"","inline_featured_image":false,"_monsterinsights_skip_tracking":false,"_monsterinsights_sitenote_active":false,"_monsterinsights_sitenote_note":"","_monsterinsights_sitenote_category":0},"product_brand":[],"product_cat":[85],"product_tag":[],"class_list":{"0":"post-140133","1":"product","2":"type-product","3":"status-publish","4":"has-post-thumbnail","6":"product_cat-historia","8":"first","9":"instock","10":"taxable","11":"shipping-taxable","12":"purchasable","13":"product-type-simple"},"acf":{"editorial":[{"ID":147794,"post_author":"3","post_date":"2022-10-14 11:53:16","post_date_gmt":"2022-10-14 09:53:16","post_content":"","post_title":"Ediciones Cydonia SL","post_excerpt":"","post_status":"publish","comment_status":"closed","ping_status":"closed","post_password":"","post_name":"ediciones-cydonia-sl","to_ping":"","pinged":"","post_modified":"2022-10-14 11:53:16","post_modified_gmt":"2022-10-14 09:53:16","post_content_filtered":"","post_parent":0,"guid":"http:\/\/dev.claret.cat\/editorial\/ediciones-cydonia-sl\/","menu_order":0,"post_type":"editorial","post_mime_type":"","comment_count":"0","filter":"raw"}],"autor":"HERN\u00c1NDEZ GARVI, JOS\u00c9 LUIS","codart":"849483219","libros-coleccion":"Viajar","ediciones":"1","encuadernacion":"R\u00fastica","fecha_de_publicacion":"01\/02\/2019","novedad":"1","paginas":"343","subtitulo":"","orden":"0","portada":"0","idioma":"spa","autores-libros":[{"ID":160335,"post_author":"3","post_date":"2022-10-14 15:52:14","post_date_gmt":"2022-10-14 13:52:14","post_content":"","post_title":"JOS\u00c9 LUIS HERN\u00c1NDEZ GARVI","post_excerpt":"","post_status":"publish","comment_status":"closed","ping_status":"closed","post_password":"","post_name":"jose-luis-hernandez-garvi","to_ping":"","pinged":"","post_modified":"2022-10-14 15:52:14","post_modified_gmt":"2022-10-14 13:52:14","post_content_filtered":"","post_parent":0,"guid":"http:\/\/dev.claret.cat\/autor\/jose-luis-hernandez-garvi\/","menu_order":0,"post_type":"autor","post_mime_type":"","comment_count":"0","filter":"raw"}]},"aioseo_notices":[],"_links":{"self":[{"href":"https:\/\/www.claret.cat\/es\/wp-json\/wp\/v2\/product\/140133","targetHints":{"allow":["GET"]}}],"collection":[{"href":"https:\/\/www.claret.cat\/es\/wp-json\/wp\/v2\/product"}],"about":[{"href":"https:\/\/www.claret.cat\/es\/wp-json\/wp\/v2\/types\/product"}],"wp:featuredmedia":[{"embeddable":true,"href":"https:\/\/www.claret.cat\/es\/wp-json\/wp\/v2\/media\/140134"}],"wp:attachment":[{"href":"https:\/\/www.claret.cat\/es\/wp-json\/wp\/v2\/media?parent=140133"}],"wp:term":[{"taxonomy":"product_brand","embeddable":true,"href":"https:\/\/www.claret.cat\/es\/wp-json\/wp\/v2\/product_brand?post=140133"},{"taxonomy":"product_cat","embeddable":true,"href":"https:\/\/www.claret.cat\/es\/wp-json\/wp\/v2\/product_cat?post=140133"},{"taxonomy":"product_tag","embeddable":true,"href":"https:\/\/www.claret.cat\/es\/wp-json\/wp\/v2\/product_tag?post=140133"}],"curies":[{"name":"wp","href":"https:\/\/api.w.org\/{rel}","templated":true}]}}