{"id":140199,"date":"2022-10-13T12:59:20","date_gmt":"2022-10-13T10:59:20","guid":{"rendered":"http:\/\/dev.claret.cat\/producte\/els-supertafaners-ho-volen-saber-tot-sobre-sant-jordi\/"},"modified":"2023-01-28T17:11:39","modified_gmt":"2023-01-28T16:11:39","slug":"els-supertafaners-ho-volen-saber-tot-sobre-sant-jordi-9788499743042","status":"publish","type":"product","link":"https:\/\/www.claret.cat\/es\/libro\/els-supertafaners-ho-volen-saber-tot-sobre-sant-jordi-9788499743042\/","title":{"rendered":"ELS SUPERTAFANERS HO VOLEN SABER TOT SOBRE SANT JORDI"},"content":{"rendered":"<p>Tots comencem a tremolar quan un Supertafaner ens mira directament als ulls i obre la boca per dir&#8230; Sant Jordi va n\u00e9ixer a Montblanc? \u00c9s veritat que els dracs tenen l&#8217;al\u00e8 pudent? Sant Jordi i la princesa es van casar? Nom\u00e9s pots regalar una rosa si est\u00e0s enamorat? Si \u00e9s una festa tan important, no hauria d&#8217;estar tot tancat com si fos Nadal?&#8230; <br \/> Aquestes preguntes i moltes m\u00e9s per con\u00e8ixer tot el que cal saber sobre una de les festes m\u00e9s importants de Catalunya: Sant Jordi, el dia 23 d&#8217;abril. <br \/> Un llibre divertit per saber-ho tot sobre sant Jordi, amb unes il\u00b7lustracions plenes de vivacitat i humor, on es presenten sant Jordi, el drac, la princesa i molts altres personatges en les situacions m\u00e9s inversemblants<\/p>\n","protected":false},"excerpt":{"rendered":"<p>VOX EDITORIAL<\/p>\n","protected":false},"featured_media":140200,"template":"","meta":{"_acf_changed":false,"om_disable_all_campaigns":false,"rs_blank_template":"","rs_page_bg_color":"","slide_template_v7":"","inline_featured_image":false,"_monsterinsights_skip_tracking":false,"_monsterinsights_sitenote_active":false,"_monsterinsights_sitenote_note":"","_monsterinsights_sitenote_category":0},"product_brand":[],"product_cat":[86],"product_tag":[],"class_list":{"0":"post-140199","1":"product","2":"type-product","3":"status-publish","4":"has-post-thumbnail","6":"product_cat-infantil","8":"first","9":"instock","10":"taxable","11":"shipping-taxable","12":"purchasable","13":"product-type-simple"},"acf":{"editorial":[{"ID":6393,"post_author":"3","post_date":"2022-07-28 17:51:11","post_date_gmt":"2022-07-28 15:51:11","post_content":"","post_title":"VOX","post_excerpt":"","post_status":"publish","comment_status":"closed","ping_status":"closed","post_password":"","post_name":"vox","to_ping":"","pinged":"","post_modified":"2022-07-28 17:51:11","post_modified_gmt":"2022-07-28 15:51:11","post_content_filtered":"","post_parent":0,"guid":"http:\/\/dev.claret.cat\/editorial\/vox\/","menu_order":0,"post_type":"editorial","post_mime_type":"","comment_count":"0","filter":"raw"}],"autores-libros":[{"ID":6084,"post_author":"3","post_date":"2022-07-28 17:37:48","post_date_gmt":"2022-07-28 15:37:48","post_content":"","post_title":"VOX EDITORIAL","post_excerpt":"","post_status":"publish","comment_status":"closed","ping_status":"closed","post_password":"","post_name":"vox-editorial","to_ping":"","pinged":"","post_modified":"2022-07-28 17:37:48","post_modified_gmt":"2022-07-28 15:37:48","post_content_filtered":"","post_parent":0,"guid":"http:\/\/dev.claret.cat\/autor\/vox-editorial\/","menu_order":0,"post_type":"autor","post_mime_type":"","comment_count":"0","filter":"raw"}],"autor":"VOX EDITORIAL","codart":"849974304","libros-coleccion":"Vox - Infantil \/ Juvenil - Catal\u00e0 - A Pa","ediciones":"1","encuadernacion":"Carton\u00e9","fecha_de_publicacion":"01\/02\/2019","novedad":"1","paginas":"64","subtitulo":"","orden":"0","portada":"0","idioma":"cat"},"aioseo_notices":[],"_links":{"self":[{"href":"https:\/\/www.claret.cat\/es\/wp-json\/wp\/v2\/product\/140199","targetHints":{"allow":["GET"]}}],"collection":[{"href":"https:\/\/www.claret.cat\/es\/wp-json\/wp\/v2\/product"}],"about":[{"href":"https:\/\/www.claret.cat\/es\/wp-json\/wp\/v2\/types\/product"}],"wp:featuredmedia":[{"embeddable":true,"href":"https:\/\/www.claret.cat\/es\/wp-json\/wp\/v2\/media\/140200"}],"wp:attachment":[{"href":"https:\/\/www.claret.cat\/es\/wp-json\/wp\/v2\/media?parent=140199"}],"wp:term":[{"taxonomy":"product_brand","embeddable":true,"href":"https:\/\/www.claret.cat\/es\/wp-json\/wp\/v2\/product_brand?post=140199"},{"taxonomy":"product_cat","embeddable":true,"href":"https:\/\/www.claret.cat\/es\/wp-json\/wp\/v2\/product_cat?post=140199"},{"taxonomy":"product_tag","embeddable":true,"href":"https:\/\/www.claret.cat\/es\/wp-json\/wp\/v2\/product_tag?post=140199"}],"curies":[{"name":"wp","href":"https:\/\/api.w.org\/{rel}","templated":true}]}}