{"id":140274,"date":"2022-10-13T13:00:33","date_gmt":"2022-10-13T11:00:33","guid":{"rendered":"http:\/\/dev.claret.cat\/producte\/el-viaje-de-brocoli\/"},"modified":"2023-01-28T03:52:32","modified_gmt":"2023-01-28T02:52:32","slug":"el-viaje-de-brocoli-9788417123864","status":"publish","type":"product","link":"https:\/\/www.claret.cat\/es\/libro\/el-viaje-de-brocoli-9788417123864\/","title":{"rendered":"EL VIAJE DE BR\u00d3COLI"},"content":{"rendered":"<p>\u00a1No queremos comer Br\u00f3coli! A estos polluelos no les gusta comer verdura, pero la historia de la gallina Margarita les har\u00e1 re\u00edr\u2026 Comer verduras puede ser muy divertido.<\/p>\n","protected":false},"excerpt":{"rendered":"<p>SERRANO, PILAR \/ BARUZZI, AGNESE<\/p>\n","protected":false},"featured_media":140275,"template":"","meta":{"_acf_changed":false,"om_disable_all_campaigns":false,"rs_blank_template":"","rs_page_bg_color":"","slide_template_v7":"","inline_featured_image":false,"_monsterinsights_skip_tracking":false,"_monsterinsights_sitenote_active":false,"_monsterinsights_sitenote_note":"","_monsterinsights_sitenote_category":0},"product_brand":[],"product_cat":[87],"product_tag":[],"class_list":{"0":"post-140274","1":"product","2":"type-product","3":"status-publish","4":"has-post-thumbnail","6":"product_cat-literatura","8":"first","9":"instock","10":"taxable","11":"shipping-taxable","12":"purchasable","13":"product-type-simple"},"acf":{"autor":"SERRANO, PILAR \/ BARUZZI, AGNESE","codart":"841712386","libros-coleccion":"Somos8","ediciones":"1","encuadernacion":"Carton\u00e9","fecha_de_publicacion":"01\/04\/2019","novedad":"1","paginas":"0","subtitulo":"","orden":"0","portada":"0","idioma":"spa","editorial":[{"ID":148592,"post_author":"3","post_date":"2022-10-14 11:59:27","post_date_gmt":"2022-10-14 09:59:27","post_content":"","post_title":"NUBEOCHO","post_excerpt":"","post_status":"publish","comment_status":"closed","ping_status":"closed","post_password":"","post_name":"nubeocho","to_ping":"","pinged":"","post_modified":"2022-10-14 11:59:27","post_modified_gmt":"2022-10-14 09:59:27","post_content_filtered":"","post_parent":0,"guid":"http:\/\/dev.claret.cat\/editorial\/nubeocho\/","menu_order":0,"post_type":"editorial","post_mime_type":"","comment_count":"0","filter":"raw"}],"autores-libros":[{"ID":167335,"post_author":"3","post_date":"2022-10-14 18:10:23","post_date_gmt":"2022-10-14 16:10:23","post_content":"","post_title":"PILAR SERRANO","post_excerpt":"","post_status":"publish","comment_status":"closed","ping_status":"closed","post_password":"","post_name":"pilar-serrano","to_ping":"","pinged":"","post_modified":"2022-10-14 18:10:23","post_modified_gmt":"2022-10-14 16:10:23","post_content_filtered":"","post_parent":0,"guid":"http:\/\/dev.claret.cat\/autor\/pilar-serrano\/","menu_order":0,"post_type":"autor","post_mime_type":"","comment_count":"0","filter":"raw"},{"ID":149228,"post_author":"3","post_date":"2022-10-14 14:23:11","post_date_gmt":"2022-10-14 12:23:11","post_content":"","post_title":"AGNESE BARUZZI","post_excerpt":"","post_status":"publish","comment_status":"closed","ping_status":"closed","post_password":"","post_name":"agnese-baruzzi","to_ping":"","pinged":"","post_modified":"2022-10-14 14:23:11","post_modified_gmt":"2022-10-14 12:23:11","post_content_filtered":"","post_parent":0,"guid":"http:\/\/dev.claret.cat\/autor\/agnese-baruzzi\/","menu_order":0,"post_type":"autor","post_mime_type":"","comment_count":"0","filter":"raw"}]},"aioseo_notices":[],"_links":{"self":[{"href":"https:\/\/www.claret.cat\/es\/wp-json\/wp\/v2\/product\/140274","targetHints":{"allow":["GET"]}}],"collection":[{"href":"https:\/\/www.claret.cat\/es\/wp-json\/wp\/v2\/product"}],"about":[{"href":"https:\/\/www.claret.cat\/es\/wp-json\/wp\/v2\/types\/product"}],"wp:featuredmedia":[{"embeddable":true,"href":"https:\/\/www.claret.cat\/es\/wp-json\/wp\/v2\/media\/140275"}],"wp:attachment":[{"href":"https:\/\/www.claret.cat\/es\/wp-json\/wp\/v2\/media?parent=140274"}],"wp:term":[{"taxonomy":"product_brand","embeddable":true,"href":"https:\/\/www.claret.cat\/es\/wp-json\/wp\/v2\/product_brand?post=140274"},{"taxonomy":"product_cat","embeddable":true,"href":"https:\/\/www.claret.cat\/es\/wp-json\/wp\/v2\/product_cat?post=140274"},{"taxonomy":"product_tag","embeddable":true,"href":"https:\/\/www.claret.cat\/es\/wp-json\/wp\/v2\/product_tag?post=140274"}],"curies":[{"name":"wp","href":"https:\/\/api.w.org\/{rel}","templated":true}]}}