{"id":140361,"date":"2022-10-13T13:01:49","date_gmt":"2022-10-13T11:01:49","guid":{"rendered":"http:\/\/dev.claret.cat\/producte\/estocolmo-de-cerca\/"},"modified":"2023-01-28T19:37:58","modified_gmt":"2023-01-28T18:37:58","slug":"estocolmo-de-cerca-9788408182733","status":"publish","type":"product","link":"https:\/\/www.claret.cat\/es\/libro\/estocolmo-de-cerca-9788408182733\/","title":{"rendered":"ESTOCOLMO DE CERCA"},"content":{"rendered":"<p>Los vecinos de Estocolmo llaman a su ciudad Belleza sobre el agua. Sin embargo, a pesar de su espectacular casco antiguo, Gamla Stan, la capital sueca no es una pieza de museo: es moderna, din\u00e1mica y cambiante. Es una urbe de obsesos gastr\u00f3nomos, con el dise\u00f1o como norma en todos los aspectos de la vida. Con esta gu\u00eda compacta el viajero podr\u00e1 sacar el m\u00e1ximo partido a esta ciudad repleta de atractivos.<\/p>\n","protected":false},"excerpt":{"rendered":"<p>OHLSEN, BECKY \/ RAWLINGS-WAY, CHARLES<\/p>\n","protected":false},"featured_media":140362,"template":"","meta":{"_acf_changed":false,"om_disable_all_campaigns":false,"rs_blank_template":"","rs_page_bg_color":"","slide_template_v7":"","inline_featured_image":false,"_monsterinsights_skip_tracking":false,"_monsterinsights_sitenote_active":false,"_monsterinsights_sitenote_note":"","_monsterinsights_sitenote_category":0},"product_brand":[],"product_cat":[107],"product_tag":[],"class_list":{"0":"post-140361","1":"product","2":"type-product","3":"status-publish","4":"has-post-thumbnail","6":"product_cat-guies-de-viatge","8":"first","9":"instock","10":"taxable","11":"shipping-taxable","12":"purchasable","13":"product-type-simple"},"acf":{"editorial":[{"ID":148207,"post_author":"3","post_date":"2022-10-14 11:56:28","post_date_gmt":"2022-10-14 09:56:28","post_content":"","post_title":"GeoPlaneta","post_excerpt":"","post_status":"publish","comment_status":"closed","ping_status":"closed","post_password":"","post_name":"geoplaneta","to_ping":"","pinged":"","post_modified":"2022-10-14 11:56:28","post_modified_gmt":"2022-10-14 09:56:28","post_content_filtered":"","post_parent":0,"guid":"http:\/\/dev.claret.cat\/editorial\/geoplaneta\/","menu_order":0,"post_type":"editorial","post_mime_type":"","comment_count":"0","filter":"raw"}],"autores-libros":[{"ID":151471,"post_author":"3","post_date":"2022-10-14 14:41:09","post_date_gmt":"2022-10-14 12:41:09","post_content":"","post_title":"BECKY OHLSEN","post_excerpt":"","post_status":"publish","comment_status":"closed","ping_status":"closed","post_password":"","post_name":"becky-ohlsen","to_ping":"","pinged":"","post_modified":"2022-10-14 14:41:09","post_modified_gmt":"2022-10-14 12:41:09","post_content_filtered":"","post_parent":0,"guid":"http:\/\/dev.claret.cat\/autor\/becky-ohlsen\/","menu_order":0,"post_type":"autor","post_mime_type":"","comment_count":"0","filter":"raw"},{"ID":152774,"post_author":"3","post_date":"2022-10-14 14:51:28","post_date_gmt":"2022-10-14 12:51:28","post_content":"","post_title":"CHARLES RAWLINGS-WAY","post_excerpt":"","post_status":"publish","comment_status":"closed","ping_status":"closed","post_password":"","post_name":"charles-rawlings-way","to_ping":"","pinged":"","post_modified":"2022-10-14 14:51:28","post_modified_gmt":"2022-10-14 12:51:28","post_content_filtered":"","post_parent":0,"guid":"http:\/\/dev.claret.cat\/autor\/charles-rawlings-way\/","menu_order":0,"post_type":"autor","post_mime_type":"","comment_count":"0","filter":"raw"}],"autor":"OHLSEN, BECKY \/ RAWLINGS-WAY, CHARLES","codart":"840818273","libros-coleccion":"GU\u00cdAS DE CERCA","ediciones":"1","encuadernacion":"R\u00fastica","fecha_de_publicacion":"01\/09\/2018","novedad":"1","paginas":"160","subtitulo":"","orden":"0","portada":"0","idioma":"spa"},"aioseo_notices":[],"_links":{"self":[{"href":"https:\/\/www.claret.cat\/es\/wp-json\/wp\/v2\/product\/140361","targetHints":{"allow":["GET"]}}],"collection":[{"href":"https:\/\/www.claret.cat\/es\/wp-json\/wp\/v2\/product"}],"about":[{"href":"https:\/\/www.claret.cat\/es\/wp-json\/wp\/v2\/types\/product"}],"wp:featuredmedia":[{"embeddable":true,"href":"https:\/\/www.claret.cat\/es\/wp-json\/wp\/v2\/media\/140362"}],"wp:attachment":[{"href":"https:\/\/www.claret.cat\/es\/wp-json\/wp\/v2\/media?parent=140361"}],"wp:term":[{"taxonomy":"product_brand","embeddable":true,"href":"https:\/\/www.claret.cat\/es\/wp-json\/wp\/v2\/product_brand?post=140361"},{"taxonomy":"product_cat","embeddable":true,"href":"https:\/\/www.claret.cat\/es\/wp-json\/wp\/v2\/product_cat?post=140361"},{"taxonomy":"product_tag","embeddable":true,"href":"https:\/\/www.claret.cat\/es\/wp-json\/wp\/v2\/product_tag?post=140361"}],"curies":[{"name":"wp","href":"https:\/\/api.w.org\/{rel}","templated":true}]}}