{"id":140379,"date":"2022-10-13T13:02:04","date_gmt":"2022-10-13T11:02:04","guid":{"rendered":"http:\/\/dev.claret.cat\/producte\/creados-para-la-grandeza\/"},"modified":"2026-01-19T12:10:09","modified_gmt":"2026-01-19T11:10:09","slug":"creados-para-la-grandeza-9788431333553","status":"publish","type":"product","link":"https:\/\/www.claret.cat\/es\/libro\/creados-para-la-grandeza-9788431333553\/","title":{"rendered":"CREADOS PARA LA GRANDEZA"},"content":{"rendered":"<p>Creados para la Grandeza ahonda en la ense\u00f1anza sobre la virtud de la magnanimidad. Una virtud capaz de establecer el tono de toda tu vida, transformarla, darle un nuevo significado y conducir al crecimiento de tu personalidad. La magnanimidad es la voluntad de emprender grandes tareas; es la fuente de la grandeza humana. Junto con la humildad, es una virtud espec\u00edfica para los verdaderos l\u00edderes, guiados por el deseo de alcanzar la grandeza, resaltando la grandeza de los dem\u00e1s. Completo con pasos pr\u00e1cticos y puntos para el examen personal, este libro no solo te inspirar\u00e1, sino que te situar\u00e1 firmemente en el camino hacia una vida m\u00e1s magn\u00e1nima, m\u00e1s plena.<\/p>\n","protected":false},"excerpt":{"rendered":"<p>ALEXANDRE HAVARD HAVARD<\/p>\n","protected":false},"featured_media":140380,"template":"","meta":{"_acf_changed":false,"om_disable_all_campaigns":false,"rs_blank_template":"","rs_page_bg_color":"","slide_template_v7":"","inline_featured_image":false,"_monsterinsights_skip_tracking":false,"_monsterinsights_sitenote_active":false,"_monsterinsights_sitenote_note":"","_monsterinsights_sitenote_category":0},"product_brand":[],"product_cat":[345,79],"product_tag":[],"class_list":{"0":"post-140379","1":"product","2":"type-product","3":"status-publish","4":"has-post-thumbnail","6":"product_cat-espiritualidad","7":"product_cat-espiritualitat","9":"first","10":"instock","11":"taxable","12":"shipping-taxable","13":"purchasable","14":"product-type-simple"},"acf":{"editorial":[{"ID":6251,"post_author":"3","post_date":"2022-07-28 17:48:11","post_date_gmt":"2022-07-28 15:48:11","post_content":"","post_title":"EUNSA. EDICIONES UNIVERSIDAD DE NAVARRA","post_excerpt":"","post_status":"publish","comment_status":"closed","ping_status":"closed","post_password":"","post_name":"eunsa-ediciones-universidad-de-navarra","to_ping":"","pinged":"","post_modified":"2022-07-28 17:48:11","post_modified_gmt":"2022-07-28 15:48:11","post_content_filtered":"","post_parent":0,"guid":"http:\/\/dev.claret.cat\/editorial\/eunsa-ediciones-universidad-de-navarra\/","menu_order":0,"post_type":"editorial","post_mime_type":"","comment_count":"0","filter":"raw"}],"autor":"ALEXANDRE HAVARD HAVARD","codart":"843133355","libros-coleccion":"Persona y Cultura","ediciones":"1","encuadernacion":"R\u00fastica","fecha_de_publicacion":"01\/02\/2019","novedad":"1","paginas":"124","subtitulo":"","orden":"0","portada":"0","idioma":"spa","autores-libros":[{"ID":149714,"post_author":"3","post_date":"2022-10-14 14:27:07","post_date_gmt":"2022-10-14 12:27:07","post_content":"","post_title":"ALEXANDRE HAVARD HAVARD","post_excerpt":"","post_status":"publish","comment_status":"closed","ping_status":"closed","post_password":"","post_name":"alexandre-havard-havard","to_ping":"","pinged":"","post_modified":"2022-10-14 14:27:07","post_modified_gmt":"2022-10-14 12:27:07","post_content_filtered":"","post_parent":0,"guid":"http:\/\/dev.claret.cat\/autor\/alexandre-havard-havard\/","menu_order":0,"post_type":"autor","post_mime_type":"","comment_count":"0","filter":"raw"}],"booktrailer":"","resenas":""},"aioseo_notices":[],"_links":{"self":[{"href":"https:\/\/www.claret.cat\/es\/wp-json\/wp\/v2\/product\/140379","targetHints":{"allow":["GET"]}}],"collection":[{"href":"https:\/\/www.claret.cat\/es\/wp-json\/wp\/v2\/product"}],"about":[{"href":"https:\/\/www.claret.cat\/es\/wp-json\/wp\/v2\/types\/product"}],"wp:featuredmedia":[{"embeddable":true,"href":"https:\/\/www.claret.cat\/es\/wp-json\/wp\/v2\/media\/140380"}],"wp:attachment":[{"href":"https:\/\/www.claret.cat\/es\/wp-json\/wp\/v2\/media?parent=140379"}],"wp:term":[{"taxonomy":"product_brand","embeddable":true,"href":"https:\/\/www.claret.cat\/es\/wp-json\/wp\/v2\/product_brand?post=140379"},{"taxonomy":"product_cat","embeddable":true,"href":"https:\/\/www.claret.cat\/es\/wp-json\/wp\/v2\/product_cat?post=140379"},{"taxonomy":"product_tag","embeddable":true,"href":"https:\/\/www.claret.cat\/es\/wp-json\/wp\/v2\/product_tag?post=140379"}],"curies":[{"name":"wp","href":"https:\/\/api.w.org\/{rel}","templated":true}]}}