{"id":140427,"date":"2022-10-13T13:02:42","date_gmt":"2022-10-13T11:02:42","guid":{"rendered":"http:\/\/dev.claret.cat\/producte\/las-aventuras-de-hercules\/"},"modified":"2025-02-04T17:59:30","modified_gmt":"2025-02-04T16:59:30","slug":"las-aventuras-de-hercules-9788491871286","status":"publish","type":"product","link":"https:\/\/www.claret.cat\/es\/libro\/las-aventuras-de-hercules-9788491871286\/","title":{"rendered":"LAS AVENTURAS DE H\u00c9RCULES"},"content":{"rendered":"<p>Mientras esperaba el regreso de su marido Anfitri\u00f3n, Alc\u00admena fue enga\u00f1ada por Zeus y qued\u00f3 embarazada. Fruto de la uni\u00f3n entre el dios y la mortal nace H\u00e9rcules, que est\u00e1 llamado a convertirse en un h\u00e9roe legendario. Dota\u00addo de una fuerza extraordinaria, el semidi\u00f3s se ver\u00e1 obli\u00adgado desde la cuna a luchar constantemente contra la ad\u00adversidad y el odio que siente hacia \u00e9l Hera, la celosa mujer de Zeus.<\/p>\n","protected":false},"excerpt":{"rendered":"<p>SOUVIRON GUIJO, BERNARDO<\/p>\n","protected":false},"featured_media":140428,"template":"","meta":{"_acf_changed":false,"om_disable_all_campaigns":false,"rs_blank_template":"","rs_page_bg_color":"","slide_template_v7":"","inline_featured_image":false,"_monsterinsights_skip_tracking":false,"_monsterinsights_sitenote_active":false,"_monsterinsights_sitenote_note":"","_monsterinsights_sitenote_category":0},"product_brand":[],"product_cat":[87,353],"product_tag":[],"class_list":{"0":"post-140427","1":"product","2":"type-product","3":"status-publish","4":"has-post-thumbnail","6":"product_cat-literatura","7":"product_cat-literatura-2_humanidades","9":"first","10":"instock","11":"taxable","12":"shipping-taxable","13":"purchasable","14":"product-type-simple"},"acf":{"editorial":[{"ID":148737,"post_author":"3","post_date":"2022-10-14 12:00:35","post_date_gmt":"2022-10-14 10:00:35","post_content":"","post_title":"RBA Libros","post_excerpt":"","post_status":"publish","comment_status":"closed","ping_status":"closed","post_password":"","post_name":"rba-libros","to_ping":"","pinged":"","post_modified":"2022-10-14 12:00:35","post_modified_gmt":"2022-10-14 10:00:35","post_content_filtered":"","post_parent":0,"guid":"http:\/\/dev.claret.cat\/editorial\/rba-libros\/","menu_order":0,"post_type":"editorial","post_mime_type":"","comment_count":"0","filter":"raw"}],"autor":"SOUVIRON GUIJO, BERNARDO","codart":"849187128","libros-coleccion":"FICCION GENERAL","ediciones":"1","encuadernacion":"R\u00fastica","fecha_de_publicacion":"01\/02\/2019","novedad":"1","paginas":"264","subtitulo":"","orden":"0","portada":"0","idioma":"spa","autores-libros":[{"ID":151629,"post_author":"3","post_date":"2022-10-14 14:42:23","post_date_gmt":"2022-10-14 12:42:23","post_content":"","post_title":"BERNARDO SOUVIR\u00d3N GUIJO","post_excerpt":"","post_status":"publish","comment_status":"closed","ping_status":"closed","post_password":"","post_name":"bernardo-souviron-guijo","to_ping":"","pinged":"","post_modified":"2022-10-14 14:42:23","post_modified_gmt":"2022-10-14 12:42:23","post_content_filtered":"","post_parent":0,"guid":"http:\/\/dev.claret.cat\/autor\/bernardo-souviron-guijo\/","menu_order":0,"post_type":"autor","post_mime_type":"","comment_count":"0","filter":"raw"}]},"aioseo_notices":[],"_links":{"self":[{"href":"https:\/\/www.claret.cat\/es\/wp-json\/wp\/v2\/product\/140427","targetHints":{"allow":["GET"]}}],"collection":[{"href":"https:\/\/www.claret.cat\/es\/wp-json\/wp\/v2\/product"}],"about":[{"href":"https:\/\/www.claret.cat\/es\/wp-json\/wp\/v2\/types\/product"}],"wp:featuredmedia":[{"embeddable":true,"href":"https:\/\/www.claret.cat\/es\/wp-json\/wp\/v2\/media\/140428"}],"wp:attachment":[{"href":"https:\/\/www.claret.cat\/es\/wp-json\/wp\/v2\/media?parent=140427"}],"wp:term":[{"taxonomy":"product_brand","embeddable":true,"href":"https:\/\/www.claret.cat\/es\/wp-json\/wp\/v2\/product_brand?post=140427"},{"taxonomy":"product_cat","embeddable":true,"href":"https:\/\/www.claret.cat\/es\/wp-json\/wp\/v2\/product_cat?post=140427"},{"taxonomy":"product_tag","embeddable":true,"href":"https:\/\/www.claret.cat\/es\/wp-json\/wp\/v2\/product_tag?post=140427"}],"curies":[{"name":"wp","href":"https:\/\/api.w.org\/{rel}","templated":true}]}}