{"id":140433,"date":"2022-10-13T13:02:47","date_gmt":"2022-10-13T11:02:47","guid":{"rendered":"http:\/\/dev.claret.cat\/producte\/el-arbol-magico-el-arbol-muy-muy-lejano-2\/"},"modified":"2025-04-07T12:51:55","modified_gmt":"2025-04-07T10:51:55","slug":"el-arbol-magico-el-arbol-muy-muy-lejano-2-9788427211094","status":"publish","type":"product","link":"https:\/\/www.claret.cat\/es\/libro\/el-arbol-magico-el-arbol-muy-muy-lejano-2-9788427211094\/","title":{"rendered":"EL \u00c1RBOL M\u00c1GICO (EL \u00c1RBOL MUY MUY LEJANO 2)"},"content":{"rendered":"<p>Joe, Beth y Frannie est\u00e1n esperando al primo Rick. \u00a1Qu\u00e9 divertido! En cuanto llegue lo llevar\u00e1n al Bosque Encantado para que conozca al hada Seditas, al sabio Cara de Luna y al se\u00f1or Cazuelas, pero ya sab\u00e9is que las aventuras siempre se complican en El \u00e1rbol muy muy lejano. \u00bfA qu\u00e9 mundos ir\u00e1n a parar? Los maravillosos mundos de El \u00e1rbol muy muy lejano, un cl\u00e1sico entra\u00f1able de Enid Blyton en una nueva edici\u00f3n ilustrada.<\/p>\n","protected":false},"excerpt":{"rendered":"<p>BLYTON ENID<\/p>\n","protected":false},"featured_media":997028,"template":"","meta":{"_acf_changed":false,"om_disable_all_campaigns":false,"rs_blank_template":"","rs_page_bg_color":"","slide_template_v7":"","inline_featured_image":false,"_monsterinsights_skip_tracking":false,"_monsterinsights_sitenote_active":false,"_monsterinsights_sitenote_note":"","_monsterinsights_sitenote_category":0},"product_brand":[],"product_cat":[86,352],"product_tag":[],"class_list":{"0":"post-140433","1":"product","2":"type-product","3":"status-publish","4":"has-post-thumbnail","6":"product_cat-infantil","7":"product_cat-infantil-3_infantil-juvenil-spa","9":"first","10":"outofstock","11":"taxable","12":"shipping-taxable","13":"purchasable","14":"product-type-simple"},"acf":{"editorial":[{"ID":6346,"post_author":"3","post_date":"2022-07-28 17:50:13","post_date_gmt":"2022-07-28 15:50:13","post_content":"","post_title":"RBA Molino","post_excerpt":"","post_status":"publish","comment_status":"closed","ping_status":"closed","post_password":"","post_name":"rba-molino","to_ping":"","pinged":"","post_modified":"2022-07-28 17:50:13","post_modified_gmt":"2022-07-28 15:50:13","post_content_filtered":"","post_parent":0,"guid":"http:\/\/dev.claret.cat\/editorial\/rba-molino\/","menu_order":0,"post_type":"editorial","post_mime_type":"","comment_count":"0","filter":"raw"}],"autor":"BLYTON ENID","codart":"842721109","libros-coleccion":"INOLVIDABLES","ediciones":"1","encuadernacion":"Carton\u00e9","fecha_de_publicacion":"01\/02\/2019","novedad":"0","paginas":"253","subtitulo":"","orden":"0","portada":"0","idioma":"spa","autores-libros":[{"ID":151777,"post_author":"3","post_date":"2022-10-14 14:43:33","post_date_gmt":"2022-10-14 12:43:33","post_content":"","post_title":"BLYTON ENID","post_excerpt":"","post_status":"publish","comment_status":"closed","ping_status":"closed","post_password":"","post_name":"blyton-enid","to_ping":"","pinged":"","post_modified":"2022-10-14 14:43:33","post_modified_gmt":"2022-10-14 12:43:33","post_content_filtered":"","post_parent":0,"guid":"http:\/\/dev.claret.cat\/autor\/blyton-enid\/","menu_order":0,"post_type":"autor","post_mime_type":"","comment_count":"0","filter":"raw"}]},"aioseo_notices":[],"_links":{"self":[{"href":"https:\/\/www.claret.cat\/es\/wp-json\/wp\/v2\/product\/140433","targetHints":{"allow":["GET"]}}],"collection":[{"href":"https:\/\/www.claret.cat\/es\/wp-json\/wp\/v2\/product"}],"about":[{"href":"https:\/\/www.claret.cat\/es\/wp-json\/wp\/v2\/types\/product"}],"wp:featuredmedia":[{"embeddable":true,"href":"https:\/\/www.claret.cat\/es\/wp-json\/wp\/v2\/media\/997028"}],"wp:attachment":[{"href":"https:\/\/www.claret.cat\/es\/wp-json\/wp\/v2\/media?parent=140433"}],"wp:term":[{"taxonomy":"product_brand","embeddable":true,"href":"https:\/\/www.claret.cat\/es\/wp-json\/wp\/v2\/product_brand?post=140433"},{"taxonomy":"product_cat","embeddable":true,"href":"https:\/\/www.claret.cat\/es\/wp-json\/wp\/v2\/product_cat?post=140433"},{"taxonomy":"product_tag","embeddable":true,"href":"https:\/\/www.claret.cat\/es\/wp-json\/wp\/v2\/product_tag?post=140433"}],"curies":[{"name":"wp","href":"https:\/\/api.w.org\/{rel}","templated":true}]}}