{"id":140484,"date":"2022-10-13T13:03:29","date_gmt":"2022-10-13T11:03:29","guid":{"rendered":"http:\/\/dev.claret.cat\/producte\/un-llibre-cartro\/"},"modified":"2023-01-28T16:24:55","modified_gmt":"2023-01-28T15:24:55","slug":"un-llibre-cartro-9788466145183","status":"publish","type":"product","link":"https:\/\/www.claret.cat\/es\/libro\/un-llibre-cartro-9788466145183\/","title":{"rendered":"UN LLIBRE (CARTR\u00d3)"},"content":{"rendered":"<p>Llibre d&#8221;observaci\u00f3 i atenci\u00f3 que, a cada p\u00e0gina, d\u00f3na instruccions al lector sobre qu\u00e8 ha de fer.<\/p>\n","protected":false},"excerpt":{"rendered":"<p>TULLET, HERV\u00c9<\/p>\n","protected":false},"featured_media":140485,"template":"","meta":{"_acf_changed":false,"om_disable_all_campaigns":false,"rs_blank_template":"","rs_page_bg_color":"","slide_template_v7":"","inline_featured_image":false,"_monsterinsights_skip_tracking":false,"_monsterinsights_sitenote_active":false,"_monsterinsights_sitenote_note":"","_monsterinsights_sitenote_category":0},"product_brand":[],"product_cat":[86],"product_tag":[],"class_list":{"0":"post-140484","1":"product","2":"type-product","3":"status-publish","4":"has-post-thumbnail","6":"product_cat-infantil","8":"first","9":"instock","10":"taxable","11":"shipping-taxable","12":"purchasable","13":"product-type-simple"},"acf":{"autor":"TULLET, HERV\u00c9","codart":"846614518","libros-coleccion":"SENSE COL\u00b7LECCIO","ediciones":"1","encuadernacion":"Carpeta","fecha_de_publicacion":"01\/02\/2019","novedad":"1","paginas":"0","subtitulo":"","orden":"0","portada":"0","idioma":"cat","editorial":[{"ID":147679,"post_author":"3","post_date":"2022-10-14 11:52:25","post_date_gmt":"2022-10-14 09:52:25","post_content":"","post_title":"CRUILLA \/SM-EDICIONS -VALENCIANO\/CATALAN","post_excerpt":"","post_status":"publish","comment_status":"closed","ping_status":"closed","post_password":"","post_name":"cruilla-sm-edicions-valenciano-catalan","to_ping":"","pinged":"","post_modified":"2022-10-14 11:52:25","post_modified_gmt":"2022-10-14 09:52:25","post_content_filtered":"","post_parent":0,"guid":"http:\/\/dev.claret.cat\/editorial\/cruilla-sm-edicions-valenciano-catalan\/","menu_order":0,"post_type":"editorial","post_mime_type":"","comment_count":"0","filter":"raw"}],"autores-libros":[{"ID":157577,"post_author":"3","post_date":"2022-10-14 15:29:56","post_date_gmt":"2022-10-14 13:29:56","post_content":"","post_title":"HERV\u00c9 TULLET","post_excerpt":"","post_status":"publish","comment_status":"closed","ping_status":"closed","post_password":"","post_name":"herve-tullet","to_ping":"","pinged":"","post_modified":"2022-10-14 15:29:56","post_modified_gmt":"2022-10-14 13:29:56","post_content_filtered":"","post_parent":0,"guid":"http:\/\/dev.claret.cat\/autor\/herve-tullet\/","menu_order":0,"post_type":"autor","post_mime_type":"","comment_count":"0","filter":"raw"}]},"aioseo_notices":[],"_links":{"self":[{"href":"https:\/\/www.claret.cat\/es\/wp-json\/wp\/v2\/product\/140484","targetHints":{"allow":["GET"]}}],"collection":[{"href":"https:\/\/www.claret.cat\/es\/wp-json\/wp\/v2\/product"}],"about":[{"href":"https:\/\/www.claret.cat\/es\/wp-json\/wp\/v2\/types\/product"}],"wp:featuredmedia":[{"embeddable":true,"href":"https:\/\/www.claret.cat\/es\/wp-json\/wp\/v2\/media\/140485"}],"wp:attachment":[{"href":"https:\/\/www.claret.cat\/es\/wp-json\/wp\/v2\/media?parent=140484"}],"wp:term":[{"taxonomy":"product_brand","embeddable":true,"href":"https:\/\/www.claret.cat\/es\/wp-json\/wp\/v2\/product_brand?post=140484"},{"taxonomy":"product_cat","embeddable":true,"href":"https:\/\/www.claret.cat\/es\/wp-json\/wp\/v2\/product_cat?post=140484"},{"taxonomy":"product_tag","embeddable":true,"href":"https:\/\/www.claret.cat\/es\/wp-json\/wp\/v2\/product_tag?post=140484"}],"curies":[{"name":"wp","href":"https:\/\/api.w.org\/{rel}","templated":true}]}}