{"id":140616,"date":"2022-10-13T13:05:15","date_gmt":"2022-10-13T11:05:15","guid":{"rendered":"http:\/\/dev.claret.cat\/producte\/feliz-de-aprender-en-la-escuela\/"},"modified":"2023-01-28T23:32:07","modified_gmt":"2023-01-28T22:32:07","slug":"feliz-de-aprender-en-la-escuela-9788417338299","status":"publish","type":"product","link":"https:\/\/www.claret.cat\/es\/libro\/feliz-de-aprender-en-la-escuela-9788417338299\/","title":{"rendered":"FELIZ DE APRENDER EN LA ESCUELA"},"content":{"rendered":"<p>Todos los ni\u00f1os sienten, en los primeros a\u00f1os de su vida, una  necesidad innata de aprender. Sin embargo, son muchos los que al llegar  a la escuela frenan su creatividad, parecen no encajar y muestran s\u00edntomas de ansiedad y de frustraci\u00f3n. \u00bfQu\u00e9 est\u00e1 pasando? Para Catherine Gueguen, pediatra, especialista en comunicaci\u00f3n no verbal  y un nombre de referencia en la educaci\u00f3n de los m\u00e1s peque\u00f1os, la causa  se halla en un modelo educativo obsoleto, centrado en las relaciones de  poder, la disciplina y el castigo, y eso, para el cerebro de un ni\u00f1o  -maleable, inmaduro y fr\u00e1gil en grado sumo-, es tremendamente perjudicial. En opini\u00f3n de Gueguen, la \u00fanica forma de cambiar el sistema es  replantear, y sobre todo reivindicar, la figura del profesor, y la clave  para ello es la empat\u00eda. El profesor debe fomentar por encima de todo la empat\u00eda: &#8211; escuchar, &#8211; respetar &#8211; y animar al alumno a expresar sus emociones, sean estas buenas o malas. En definitiva, hacer del aula un lugar donde el ni\u00f1o o el adolescente se sienta seguro, valorado y querido. El resultado, como demuestran los cientos de estudios cient\u00edficos y los  testimonios que acompa\u00f1an a este libro, no puede ser m\u00e1s alentador: el  ni\u00f1o no solo se siente m\u00e1s contento, m\u00e1s comprometido y participativo en el aula, sino que su rendimiento escolar tambi\u00e9n mejora.<\/p>\n","protected":false},"excerpt":{"rendered":"<p>GUEGUEN, CATHERINE<\/p>\n","protected":false},"featured_media":140617,"template":"","meta":{"_acf_changed":false,"om_disable_all_campaigns":false,"rs_blank_template":"","rs_page_bg_color":"","slide_template_v7":"","inline_featured_image":false,"_monsterinsights_skip_tracking":false,"_monsterinsights_sitenote_active":false,"_monsterinsights_sitenote_note":"","_monsterinsights_sitenote_category":0},"product_brand":[],"product_cat":[82],"product_tag":[],"class_list":{"0":"post-140616","1":"product","2":"type-product","3":"status-publish","4":"has-post-thumbnail","6":"product_cat-pedagogia","8":"first","9":"instock","10":"taxable","11":"shipping-taxable","12":"purchasable","13":"product-type-simple"},"acf":{"autor":"GUEGUEN, CATHERINE","codart":"841733829","libros-coleccion":"Embarazo, beb\u00e9 y ni\u00f1o","ediciones":"1","encuadernacion":"R\u00fastica","fecha_de_publicacion":"01\/02\/2019","novedad":"1","paginas":"351","subtitulo":"","orden":"0","portada":"0","idioma":"spa","editorial":[{"ID":148228,"post_author":"3","post_date":"2022-10-14 11:56:37","post_date_gmt":"2022-10-14 09:56:37","post_content":"","post_title":"GRIJALBO ILUSTRADOS","post_excerpt":"","post_status":"publish","comment_status":"closed","ping_status":"closed","post_password":"","post_name":"grijalbo-ilustrados","to_ping":"","pinged":"","post_modified":"2022-10-14 11:56:37","post_modified_gmt":"2022-10-14 09:56:37","post_content_filtered":"","post_parent":0,"guid":"http:\/\/dev.claret.cat\/editorial\/grijalbo-ilustrados\/","menu_order":0,"post_type":"editorial","post_mime_type":"","comment_count":"0","filter":"raw"}],"autores-libros":[{"ID":152590,"post_author":"3","post_date":"2022-10-14 14:50:00","post_date_gmt":"2022-10-14 12:50:00","post_content":"","post_title":"CATHERINE GUEGUEN","post_excerpt":"","post_status":"publish","comment_status":"closed","ping_status":"closed","post_password":"","post_name":"catherine-gueguen","to_ping":"","pinged":"","post_modified":"2022-10-14 14:50:00","post_modified_gmt":"2022-10-14 12:50:00","post_content_filtered":"","post_parent":0,"guid":"http:\/\/dev.claret.cat\/autor\/catherine-gueguen\/","menu_order":0,"post_type":"autor","post_mime_type":"","comment_count":"0","filter":"raw"}]},"aioseo_notices":[],"_links":{"self":[{"href":"https:\/\/www.claret.cat\/es\/wp-json\/wp\/v2\/product\/140616","targetHints":{"allow":["GET"]}}],"collection":[{"href":"https:\/\/www.claret.cat\/es\/wp-json\/wp\/v2\/product"}],"about":[{"href":"https:\/\/www.claret.cat\/es\/wp-json\/wp\/v2\/types\/product"}],"wp:featuredmedia":[{"embeddable":true,"href":"https:\/\/www.claret.cat\/es\/wp-json\/wp\/v2\/media\/140617"}],"wp:attachment":[{"href":"https:\/\/www.claret.cat\/es\/wp-json\/wp\/v2\/media?parent=140616"}],"wp:term":[{"taxonomy":"product_brand","embeddable":true,"href":"https:\/\/www.claret.cat\/es\/wp-json\/wp\/v2\/product_brand?post=140616"},{"taxonomy":"product_cat","embeddable":true,"href":"https:\/\/www.claret.cat\/es\/wp-json\/wp\/v2\/product_cat?post=140616"},{"taxonomy":"product_tag","embeddable":true,"href":"https:\/\/www.claret.cat\/es\/wp-json\/wp\/v2\/product_tag?post=140616"}],"curies":[{"name":"wp","href":"https:\/\/api.w.org\/{rel}","templated":true}]}}