{"id":140619,"date":"2022-10-13T13:05:18","date_gmt":"2022-10-13T11:05:18","guid":{"rendered":"http:\/\/dev.claret.cat\/producte\/evolucion-futuros-genios\/"},"modified":"2023-01-28T03:34:07","modified_gmt":"2023-01-28T02:34:07","slug":"evolucion-futuros-genios-9788448851927","status":"publish","type":"product","link":"https:\/\/www.claret.cat\/es\/libro\/evolucion-futuros-genios-9788448851927\/","title":{"rendered":"EVOLUCI\u00d3N (FUTUROS GENIOS)"},"content":{"rendered":"<p>\u00a1Descubre los secretos de la ciencia con \u00abFuturos Genios\u00bb! El pollo Darwin se siente el animal m\u00e1s chiquito de la granja y querr\u00eda ser grande y fuerte como un dinosaurio. \u00a1Acompa\u00f1a a Valentina en esta aventura sobre la historia evolutiva y  descubre c\u00f3mo consigue que el pollo Darwin se sienta finalmente orgulloso de su especie! \u00abFuturos Genios\u00bb es una colecci\u00f3n pensada para compartir un momento  de lectura y aprendizaje en familia. A trav\u00e9s de ilustraciones sencillas y divertidas, Carlos Pazos, divulgador cient\u00edfico conocido por su blog  Mola Saber, explica las nociones b\u00e1sicas de conceptos cient\u00edficos generales y da respuestas -comprensibles para grandes y peque\u00f1os- a preguntas que todos nos hemos planteado alguna vez.<\/p>\n","protected":false},"excerpt":{"rendered":"<p>PAZOS, CARLOS<\/p>\n","protected":false},"featured_media":140620,"template":"","meta":{"_acf_changed":false,"om_disable_all_campaigns":false,"rs_blank_template":"","rs_page_bg_color":"","slide_template_v7":"","inline_featured_image":false,"_monsterinsights_skip_tracking":false,"_monsterinsights_sitenote_active":false,"_monsterinsights_sitenote_note":"","_monsterinsights_sitenote_category":0},"product_brand":[],"product_cat":[86],"product_tag":[],"class_list":{"0":"post-140619","1":"product","2":"type-product","3":"status-publish","4":"has-post-thumbnail","6":"product_cat-infantil","8":"first","9":"instock","10":"taxable","11":"shipping-taxable","12":"purchasable","13":"product-type-simple"},"acf":{"editorial":[{"ID":6141,"post_author":"3","post_date":"2022-07-28 17:45:46","post_date_gmt":"2022-07-28 15:45:46","post_content":"","post_title":"BEASCOA","post_excerpt":"","post_status":"publish","comment_status":"closed","ping_status":"closed","post_password":"","post_name":"beascoa","to_ping":"","pinged":"","post_modified":"2022-07-28 17:45:46","post_modified_gmt":"2022-07-28 15:45:46","post_content_filtered":"","post_parent":0,"guid":"http:\/\/dev.claret.cat\/editorial\/beascoa\/","menu_order":0,"post_type":"editorial","post_mime_type":"","comment_count":"0","filter":"raw"}],"autor":"PAZOS, CARLOS","codart":"844885192","libros-coleccion":"Peque\u00f1os creativos","ediciones":"1","encuadernacion":"Carton\u00e9","fecha_de_publicacion":"01\/02\/2019","novedad":"1","paginas":"24","subtitulo":"","orden":"0","portada":"0","idioma":"spa","autores-libros":[{"ID":152302,"post_author":"3","post_date":"2022-10-14 14:47:41","post_date_gmt":"2022-10-14 12:47:41","post_content":"","post_title":"CARLOS PAZOS","post_excerpt":"","post_status":"publish","comment_status":"closed","ping_status":"closed","post_password":"","post_name":"carlos-pazos","to_ping":"","pinged":"","post_modified":"2022-10-14 14:47:41","post_modified_gmt":"2022-10-14 12:47:41","post_content_filtered":"","post_parent":0,"guid":"http:\/\/dev.claret.cat\/autor\/carlos-pazos\/","menu_order":0,"post_type":"autor","post_mime_type":"","comment_count":"0","filter":"raw"}]},"aioseo_notices":[],"_links":{"self":[{"href":"https:\/\/www.claret.cat\/es\/wp-json\/wp\/v2\/product\/140619","targetHints":{"allow":["GET"]}}],"collection":[{"href":"https:\/\/www.claret.cat\/es\/wp-json\/wp\/v2\/product"}],"about":[{"href":"https:\/\/www.claret.cat\/es\/wp-json\/wp\/v2\/types\/product"}],"wp:featuredmedia":[{"embeddable":true,"href":"https:\/\/www.claret.cat\/es\/wp-json\/wp\/v2\/media\/140620"}],"wp:attachment":[{"href":"https:\/\/www.claret.cat\/es\/wp-json\/wp\/v2\/media?parent=140619"}],"wp:term":[{"taxonomy":"product_brand","embeddable":true,"href":"https:\/\/www.claret.cat\/es\/wp-json\/wp\/v2\/product_brand?post=140619"},{"taxonomy":"product_cat","embeddable":true,"href":"https:\/\/www.claret.cat\/es\/wp-json\/wp\/v2\/product_cat?post=140619"},{"taxonomy":"product_tag","embeddable":true,"href":"https:\/\/www.claret.cat\/es\/wp-json\/wp\/v2\/product_tag?post=140619"}],"curies":[{"name":"wp","href":"https:\/\/api.w.org\/{rel}","templated":true}]}}