{"id":140703,"date":"2022-10-13T13:06:37","date_gmt":"2022-10-13T11:06:37","guid":{"rendered":"http:\/\/dev.claret.cat\/producte\/pequenos-grandes-lectores\/"},"modified":"2023-01-28T00:50:51","modified_gmt":"2023-01-27T23:50:51","slug":"pequenos-grandes-lectores-9788417664022","status":"publish","type":"product","link":"https:\/\/www.claret.cat\/es\/libro\/pequenos-grandes-lectores-9788417664022\/","title":{"rendered":"PEQUE\u00d1OS GRANDES LECTORES"},"content":{"rendered":"<p>El autor de Todos los ni\u00f1os pueden ser Einstein propone un  nuevo m\u00e9todo para potenciar la capacidad de comprensi\u00f3n lectora de tu hijo y evitar el fracaso escolar. \u00abA todos los ni\u00f1os y ni\u00f1as les gusta leer, pero muchos no lo hacen  porque no han aprendido a hacerlo bien.\u00bb, convencido de ello, Fernando  Alberca, en este nuevo libro, defiende c\u00f3mo y cu\u00e1ndo debe aprenderse a  leer y c\u00f3mo puede mejorarse la lectura de adolescentes y adultos. En este libro de Alberca, la idea fuerza es que \u00abs\u00ed se puede\u00bb potenciar  la inteligencia racional y emocional de nuestros hijos, aportando las  herramientas necesarias para solucionar, obst\u00e1culos asociados a la  lectura, a las dificultades que ni\u00f1os, adolescentes y adultos tienen con  esta, ll\u00e1mense dislexia, comprensi\u00f3n lectora, cansancio, lentitud o  lateralidad cruzada, as\u00ed como las consecuencias negativas que estas pueden ocasionar a la autoestima y el fracaso escolar. Los juegos y ejercicios, que se presentan en este libro imprescindible  para mejorar la lectura, han resultado ser muy eficaces y han tenido  efectos extraordinarios en ni\u00f1os y ni\u00f1as zurdos, con dislexia, TDAH, con  lateralidad cruzada, s\u00edndrome de Down, altas capacidades u otras muchas  circunstancias, pero sobre todo con ni\u00f1os y ni\u00f1as y adolescentes que no  presentan obst\u00e1culos visibles y sin embargo no leen con la fluidez y eficacia que podr\u00edan.<\/p>\n","protected":false},"excerpt":{"rendered":"<p>ALBERCA, FERNANDO<\/p>\n","protected":false},"featured_media":140704,"template":"","meta":{"_acf_changed":false,"om_disable_all_campaigns":false,"rs_blank_template":"","rs_page_bg_color":"","slide_template_v7":"","inline_featured_image":false,"_monsterinsights_skip_tracking":false,"_monsterinsights_sitenote_active":false,"_monsterinsights_sitenote_note":"","_monsterinsights_sitenote_category":0},"product_brand":[],"product_cat":[82],"product_tag":[],"class_list":{"0":"post-140703","1":"product","2":"type-product","3":"status-publish","4":"has-post-thumbnail","6":"product_cat-pedagogia","8":"first","9":"instock","10":"taxable","11":"shipping-taxable","12":"purchasable","13":"product-type-simple"},"acf":{"editorial":[{"ID":6391,"post_author":"3","post_date":"2022-07-28 17:51:09","post_date_gmt":"2022-07-28 15:51:09","post_content":"","post_title":"Vergara (Ediciones B)","post_excerpt":"","post_status":"publish","comment_status":"closed","ping_status":"closed","post_password":"","post_name":"vergara-ediciones-b","to_ping":"","pinged":"","post_modified":"2022-07-28 17:51:09","post_modified_gmt":"2022-07-28 15:51:09","post_content_filtered":"","post_parent":0,"guid":"http:\/\/dev.claret.cat\/editorial\/vergara-ediciones-b\/","menu_order":0,"post_type":"editorial","post_mime_type":"","comment_count":"0","filter":"raw"}],"autor":"ALBERCA, FERNANDO","codart":"841766402","libros-coleccion":"LIBRO PR\u00c1CTICO","ediciones":"1","encuadernacion":"R\u00fastica","fecha_de_publicacion":"01\/02\/2019","novedad":"1","paginas":"416","subtitulo":"UN NUEVO M\u00c9TODO PARA POTENCIAR LA CAPACIDAD LECTORA DE TU HIJO Y EVITAR EL FRACA","orden":"0","portada":"0","idioma":"spa","autores-libros":[{"ID":155777,"post_author":"3","post_date":"2022-10-14 15:15:32","post_date_gmt":"2022-10-14 13:15:32","post_content":"","post_title":"FERNANDO ALBERCA","post_excerpt":"","post_status":"publish","comment_status":"closed","ping_status":"closed","post_password":"","post_name":"fernando-alberca","to_ping":"","pinged":"","post_modified":"2022-10-14 15:15:32","post_modified_gmt":"2022-10-14 13:15:32","post_content_filtered":"","post_parent":0,"guid":"http:\/\/dev.claret.cat\/autor\/fernando-alberca\/","menu_order":0,"post_type":"autor","post_mime_type":"","comment_count":"0","filter":"raw"}]},"aioseo_notices":[],"_links":{"self":[{"href":"https:\/\/www.claret.cat\/es\/wp-json\/wp\/v2\/product\/140703","targetHints":{"allow":["GET"]}}],"collection":[{"href":"https:\/\/www.claret.cat\/es\/wp-json\/wp\/v2\/product"}],"about":[{"href":"https:\/\/www.claret.cat\/es\/wp-json\/wp\/v2\/types\/product"}],"wp:featuredmedia":[{"embeddable":true,"href":"https:\/\/www.claret.cat\/es\/wp-json\/wp\/v2\/media\/140704"}],"wp:attachment":[{"href":"https:\/\/www.claret.cat\/es\/wp-json\/wp\/v2\/media?parent=140703"}],"wp:term":[{"taxonomy":"product_brand","embeddable":true,"href":"https:\/\/www.claret.cat\/es\/wp-json\/wp\/v2\/product_brand?post=140703"},{"taxonomy":"product_cat","embeddable":true,"href":"https:\/\/www.claret.cat\/es\/wp-json\/wp\/v2\/product_cat?post=140703"},{"taxonomy":"product_tag","embeddable":true,"href":"https:\/\/www.claret.cat\/es\/wp-json\/wp\/v2\/product_tag?post=140703"}],"curies":[{"name":"wp","href":"https:\/\/api.w.org\/{rel}","templated":true}]}}